{"id":1234,"date":"2023-06-07T07:08:40","date_gmt":"2023-06-07T05:08:40","guid":{"rendered":"https:\/\/vermeerbaltic.eu\/pramoniniai-medienos-smulkintuvas\/"},"modified":"2025-02-06T08:10:31","modified_gmt":"2025-02-06T08:10:31","slug":"pramoniniai-medienos-smulkintuvas","status":"publish","type":"page","link":"https:\/\/vermeerbaltic.eu\/lt\/pramoniniai-medienos-smulkintuvas\/","title":{"rendered":"PRAMONINIAI MEDIENOS SMULKINTUVAI"},"content":{"rendered":"\t\t<div data-elementor-type=\"wp-page\" data-elementor-id=\"1234\" class=\"elementor elementor-1234 elementor-445\" data-elementor-post-type=\"page\">\n\t\t\t\t<div class=\"elementor-element elementor-element-816b31e e-flex e-con-boxed e-con e-parent\" data-id=\"816b31e\" data-element_type=\"container\" data-e-type=\"container\" data-settings=\"{&quot;background_background&quot;:&quot;classic&quot;}\">\n\t\t\t\t\t<div class=\"e-con-inner\">\n\t\t\t\t<div class=\"elementor-element elementor-element-19a5f31 e-transform elementor-invisible elementor-widget elementor-widget-heading\" data-id=\"19a5f31\" data-element_type=\"widget\" data-e-type=\"widget\" data-settings=\"{&quot;_animation&quot;:&quot;fadeInUp&quot;,&quot;_transform_skewX_effect&quot;:{&quot;unit&quot;:&quot;px&quot;,&quot;size&quot;:&quot;&quot;,&quot;sizes&quot;:[]},&quot;_transform_skewX_effect_tablet&quot;:{&quot;unit&quot;:&quot;deg&quot;,&quot;size&quot;:&quot;&quot;,&quot;sizes&quot;:[]},&quot;_transform_skewX_effect_mobile&quot;:{&quot;unit&quot;:&quot;deg&quot;,&quot;size&quot;:&quot;&quot;,&quot;sizes&quot;:[]},&quot;_transform_skewY_effect&quot;:{&quot;unit&quot;:&quot;px&quot;,&quot;size&quot;:&quot;&quot;,&quot;sizes&quot;:[]},&quot;_transform_skewY_effect_tablet&quot;:{&quot;unit&quot;:&quot;deg&quot;,&quot;size&quot;:&quot;&quot;,&quot;sizes&quot;:[]},&quot;_transform_skewY_effect_mobile&quot;:{&quot;unit&quot;:&quot;deg&quot;,&quot;size&quot;:&quot;&quot;,&quot;sizes&quot;:[]}}\" data-widget_type=\"heading.default\">\n\t\t\t\t<div class=\"elementor-widget-container\">\n\t\t\t\t\t<h1 class=\"elementor-heading-title elementor-size-default\">Pramoniniai medienos smulkintuvai<\/h1>\t\t\t\t<\/div>\n\t\t\t\t<\/div>\n\t\t\t\t<div class=\"elementor-element elementor-element-e848b30 elementor-widget elementor-widget-text-editor\" data-id=\"e848b30\" data-element_type=\"widget\" data-e-type=\"widget\" data-widget_type=\"text-editor.default\">\n\t\t\t\t<div class=\"elementor-widget-container\">\n\t\t\t\t\t\t\t\t\t<p>Vermeer medienos smulkintuvai pasi\u017eymi tvirta konstrukcija ir konfig\u016bracij\u0173 \u012fvairove, tod\u0117l puikiai tinka atlikti daugiau vietovi\u0173 tvarkymo darb\u0173, perdirbti komunalines ir buitines atliekas bei gaminti kompost\u0105. Smulkintuvuose gali b\u016bti sumontuoti skirtingo ilgio surinkimo konvejeriai, susmulkintos med\u017eiagos konvejerio auk\u0161tis yra reguliuojamas ir jame gali b\u016bti \u012fmontuoti magnetiniai ritin\u0117liai metalui surinkti. <\/p>\n<p>Savaeigiai vik\u0161riniai smulkintuvai yra manevringi, tod\u0117l juos galima lengvai naudoti nelygaus reljefo vietov\u0117se. Vermeer gaminamuose medienos smulkintuvuose \u012fdiegta nuotolinio valdymo sistema, unikali \u201eSmartGrind\u201c padavimo sistema bei patentuotas dvigubas Vermeer b\u016bgnas. <\/p>\n<p>Stacionariems darbams Vermeer si\u016blo \u012frenginius su elektrine pavara. \u0160ie \u012frenginiai montuojami ant va\u017eiuokl\u0117s be rat\u0173.<\/p>\n\t\t\t\t\t\t\t\t<\/div>\n\t\t\t\t<\/div>\n\t\t\t\t<div class=\"elementor-element elementor-element-4982736 elementor-invisible elementor-widget elementor-widget-button\" data-id=\"4982736\" data-element_type=\"widget\" data-e-type=\"widget\" data-settings=\"{&quot;_animation&quot;:&quot;fadeInUp&quot;,&quot;_animation_delay&quot;:600}\" data-widget_type=\"button.default\">\n\t\t\t\t<div class=\"elementor-widget-container\">\n\t\t\t\t\t\t\t\t\t<div class=\"elementor-button-wrapper\">\n\t\t\t\t\t<a class=\"elementor-button elementor-button-link elementor-size-md\" href=\"https:\/\/www.vermeer.com\/em\/wood-waste\" target=\"_blank\">\n\t\t\t\t\t\t<span class=\"elementor-button-content-wrapper\">\n\t\t\t\t\t\t\t\t\t<span class=\"elementor-button-text\">Daugiau informacijos<\/span>\n\t\t\t\t\t<\/span>\n\t\t\t\t\t<\/a>\n\t\t\t\t<\/div>\n\t\t\t\t\t\t\t\t<\/div>\n\t\t\t\t<\/div>\n\t\t\t\t\t<\/div>\n\t\t\t\t<\/div>\n\t\t<div class=\"elementor-element elementor-element-6ad8fd2 e-flex e-con-boxed e-con e-parent\" data-id=\"6ad8fd2\" data-element_type=\"container\" data-e-type=\"container\" data-settings=\"{&quot;background_background&quot;:&quot;classic&quot;}\">\n\t\t\t\t\t<div class=\"e-con-inner\">\n\t\t\t\t<div class=\"elementor-element elementor-element-aa21334 e-transform elementor-invisible elementor-widget elementor-widget-heading\" data-id=\"aa21334\" data-element_type=\"widget\" data-e-type=\"widget\" data-settings=\"{&quot;_animation&quot;:&quot;fadeInUp&quot;,&quot;_transform_skewX_effect&quot;:{&quot;unit&quot;:&quot;px&quot;,&quot;size&quot;:&quot;&quot;,&quot;sizes&quot;:[]},&quot;_transform_skewX_effect_tablet&quot;:{&quot;unit&quot;:&quot;deg&quot;,&quot;size&quot;:&quot;&quot;,&quot;sizes&quot;:[]},&quot;_transform_skewX_effect_mobile&quot;:{&quot;unit&quot;:&quot;deg&quot;,&quot;size&quot;:&quot;&quot;,&quot;sizes&quot;:[]},&quot;_transform_skewY_effect&quot;:{&quot;unit&quot;:&quot;px&quot;,&quot;size&quot;:&quot;&quot;,&quot;sizes&quot;:[]},&quot;_transform_skewY_effect_tablet&quot;:{&quot;unit&quot;:&quot;deg&quot;,&quot;size&quot;:&quot;&quot;,&quot;sizes&quot;:[]},&quot;_transform_skewY_effect_mobile&quot;:{&quot;unit&quot;:&quot;deg&quot;,&quot;size&quot;:&quot;&quot;,&quot;sizes&quot;:[]}}\" data-widget_type=\"heading.default\">\n\t\t\t\t<div class=\"elementor-widget-container\">\n\t\t\t\t\t<h1 class=\"elementor-heading-title elementor-size-default\">Bunkeriniai smulkintuvai<\/h1>\t\t\t\t<\/div>\n\t\t\t\t<\/div>\n\t\t\t\t<div class=\"elementor-element elementor-element-aea7cad elementor-widget elementor-widget-text-editor\" data-id=\"aea7cad\" data-element_type=\"widget\" data-e-type=\"widget\" data-widget_type=\"text-editor.default\">\n\t\t\t\t<div class=\"elementor-widget-container\">\n\t\t\t\t\t\t\t\t\t<p>Vermeer bunkeriniai smulkintuvai skirti didelio masto vietovi\u0173 tvarkymo darbams ir didesnio skersmens med\u017eiag\u0173 (ypa\u010d med\u017ei\u0173 kelm\u0173) perdirbimui. Vermeer bunkeriniai smulkintuvai turi \u012fdiegtas pa\u017eangias, veiksmingas ir saug\u0105 u\u017etikrinan\u010dias funkcijas. Patentuota dvigubo pjovimo b\u016bgnin\u0117 sistema (duplex drum) u\u017etikrina tinkamiausias darbines savybes ir palengvina technin\u0117s prie\u017ei\u016bros darbus. <\/p>\n\t\t\t\t\t\t\t\t<\/div>\n\t\t\t\t<\/div>\n\t\t\t\t<div class=\"elementor-element elementor-element-242128c elementor-tablet-align-right elementor-mobile-align-left elementor-invisible elementor-widget elementor-widget-button\" data-id=\"242128c\" data-element_type=\"widget\" data-e-type=\"widget\" data-settings=\"{&quot;_animation&quot;:&quot;fadeInUp&quot;,&quot;_animation_delay&quot;:600}\" data-widget_type=\"button.default\">\n\t\t\t\t<div class=\"elementor-widget-container\">\n\t\t\t\t\t\t\t\t\t<div class=\"elementor-button-wrapper\">\n\t\t\t\t\t<a class=\"elementor-button elementor-button-link elementor-size-md\" href=\"https:\/\/www.vermeer.com\/em\/wood-waste\" target=\"_blank\">\n\t\t\t\t\t\t<span class=\"elementor-button-content-wrapper\">\n\t\t\t\t\t\t\t\t\t<span class=\"elementor-button-text\">Daugiau informacijos<\/span>\n\t\t\t\t\t<\/span>\n\t\t\t\t\t<\/a>\n\t\t\t\t<\/div>\n\t\t\t\t\t\t\t\t<\/div>\n\t\t\t\t<\/div>\n\t\t\t\t\t<\/div>\n\t\t\t\t<\/div>\n\t\t\t\t<\/div>\n\t\t","protected":false},"excerpt":{"rendered":"<p>Pramoniniai medienos smulkintuvai Vermeer medienos smulkintuvai pasi\u017eymi tvirta konstrukcija ir konfig\u016bracij\u0173 \u012fvairove, tod\u0117l puikiai tinka atlikti daugiau vietovi\u0173 tvarkymo darb\u0173, perdirbti komunalines ir buitines atliekas bei gaminti kompost\u0105. Smulkintuvuose gali b\u016bti sumontuoti skirtingo ilgio surinkimo konvejeriai, susmulkintos med\u017eiagos konvejerio auk\u0161tis yra reguliuojamas ir jame gali b\u016bti \u012fmontuoti magnetiniai ritin\u0117liai metalui surinkti. Savaeigiai vik\u0161riniai smulkintuvai yra [&hellip;]<\/p>\n","protected":false},"author":1,"featured_media":0,"parent":0,"menu_order":0,"comment_status":"closed","ping_status":"closed","template":"elementor_header_footer","meta":{"_acf_changed":false,"inline_featured_image":false,"footnotes":""},"class_list":["post-1234","page","type-page","status-publish","hentry"],"acf":[],"yoast_head":"<!-- This site is optimized with the Yoast SEO plugin v27.4 - https:\/\/yoast.com\/product\/yoast-seo-wordpress\/ -->\n<title>PRAMONINIAI MEDIENOS SMULKINTUVAI - Vermeer Baltic<\/title>\n<meta name=\"robots\" content=\"index, follow, max-snippet:-1, max-image-preview:large, max-video-preview:-1\" \/>\n<link rel=\"canonical\" href=\"https:\/\/vermeerbaltic.eu\/lt\/pramoniniai-medienos-smulkintuvas\/\" \/>\n<meta property=\"og:locale\" content=\"lt_LT\" \/>\n<meta property=\"og:type\" content=\"article\" \/>\n<meta property=\"og:title\" content=\"PRAMONINIAI MEDIENOS SMULKINTUVAI - Vermeer Baltic\" \/>\n<meta property=\"og:description\" content=\"Pramoniniai medienos smulkintuvai Vermeer medienos smulkintuvai pasi\u017eymi tvirta konstrukcija ir konfig\u016bracij\u0173 \u012fvairove, tod\u0117l puikiai tinka atlikti daugiau vietovi\u0173 tvarkymo darb\u0173, perdirbti komunalines ir buitines atliekas bei gaminti kompost\u0105. Smulkintuvuose gali b\u016bti sumontuoti skirtingo ilgio surinkimo konvejeriai, susmulkintos med\u017eiagos konvejerio auk\u0161tis yra reguliuojamas ir jame gali b\u016bti \u012fmontuoti magnetiniai ritin\u0117liai metalui surinkti. Savaeigiai vik\u0161riniai smulkintuvai yra [&hellip;]\" \/>\n<meta property=\"og:url\" content=\"https:\/\/vermeerbaltic.eu\/lt\/pramoniniai-medienos-smulkintuvas\/\" \/>\n<meta property=\"og:site_name\" content=\"Vermeer Baltic\" \/>\n<meta property=\"article:modified_time\" content=\"2025-02-06T08:10:31+00:00\" \/>\n<meta name=\"twitter:card\" content=\"summary_large_image\" \/>\n<meta name=\"twitter:label1\" content=\"Est. reading time\" \/>\n\t<meta name=\"twitter:data1\" content=\"1 minut\u0117\" \/>\n<script type=\"application\/ld+json\" class=\"yoast-schema-graph\">{\"@context\":\"https:\\\/\\\/schema.org\",\"@graph\":[{\"@type\":\"WebPage\",\"@id\":\"https:\\\/\\\/vermeerbaltic.eu\\\/lt\\\/pramoniniai-medienos-smulkintuvas\\\/\",\"url\":\"https:\\\/\\\/vermeerbaltic.eu\\\/lt\\\/pramoniniai-medienos-smulkintuvas\\\/\",\"name\":\"PRAMONINIAI MEDIENOS SMULKINTUVAI - Vermeer Baltic\",\"isPartOf\":{\"@id\":\"https:\\\/\\\/vermeerbaltic.eu\\\/lt\\\/#website\"},\"datePublished\":\"2023-06-07T05:08:40+00:00\",\"dateModified\":\"2025-02-06T08:10:31+00:00\",\"breadcrumb\":{\"@id\":\"https:\\\/\\\/vermeerbaltic.eu\\\/lt\\\/pramoniniai-medienos-smulkintuvas\\\/#breadcrumb\"},\"inLanguage\":\"lt-LT\",\"potentialAction\":[{\"@type\":\"ReadAction\",\"target\":[\"https:\\\/\\\/vermeerbaltic.eu\\\/lt\\\/pramoniniai-medienos-smulkintuvas\\\/\"]}]},{\"@type\":\"BreadcrumbList\",\"@id\":\"https:\\\/\\\/vermeerbaltic.eu\\\/lt\\\/pramoniniai-medienos-smulkintuvas\\\/#breadcrumb\",\"itemListElement\":[{\"@type\":\"ListItem\",\"position\":1,\"name\":\"Home\",\"item\":\"https:\\\/\\\/vermeerbaltic.eu\\\/lt\\\/titulinis-lapas\\\/\"},{\"@type\":\"ListItem\",\"position\":2,\"name\":\"PRAMONINIAI MEDIENOS SMULKINTUVAI\"}]},{\"@type\":\"WebSite\",\"@id\":\"https:\\\/\\\/vermeerbaltic.eu\\\/lt\\\/#website\",\"url\":\"https:\\\/\\\/vermeerbaltic.eu\\\/lt\\\/\",\"name\":\"Vermeer Baltic\",\"description\":\"\",\"publisher\":{\"@id\":\"https:\\\/\\\/vermeerbaltic.eu\\\/lt\\\/#organization\"},\"potentialAction\":[{\"@type\":\"SearchAction\",\"target\":{\"@type\":\"EntryPoint\",\"urlTemplate\":\"https:\\\/\\\/vermeerbaltic.eu\\\/lt\\\/?s={search_term_string}\"},\"query-input\":{\"@type\":\"PropertyValueSpecification\",\"valueRequired\":true,\"valueName\":\"search_term_string\"}}],\"inLanguage\":\"lt-LT\"},{\"@type\":\"Organization\",\"@id\":\"https:\\\/\\\/vermeerbaltic.eu\\\/lt\\\/#organization\",\"name\":\"Vermeer Baltic O\u00dc\",\"url\":\"https:\\\/\\\/vermeerbaltic.eu\\\/lt\\\/\",\"logo\":{\"@type\":\"ImageObject\",\"inLanguage\":\"lt-LT\",\"@id\":\"https:\\\/\\\/vermeerbaltic.eu\\\/lt\\\/#\\\/schema\\\/logo\\\/image\\\/\",\"url\":\"https:\\\/\\\/vermeerbaltic.eu\\\/wp-content\\\/uploads\\\/2023\\\/04\\\/DealerLogo_Baltics_4lr.png\",\"contentUrl\":\"https:\\\/\\\/vermeerbaltic.eu\\\/wp-content\\\/uploads\\\/2023\\\/04\\\/DealerLogo_Baltics_4lr.png\",\"width\":1054,\"height\":267,\"caption\":\"Vermeer Baltic O\u00dc\"},\"image\":{\"@id\":\"https:\\\/\\\/vermeerbaltic.eu\\\/lt\\\/#\\\/schema\\\/logo\\\/image\\\/\"}}]}<\/script>\n<!-- \/ Yoast SEO plugin. -->","yoast_head_json":{"title":"PRAMONINIAI MEDIENOS SMULKINTUVAI - Vermeer Baltic","robots":{"index":"index","follow":"follow","max-snippet":"max-snippet:-1","max-image-preview":"max-image-preview:large","max-video-preview":"max-video-preview:-1"},"canonical":"https:\/\/vermeerbaltic.eu\/lt\/pramoniniai-medienos-smulkintuvas\/","og_locale":"lt_LT","og_type":"article","og_title":"PRAMONINIAI MEDIENOS SMULKINTUVAI - Vermeer Baltic","og_description":"Pramoniniai medienos smulkintuvai Vermeer medienos smulkintuvai pasi\u017eymi tvirta konstrukcija ir konfig\u016bracij\u0173 \u012fvairove, tod\u0117l puikiai tinka atlikti daugiau vietovi\u0173 tvarkymo darb\u0173, perdirbti komunalines ir buitines atliekas bei gaminti kompost\u0105. Smulkintuvuose gali b\u016bti sumontuoti skirtingo ilgio surinkimo konvejeriai, susmulkintos med\u017eiagos konvejerio auk\u0161tis yra reguliuojamas ir jame gali b\u016bti \u012fmontuoti magnetiniai ritin\u0117liai metalui surinkti. Savaeigiai vik\u0161riniai smulkintuvai yra [&hellip;]","og_url":"https:\/\/vermeerbaltic.eu\/lt\/pramoniniai-medienos-smulkintuvas\/","og_site_name":"Vermeer Baltic","article_modified_time":"2025-02-06T08:10:31+00:00","twitter_card":"summary_large_image","twitter_misc":{"Est. reading time":"1 minut\u0117"},"schema":{"@context":"https:\/\/schema.org","@graph":[{"@type":"WebPage","@id":"https:\/\/vermeerbaltic.eu\/lt\/pramoniniai-medienos-smulkintuvas\/","url":"https:\/\/vermeerbaltic.eu\/lt\/pramoniniai-medienos-smulkintuvas\/","name":"PRAMONINIAI MEDIENOS SMULKINTUVAI - Vermeer Baltic","isPartOf":{"@id":"https:\/\/vermeerbaltic.eu\/lt\/#website"},"datePublished":"2023-06-07T05:08:40+00:00","dateModified":"2025-02-06T08:10:31+00:00","breadcrumb":{"@id":"https:\/\/vermeerbaltic.eu\/lt\/pramoniniai-medienos-smulkintuvas\/#breadcrumb"},"inLanguage":"lt-LT","potentialAction":[{"@type":"ReadAction","target":["https:\/\/vermeerbaltic.eu\/lt\/pramoniniai-medienos-smulkintuvas\/"]}]},{"@type":"BreadcrumbList","@id":"https:\/\/vermeerbaltic.eu\/lt\/pramoniniai-medienos-smulkintuvas\/#breadcrumb","itemListElement":[{"@type":"ListItem","position":1,"name":"Home","item":"https:\/\/vermeerbaltic.eu\/lt\/titulinis-lapas\/"},{"@type":"ListItem","position":2,"name":"PRAMONINIAI MEDIENOS SMULKINTUVAI"}]},{"@type":"WebSite","@id":"https:\/\/vermeerbaltic.eu\/lt\/#website","url":"https:\/\/vermeerbaltic.eu\/lt\/","name":"Vermeer Baltic","description":"","publisher":{"@id":"https:\/\/vermeerbaltic.eu\/lt\/#organization"},"potentialAction":[{"@type":"SearchAction","target":{"@type":"EntryPoint","urlTemplate":"https:\/\/vermeerbaltic.eu\/lt\/?s={search_term_string}"},"query-input":{"@type":"PropertyValueSpecification","valueRequired":true,"valueName":"search_term_string"}}],"inLanguage":"lt-LT"},{"@type":"Organization","@id":"https:\/\/vermeerbaltic.eu\/lt\/#organization","name":"Vermeer Baltic O\u00dc","url":"https:\/\/vermeerbaltic.eu\/lt\/","logo":{"@type":"ImageObject","inLanguage":"lt-LT","@id":"https:\/\/vermeerbaltic.eu\/lt\/#\/schema\/logo\/image\/","url":"https:\/\/vermeerbaltic.eu\/wp-content\/uploads\/2023\/04\/DealerLogo_Baltics_4lr.png","contentUrl":"https:\/\/vermeerbaltic.eu\/wp-content\/uploads\/2023\/04\/DealerLogo_Baltics_4lr.png","width":1054,"height":267,"caption":"Vermeer Baltic O\u00dc"},"image":{"@id":"https:\/\/vermeerbaltic.eu\/lt\/#\/schema\/logo\/image\/"}}]}},"_links":{"self":[{"href":"https:\/\/vermeerbaltic.eu\/lt\/wp-json\/wp\/v2\/pages\/1234","targetHints":{"allow":["GET"]}}],"collection":[{"href":"https:\/\/vermeerbaltic.eu\/lt\/wp-json\/wp\/v2\/pages"}],"about":[{"href":"https:\/\/vermeerbaltic.eu\/lt\/wp-json\/wp\/v2\/types\/page"}],"author":[{"embeddable":true,"href":"https:\/\/vermeerbaltic.eu\/lt\/wp-json\/wp\/v2\/users\/1"}],"replies":[{"embeddable":true,"href":"https:\/\/vermeerbaltic.eu\/lt\/wp-json\/wp\/v2\/comments?post=1234"}],"version-history":[{"count":6,"href":"https:\/\/vermeerbaltic.eu\/lt\/wp-json\/wp\/v2\/pages\/1234\/revisions"}],"predecessor-version":[{"id":1964,"href":"https:\/\/vermeerbaltic.eu\/lt\/wp-json\/wp\/v2\/pages\/1234\/revisions\/1964"}],"wp:attachment":[{"href":"https:\/\/vermeerbaltic.eu\/lt\/wp-json\/wp\/v2\/media?parent=1234"}],"curies":[{"name":"wp","href":"https:\/\/api.w.org\/{rel}","templated":true}]}}