{"id":1609,"date":"2023-06-30T09:38:22","date_gmt":"2023-06-30T07:38:22","guid":{"rendered":"https:\/\/vermeerbaltic.eu\/naudotos-masinos\/"},"modified":"2025-02-06T07:09:30","modified_gmt":"2025-02-06T07:09:30","slug":"naudotos-masinos","status":"publish","type":"page","link":"https:\/\/vermeerbaltic.eu\/lt\/naudotos-masinos\/","title":{"rendered":"Naudota \u012eranga"},"content":{"rendered":"\t\t<div data-elementor-type=\"wp-page\" data-elementor-id=\"1609\" class=\"elementor elementor-1609 elementor-1602\" data-elementor-post-type=\"page\">\n\t\t\t\t<div class=\"elementor-element elementor-element-60ee9c5 e-flex e-con-boxed e-con e-parent\" data-id=\"60ee9c5\" data-element_type=\"container\" data-e-type=\"container\" data-settings=\"{&quot;background_background&quot;:&quot;classic&quot;}\">\n\t\t\t\t\t<div class=\"e-con-inner\">\n\t\t\t\t<div class=\"elementor-element elementor-element-ad57dab e-transform elementor-invisible elementor-widget elementor-widget-heading\" data-id=\"ad57dab\" data-element_type=\"widget\" data-e-type=\"widget\" data-settings=\"{&quot;_animation&quot;:&quot;fadeInUp&quot;,&quot;_transform_skewX_effect&quot;:{&quot;unit&quot;:&quot;px&quot;,&quot;size&quot;:&quot;&quot;,&quot;sizes&quot;:[]},&quot;_transform_skewX_effect_tablet&quot;:{&quot;unit&quot;:&quot;deg&quot;,&quot;size&quot;:&quot;&quot;,&quot;sizes&quot;:[]},&quot;_transform_skewX_effect_mobile&quot;:{&quot;unit&quot;:&quot;deg&quot;,&quot;size&quot;:&quot;&quot;,&quot;sizes&quot;:[]},&quot;_transform_skewY_effect&quot;:{&quot;unit&quot;:&quot;px&quot;,&quot;size&quot;:&quot;&quot;,&quot;sizes&quot;:[]},&quot;_transform_skewY_effect_tablet&quot;:{&quot;unit&quot;:&quot;deg&quot;,&quot;size&quot;:&quot;&quot;,&quot;sizes&quot;:[]},&quot;_transform_skewY_effect_mobile&quot;:{&quot;unit&quot;:&quot;deg&quot;,&quot;size&quot;:&quot;&quot;,&quot;sizes&quot;:[]}}\" data-widget_type=\"heading.default\">\n\t\t\t\t<div class=\"elementor-widget-container\">\n\t\t\t\t\t<h1 class=\"elementor-heading-title elementor-size-default\">Naudota \u012eranga<\/h1>\t\t\t\t<\/div>\n\t\t\t\t<\/div>\n\t\t\t\t\t<\/div>\n\t\t\t\t<\/div>\n\t\t<div class=\"elementor-element elementor-element-c076630 e-flex e-con-boxed e-con e-parent\" data-id=\"c076630\" data-element_type=\"container\" data-e-type=\"container\" data-settings=\"{&quot;background_background&quot;:&quot;classic&quot;}\">\n\t\t\t\t\t<div class=\"e-con-inner\">\n\t\t\t\t<div class=\"elementor-element elementor-element-a01e34a e-transform elementor-invisible elementor-widget elementor-widget-heading\" data-id=\"a01e34a\" data-element_type=\"widget\" data-e-type=\"widget\" data-settings=\"{&quot;_animation&quot;:&quot;fadeInUp&quot;,&quot;_transform_skewX_effect&quot;:{&quot;unit&quot;:&quot;px&quot;,&quot;size&quot;:&quot;&quot;,&quot;sizes&quot;:[]},&quot;_transform_skewX_effect_tablet&quot;:{&quot;unit&quot;:&quot;deg&quot;,&quot;size&quot;:&quot;&quot;,&quot;sizes&quot;:[]},&quot;_transform_skewX_effect_mobile&quot;:{&quot;unit&quot;:&quot;deg&quot;,&quot;size&quot;:&quot;&quot;,&quot;sizes&quot;:[]},&quot;_transform_skewY_effect&quot;:{&quot;unit&quot;:&quot;px&quot;,&quot;size&quot;:&quot;&quot;,&quot;sizes&quot;:[]},&quot;_transform_skewY_effect_tablet&quot;:{&quot;unit&quot;:&quot;deg&quot;,&quot;size&quot;:&quot;&quot;,&quot;sizes&quot;:[]},&quot;_transform_skewY_effect_mobile&quot;:{&quot;unit&quot;:&quot;deg&quot;,&quot;size&quot;:&quot;&quot;,&quot;sizes&quot;:[]}}\" data-widget_type=\"heading.default\">\n\t\t\t\t<div class=\"elementor-widget-container\">\n\t\t\t\t\t<h2 class=\"elementor-heading-title elementor-size-default\">Naudota \u012eranga (informacija atnaujinama)<\/h2>\t\t\t\t<\/div>\n\t\t\t\t<\/div>\n\t\t\t\t\t<\/div>\n\t\t\t\t<\/div>\n\t\t\t\t<\/div>\n\t\t","protected":false},"excerpt":{"rendered":"<p>Naudota \u012eranga Naudota \u012eranga (informacija atnaujinama)<\/p>\n","protected":false},"author":1,"featured_media":0,"parent":0,"menu_order":0,"comment_status":"closed","ping_status":"closed","template":"elementor_header_footer","meta":{"_acf_changed":false,"inline_featured_image":false,"footnotes":""},"class_list":["post-1609","page","type-page","status-publish","hentry"],"acf":[],"yoast_head":"<!-- This site is optimized with the Yoast SEO plugin v27.4 - https:\/\/yoast.com\/product\/yoast-seo-wordpress\/ -->\n<title>Naudota \u012eranga - Vermeer Baltic<\/title>\n<meta name=\"robots\" content=\"index, follow, max-snippet:-1, max-image-preview:large, max-video-preview:-1\" \/>\n<link rel=\"canonical\" href=\"https:\/\/vermeerbaltic.eu\/lt\/naudotos-masinos\/\" \/>\n<meta property=\"og:locale\" content=\"lt_LT\" \/>\n<meta property=\"og:type\" content=\"article\" \/>\n<meta property=\"og:title\" content=\"Naudota \u012eranga - Vermeer Baltic\" \/>\n<meta property=\"og:description\" content=\"Naudota \u012eranga Naudota \u012eranga (informacija atnaujinama)\" \/>\n<meta property=\"og:url\" content=\"https:\/\/vermeerbaltic.eu\/lt\/naudotos-masinos\/\" \/>\n<meta property=\"og:site_name\" content=\"Vermeer Baltic\" \/>\n<meta property=\"article:modified_time\" content=\"2025-02-06T07:09:30+00:00\" \/>\n<meta name=\"twitter:card\" content=\"summary_large_image\" \/>\n<script type=\"application\/ld+json\" class=\"yoast-schema-graph\">{\"@context\":\"https:\\\/\\\/schema.org\",\"@graph\":[{\"@type\":\"WebPage\",\"@id\":\"https:\\\/\\\/vermeerbaltic.eu\\\/lt\\\/naudotos-masinos\\\/\",\"url\":\"https:\\\/\\\/vermeerbaltic.eu\\\/lt\\\/naudotos-masinos\\\/\",\"name\":\"Naudota \u012eranga - Vermeer Baltic\",\"isPartOf\":{\"@id\":\"https:\\\/\\\/vermeerbaltic.eu\\\/lt\\\/#website\"},\"datePublished\":\"2023-06-30T07:38:22+00:00\",\"dateModified\":\"2025-02-06T07:09:30+00:00\",\"breadcrumb\":{\"@id\":\"https:\\\/\\\/vermeerbaltic.eu\\\/lt\\\/naudotos-masinos\\\/#breadcrumb\"},\"inLanguage\":\"lt-LT\",\"potentialAction\":[{\"@type\":\"ReadAction\",\"target\":[\"https:\\\/\\\/vermeerbaltic.eu\\\/lt\\\/naudotos-masinos\\\/\"]}]},{\"@type\":\"BreadcrumbList\",\"@id\":\"https:\\\/\\\/vermeerbaltic.eu\\\/lt\\\/naudotos-masinos\\\/#breadcrumb\",\"itemListElement\":[{\"@type\":\"ListItem\",\"position\":1,\"name\":\"Home\",\"item\":\"https:\\\/\\\/vermeerbaltic.eu\\\/lt\\\/titulinis-lapas\\\/\"},{\"@type\":\"ListItem\",\"position\":2,\"name\":\"Naudota \u012eranga\"}]},{\"@type\":\"WebSite\",\"@id\":\"https:\\\/\\\/vermeerbaltic.eu\\\/lt\\\/#website\",\"url\":\"https:\\\/\\\/vermeerbaltic.eu\\\/lt\\\/\",\"name\":\"Vermeer Baltic\",\"description\":\"\",\"publisher\":{\"@id\":\"https:\\\/\\\/vermeerbaltic.eu\\\/lt\\\/#organization\"},\"potentialAction\":[{\"@type\":\"SearchAction\",\"target\":{\"@type\":\"EntryPoint\",\"urlTemplate\":\"https:\\\/\\\/vermeerbaltic.eu\\\/lt\\\/?s={search_term_string}\"},\"query-input\":{\"@type\":\"PropertyValueSpecification\",\"valueRequired\":true,\"valueName\":\"search_term_string\"}}],\"inLanguage\":\"lt-LT\"},{\"@type\":\"Organization\",\"@id\":\"https:\\\/\\\/vermeerbaltic.eu\\\/lt\\\/#organization\",\"name\":\"Vermeer Baltic O\u00dc\",\"url\":\"https:\\\/\\\/vermeerbaltic.eu\\\/lt\\\/\",\"logo\":{\"@type\":\"ImageObject\",\"inLanguage\":\"lt-LT\",\"@id\":\"https:\\\/\\\/vermeerbaltic.eu\\\/lt\\\/#\\\/schema\\\/logo\\\/image\\\/\",\"url\":\"https:\\\/\\\/vermeerbaltic.eu\\\/wp-content\\\/uploads\\\/2023\\\/04\\\/DealerLogo_Baltics_4lr.png\",\"contentUrl\":\"https:\\\/\\\/vermeerbaltic.eu\\\/wp-content\\\/uploads\\\/2023\\\/04\\\/DealerLogo_Baltics_4lr.png\",\"width\":1054,\"height\":267,\"caption\":\"Vermeer Baltic O\u00dc\"},\"image\":{\"@id\":\"https:\\\/\\\/vermeerbaltic.eu\\\/lt\\\/#\\\/schema\\\/logo\\\/image\\\/\"}}]}<\/script>\n<!-- \/ Yoast SEO plugin. -->","yoast_head_json":{"title":"Naudota \u012eranga - Vermeer Baltic","robots":{"index":"index","follow":"follow","max-snippet":"max-snippet:-1","max-image-preview":"max-image-preview:large","max-video-preview":"max-video-preview:-1"},"canonical":"https:\/\/vermeerbaltic.eu\/lt\/naudotos-masinos\/","og_locale":"lt_LT","og_type":"article","og_title":"Naudota \u012eranga - Vermeer Baltic","og_description":"Naudota \u012eranga Naudota \u012eranga (informacija atnaujinama)","og_url":"https:\/\/vermeerbaltic.eu\/lt\/naudotos-masinos\/","og_site_name":"Vermeer Baltic","article_modified_time":"2025-02-06T07:09:30+00:00","twitter_card":"summary_large_image","schema":{"@context":"https:\/\/schema.org","@graph":[{"@type":"WebPage","@id":"https:\/\/vermeerbaltic.eu\/lt\/naudotos-masinos\/","url":"https:\/\/vermeerbaltic.eu\/lt\/naudotos-masinos\/","name":"Naudota \u012eranga - Vermeer Baltic","isPartOf":{"@id":"https:\/\/vermeerbaltic.eu\/lt\/#website"},"datePublished":"2023-06-30T07:38:22+00:00","dateModified":"2025-02-06T07:09:30+00:00","breadcrumb":{"@id":"https:\/\/vermeerbaltic.eu\/lt\/naudotos-masinos\/#breadcrumb"},"inLanguage":"lt-LT","potentialAction":[{"@type":"ReadAction","target":["https:\/\/vermeerbaltic.eu\/lt\/naudotos-masinos\/"]}]},{"@type":"BreadcrumbList","@id":"https:\/\/vermeerbaltic.eu\/lt\/naudotos-masinos\/#breadcrumb","itemListElement":[{"@type":"ListItem","position":1,"name":"Home","item":"https:\/\/vermeerbaltic.eu\/lt\/titulinis-lapas\/"},{"@type":"ListItem","position":2,"name":"Naudota \u012eranga"}]},{"@type":"WebSite","@id":"https:\/\/vermeerbaltic.eu\/lt\/#website","url":"https:\/\/vermeerbaltic.eu\/lt\/","name":"Vermeer Baltic","description":"","publisher":{"@id":"https:\/\/vermeerbaltic.eu\/lt\/#organization"},"potentialAction":[{"@type":"SearchAction","target":{"@type":"EntryPoint","urlTemplate":"https:\/\/vermeerbaltic.eu\/lt\/?s={search_term_string}"},"query-input":{"@type":"PropertyValueSpecification","valueRequired":true,"valueName":"search_term_string"}}],"inLanguage":"lt-LT"},{"@type":"Organization","@id":"https:\/\/vermeerbaltic.eu\/lt\/#organization","name":"Vermeer Baltic O\u00dc","url":"https:\/\/vermeerbaltic.eu\/lt\/","logo":{"@type":"ImageObject","inLanguage":"lt-LT","@id":"https:\/\/vermeerbaltic.eu\/lt\/#\/schema\/logo\/image\/","url":"https:\/\/vermeerbaltic.eu\/wp-content\/uploads\/2023\/04\/DealerLogo_Baltics_4lr.png","contentUrl":"https:\/\/vermeerbaltic.eu\/wp-content\/uploads\/2023\/04\/DealerLogo_Baltics_4lr.png","width":1054,"height":267,"caption":"Vermeer Baltic O\u00dc"},"image":{"@id":"https:\/\/vermeerbaltic.eu\/lt\/#\/schema\/logo\/image\/"}}]}},"_links":{"self":[{"href":"https:\/\/vermeerbaltic.eu\/lt\/wp-json\/wp\/v2\/pages\/1609","targetHints":{"allow":["GET"]}}],"collection":[{"href":"https:\/\/vermeerbaltic.eu\/lt\/wp-json\/wp\/v2\/pages"}],"about":[{"href":"https:\/\/vermeerbaltic.eu\/lt\/wp-json\/wp\/v2\/types\/page"}],"author":[{"embeddable":true,"href":"https:\/\/vermeerbaltic.eu\/lt\/wp-json\/wp\/v2\/users\/1"}],"replies":[{"embeddable":true,"href":"https:\/\/vermeerbaltic.eu\/lt\/wp-json\/wp\/v2\/comments?post=1609"}],"version-history":[{"count":7,"href":"https:\/\/vermeerbaltic.eu\/lt\/wp-json\/wp\/v2\/pages\/1609\/revisions"}],"predecessor-version":[{"id":1939,"href":"https:\/\/vermeerbaltic.eu\/lt\/wp-json\/wp\/v2\/pages\/1609\/revisions\/1939"}],"wp:attachment":[{"href":"https:\/\/vermeerbaltic.eu\/lt\/wp-json\/wp\/v2\/media?parent=1609"}],"curies":[{"name":"wp","href":"https:\/\/api.w.org\/{rel}","templated":true}]}}