{"id":1696,"date":"2023-07-03T12:05:54","date_gmt":"2023-07-03T10:05:54","guid":{"rendered":"https:\/\/vermeerbaltic.eu\/grezimo-iranga\/dci-lokaliniu-sistemu\/"},"modified":"2025-02-14T07:19:29","modified_gmt":"2025-02-14T07:19:29","slug":"dci-lokaliniu-sistemu","status":"publish","type":"page","link":"https:\/\/vermeerbaltic.eu\/lt\/grezimo-iranga\/dci-lokaliniu-sistemu\/","title":{"rendered":"DCI LOKALIN\u0116S SISTEMOS"},"content":{"rendered":"\t\t<div data-elementor-type=\"wp-page\" data-elementor-id=\"1696\" class=\"elementor elementor-1696 elementor-1670\" data-elementor-post-type=\"page\">\n\t\t\t\t<div class=\"elementor-element elementor-element-684b1fc e-flex e-con-boxed e-con e-parent\" data-id=\"684b1fc\" data-element_type=\"container\" data-e-type=\"container\" data-settings=\"{&quot;background_background&quot;:&quot;classic&quot;}\">\n\t\t\t\t\t<div class=\"e-con-inner\">\n\t\t\t\t<div class=\"elementor-element elementor-element-6b7be4b elementor-invisible elementor-widget elementor-widget-button\" data-id=\"6b7be4b\" data-element_type=\"widget\" data-e-type=\"widget\" data-settings=\"{&quot;_animation&quot;:&quot;fadeInUp&quot;,&quot;_animation_delay&quot;:100}\" data-widget_type=\"button.default\">\n\t\t\t\t<div class=\"elementor-widget-container\">\n\t\t\t\t\t\t\t\t\t<div class=\"elementor-button-wrapper\">\n\t\t\t\t\t<a class=\"elementor-button elementor-button-link elementor-size-md\" href=\"https:\/\/vermeerbaltic.eu\/lt\/grezimo-iranga\/\">\n\t\t\t\t\t\t<span class=\"elementor-button-content-wrapper\">\n\t\t\t\t\t\t\t\t\t<span class=\"elementor-button-text\">Gr\u012f\u017eti \u012f ap\u017evalg\u0105<\/span>\n\t\t\t\t\t<\/span>\n\t\t\t\t\t<\/a>\n\t\t\t\t<\/div>\n\t\t\t\t\t\t\t\t<\/div>\n\t\t\t\t<\/div>\n\t\t\t\t\t<\/div>\n\t\t\t\t<\/div>\n\t\t<div class=\"elementor-element elementor-element-177c184 e-flex e-con-boxed e-con e-parent\" data-id=\"177c184\" data-element_type=\"container\" data-e-type=\"container\" data-settings=\"{&quot;background_background&quot;:&quot;classic&quot;}\">\n\t\t\t\t\t<div class=\"e-con-inner\">\n\t\t<div class=\"elementor-element elementor-element-1690564 e-con-full e-transform e-flex e-con e-parent\" data-id=\"1690564\" data-element_type=\"container\" data-e-type=\"container\" data-settings=\"{&quot;_transform_skewX_effect&quot;:{&quot;unit&quot;:&quot;px&quot;,&quot;size&quot;:-25,&quot;sizes&quot;:[]},&quot;background_background&quot;:&quot;classic&quot;,&quot;_transform_skewX_effect_tablet&quot;:{&quot;unit&quot;:&quot;deg&quot;,&quot;size&quot;:&quot;&quot;,&quot;sizes&quot;:[]},&quot;_transform_skewX_effect_mobile&quot;:{&quot;unit&quot;:&quot;deg&quot;,&quot;size&quot;:&quot;&quot;,&quot;sizes&quot;:[]},&quot;_transform_skewY_effect&quot;:{&quot;unit&quot;:&quot;px&quot;,&quot;size&quot;:&quot;&quot;,&quot;sizes&quot;:[]},&quot;_transform_skewY_effect_tablet&quot;:{&quot;unit&quot;:&quot;deg&quot;,&quot;size&quot;:&quot;&quot;,&quot;sizes&quot;:[]},&quot;_transform_skewY_effect_mobile&quot;:{&quot;unit&quot;:&quot;deg&quot;,&quot;size&quot;:&quot;&quot;,&quot;sizes&quot;:[]}}\">\n\t\t\t\t<div class=\"elementor-element elementor-element-e2bfcdd e-transform elementor-widget elementor-widget-image\" data-id=\"e2bfcdd\" data-element_type=\"widget\" data-e-type=\"widget\" data-settings=\"{&quot;_transform_skewX_effect&quot;:{&quot;unit&quot;:&quot;px&quot;,&quot;size&quot;:25,&quot;sizes&quot;:[]},&quot;_transform_skewX_effect_tablet&quot;:{&quot;unit&quot;:&quot;deg&quot;,&quot;size&quot;:&quot;&quot;,&quot;sizes&quot;:[]},&quot;_transform_skewX_effect_mobile&quot;:{&quot;unit&quot;:&quot;deg&quot;,&quot;size&quot;:&quot;&quot;,&quot;sizes&quot;:[]},&quot;_transform_skewY_effect&quot;:{&quot;unit&quot;:&quot;px&quot;,&quot;size&quot;:&quot;&quot;,&quot;sizes&quot;:[]},&quot;_transform_skewY_effect_tablet&quot;:{&quot;unit&quot;:&quot;deg&quot;,&quot;size&quot;:&quot;&quot;,&quot;sizes&quot;:[]},&quot;_transform_skewY_effect_mobile&quot;:{&quot;unit&quot;:&quot;deg&quot;,&quot;size&quot;:&quot;&quot;,&quot;sizes&quot;:[]}}\" data-widget_type=\"image.default\">\n\t\t\t\t<div class=\"elementor-widget-container\">\n\t\t\t\t\t\t\t\t\t\t\t\t\t\t\t<img fetchpriority=\"high\" decoding=\"async\" width=\"800\" height=\"445\" src=\"https:\/\/vermeerbaltic.eu\/wp-content\/uploads\/2023\/05\/Untitled-1.jpg\" class=\"attachment-large size-large wp-image-1022\" alt=\"\" srcset=\"https:\/\/vermeerbaltic.eu\/wp-content\/uploads\/2023\/05\/Untitled-1.jpg 948w, https:\/\/vermeerbaltic.eu\/wp-content\/uploads\/2023\/05\/Untitled-1-300x167.jpg 300w, https:\/\/vermeerbaltic.eu\/wp-content\/uploads\/2023\/05\/Untitled-1-768x427.jpg 768w\" sizes=\"(max-width: 800px) 100vw, 800px\" \/>\t\t\t\t\t\t\t\t\t\t\t\t\t\t\t<\/div>\n\t\t\t\t<\/div>\n\t\t\t\t<\/div>\n\t\t<div class=\"elementor-element elementor-element-ca099f6 e-con-full e-flex e-con e-parent\" data-id=\"ca099f6\" data-element_type=\"container\" data-e-type=\"container\" data-settings=\"{&quot;background_background&quot;:&quot;classic&quot;}\">\n\t\t<div class=\"elementor-element elementor-element-948fc37 e-con-full e-flex e-con e-parent\" data-id=\"948fc37\" data-element_type=\"container\" data-e-type=\"container\" data-settings=\"{&quot;background_background&quot;:&quot;classic&quot;}\">\n\t\t\t\t<div class=\"elementor-element elementor-element-28759ce model elementor-widget elementor-widget-heading\" data-id=\"28759ce\" data-element_type=\"widget\" data-e-type=\"widget\" data-widget_type=\"heading.default\">\n\t\t\t\t<div class=\"elementor-widget-container\">\n\t\t\t\t\t<h2 class=\"elementor-heading-title elementor-size-default\"><a href=\"http:\/\/digital-control.com\/\" target=\"_blank\">DCI LOKALIN\u0116S SISTEMOS<\/a><\/h2>\t\t\t\t<\/div>\n\t\t\t\t<\/div>\n\t\t\t\t<div class=\"elementor-element elementor-element-cb6020e elementor-widget elementor-widget-text-editor\" data-id=\"cb6020e\" data-element_type=\"widget\" data-e-type=\"widget\" data-widget_type=\"text-editor.default\">\n\t\t\t\t<div class=\"elementor-widget-container\">\n\t\t\t\t\t\t\t\t\t<p>\u201eDigiTrak\u201c \u2013 tai pasaulyje pripa\u017einta HDD lokacini\u0173 sistem\u0173 rinkos lyder\u0117. Svarbiausias \u201eDigiTrak\u201c produkt\u0173 bruo\u017eas \u2013 tai nuolatin\u0117s naujov\u0117s ir auk\u0161ta kokyb\u0117. \u201eDigiTrak\u201c sukurtos naujausios kartos lokacin\u0117s sistemos \u201eFALCON\u201c gr\u0119\u017e\u0117j\u0173 darb\u0105 i\u0161k\u0117l\u0117 \u012f visi\u0161kai nauj\u0105 lyg\u012f.  <\/p>\n\t\t\t\t\t\t\t\t<\/div>\n\t\t\t\t<\/div>\n\t\t\t\t<div class=\"elementor-element elementor-element-26d5e98 elementor-invisible elementor-widget elementor-widget-button\" data-id=\"26d5e98\" data-element_type=\"widget\" data-e-type=\"widget\" data-settings=\"{&quot;_animation&quot;:&quot;fadeInUp&quot;,&quot;_animation_delay&quot;:600}\" data-widget_type=\"button.default\">\n\t\t\t\t<div class=\"elementor-widget-container\">\n\t\t\t\t\t\t\t\t\t<div class=\"elementor-button-wrapper\">\n\t\t\t\t\t<a class=\"elementor-button elementor-button-link elementor-size-md\" href=\"http:\/\/digital-control.com\/\" target=\"_blank\">\n\t\t\t\t\t\t<span class=\"elementor-button-content-wrapper\">\n\t\t\t\t\t\t\t\t\t<span class=\"elementor-button-text\">Daugiau informacijos<\/span>\n\t\t\t\t\t<\/span>\n\t\t\t\t\t<\/a>\n\t\t\t\t<\/div>\n\t\t\t\t\t\t\t\t<\/div>\n\t\t\t\t<\/div>\n\t\t\t\t<\/div>\n\t\t\t\t<\/div>\n\t\t\t\t\t<\/div>\n\t\t\t\t<\/div>\n\t\t\t\t<\/div>\n\t\t","protected":false},"excerpt":{"rendered":"<p>Gr\u012f\u017eti \u012f ap\u017evalg\u0105 DCI LOKALIN\u0116S SISTEMOS \u201eDigiTrak\u201c \u2013 tai pasaulyje pripa\u017einta HDD lokacini\u0173 sistem\u0173 rinkos lyder\u0117. Svarbiausias \u201eDigiTrak\u201c produkt\u0173 bruo\u017eas \u2013 tai nuolatin\u0117s naujov\u0117s ir auk\u0161ta kokyb\u0117. \u201eDigiTrak\u201c sukurtos naujausios kartos lokacin\u0117s sistemos \u201eFALCON\u201c gr\u0119\u017e\u0117j\u0173 darb\u0105 i\u0161k\u0117l\u0117 \u012f visi\u0161kai nauj\u0105 lyg\u012f. Daugiau informacijos<\/p>\n","protected":false},"author":1,"featured_media":0,"parent":1242,"menu_order":0,"comment_status":"closed","ping_status":"closed","template":"elementor_header_footer","meta":{"_acf_changed":false,"inline_featured_image":false,"footnotes":""},"class_list":["post-1696","page","type-page","status-publish","hentry"],"acf":[],"yoast_head":"<!-- This site is optimized with the Yoast SEO plugin v27.4 - https:\/\/yoast.com\/product\/yoast-seo-wordpress\/ -->\n<title>DCI LOKALIN\u0116S SISTEMOS - Vermeer Baltic<\/title>\n<meta name=\"robots\" content=\"index, follow, max-snippet:-1, max-image-preview:large, max-video-preview:-1\" \/>\n<link rel=\"canonical\" href=\"https:\/\/vermeerbaltic.eu\/lt\/grezimo-iranga\/dci-lokaliniu-sistemu\/\" \/>\n<meta property=\"og:locale\" content=\"lt_LT\" \/>\n<meta property=\"og:type\" content=\"article\" \/>\n<meta property=\"og:title\" content=\"DCI LOKALIN\u0116S SISTEMOS - Vermeer Baltic\" \/>\n<meta property=\"og:description\" content=\"Gr\u012f\u017eti \u012f ap\u017evalg\u0105 DCI LOKALIN\u0116S SISTEMOS \u201eDigiTrak\u201c \u2013 tai pasaulyje pripa\u017einta HDD lokacini\u0173 sistem\u0173 rinkos lyder\u0117. Svarbiausias \u201eDigiTrak\u201c produkt\u0173 bruo\u017eas \u2013 tai nuolatin\u0117s naujov\u0117s ir auk\u0161ta kokyb\u0117. \u201eDigiTrak\u201c sukurtos naujausios kartos lokacin\u0117s sistemos \u201eFALCON\u201c gr\u0119\u017e\u0117j\u0173 darb\u0105 i\u0161k\u0117l\u0117 \u012f visi\u0161kai nauj\u0105 lyg\u012f. Daugiau informacijos\" \/>\n<meta property=\"og:url\" content=\"https:\/\/vermeerbaltic.eu\/lt\/grezimo-iranga\/dci-lokaliniu-sistemu\/\" \/>\n<meta property=\"og:site_name\" content=\"Vermeer Baltic\" \/>\n<meta property=\"article:modified_time\" content=\"2025-02-14T07:19:29+00:00\" \/>\n<meta property=\"og:image\" content=\"https:\/\/vermeerbaltic.eu\/wp-content\/uploads\/2023\/05\/Untitled-1.jpg\" \/>\n\t<meta property=\"og:image:width\" content=\"948\" \/>\n\t<meta property=\"og:image:height\" content=\"527\" \/>\n\t<meta property=\"og:image:type\" content=\"image\/jpeg\" \/>\n<meta name=\"twitter:card\" content=\"summary_large_image\" \/>\n<script type=\"application\/ld+json\" class=\"yoast-schema-graph\">{\"@context\":\"https:\\\/\\\/schema.org\",\"@graph\":[{\"@type\":\"WebPage\",\"@id\":\"https:\\\/\\\/vermeerbaltic.eu\\\/lt\\\/grezimo-iranga\\\/dci-lokaliniu-sistemu\\\/\",\"url\":\"https:\\\/\\\/vermeerbaltic.eu\\\/lt\\\/grezimo-iranga\\\/dci-lokaliniu-sistemu\\\/\",\"name\":\"DCI LOKALIN\u0116S SISTEMOS - Vermeer Baltic\",\"isPartOf\":{\"@id\":\"https:\\\/\\\/vermeerbaltic.eu\\\/lt\\\/#website\"},\"primaryImageOfPage\":{\"@id\":\"https:\\\/\\\/vermeerbaltic.eu\\\/lt\\\/grezimo-iranga\\\/dci-lokaliniu-sistemu\\\/#primaryimage\"},\"image\":{\"@id\":\"https:\\\/\\\/vermeerbaltic.eu\\\/lt\\\/grezimo-iranga\\\/dci-lokaliniu-sistemu\\\/#primaryimage\"},\"thumbnailUrl\":\"https:\\\/\\\/vermeerbaltic.eu\\\/wp-content\\\/uploads\\\/2023\\\/05\\\/Untitled-1.jpg\",\"datePublished\":\"2023-07-03T10:05:54+00:00\",\"dateModified\":\"2025-02-14T07:19:29+00:00\",\"breadcrumb\":{\"@id\":\"https:\\\/\\\/vermeerbaltic.eu\\\/lt\\\/grezimo-iranga\\\/dci-lokaliniu-sistemu\\\/#breadcrumb\"},\"inLanguage\":\"lt-LT\",\"potentialAction\":[{\"@type\":\"ReadAction\",\"target\":[\"https:\\\/\\\/vermeerbaltic.eu\\\/lt\\\/grezimo-iranga\\\/dci-lokaliniu-sistemu\\\/\"]}]},{\"@type\":\"ImageObject\",\"inLanguage\":\"lt-LT\",\"@id\":\"https:\\\/\\\/vermeerbaltic.eu\\\/lt\\\/grezimo-iranga\\\/dci-lokaliniu-sistemu\\\/#primaryimage\",\"url\":\"https:\\\/\\\/vermeerbaltic.eu\\\/wp-content\\\/uploads\\\/2023\\\/05\\\/Untitled-1.jpg\",\"contentUrl\":\"https:\\\/\\\/vermeerbaltic.eu\\\/wp-content\\\/uploads\\\/2023\\\/05\\\/Untitled-1.jpg\"},{\"@type\":\"BreadcrumbList\",\"@id\":\"https:\\\/\\\/vermeerbaltic.eu\\\/lt\\\/grezimo-iranga\\\/dci-lokaliniu-sistemu\\\/#breadcrumb\",\"itemListElement\":[{\"@type\":\"ListItem\",\"position\":1,\"name\":\"Home\",\"item\":\"https:\\\/\\\/vermeerbaltic.eu\\\/lt\\\/titulinis-lapas\\\/\"},{\"@type\":\"ListItem\",\"position\":2,\"name\":\"Gr\u0119\u017eimo \u012franga\",\"item\":\"https:\\\/\\\/vermeerbaltic.eu\\\/lt\\\/grezimo-iranga\\\/\"},{\"@type\":\"ListItem\",\"position\":3,\"name\":\"DCI LOKALIN\u0116S SISTEMOS\"}]},{\"@type\":\"WebSite\",\"@id\":\"https:\\\/\\\/vermeerbaltic.eu\\\/lt\\\/#website\",\"url\":\"https:\\\/\\\/vermeerbaltic.eu\\\/lt\\\/\",\"name\":\"Vermeer Baltic\",\"description\":\"\",\"publisher\":{\"@id\":\"https:\\\/\\\/vermeerbaltic.eu\\\/lt\\\/#organization\"},\"potentialAction\":[{\"@type\":\"SearchAction\",\"target\":{\"@type\":\"EntryPoint\",\"urlTemplate\":\"https:\\\/\\\/vermeerbaltic.eu\\\/lt\\\/?s={search_term_string}\"},\"query-input\":{\"@type\":\"PropertyValueSpecification\",\"valueRequired\":true,\"valueName\":\"search_term_string\"}}],\"inLanguage\":\"lt-LT\"},{\"@type\":\"Organization\",\"@id\":\"https:\\\/\\\/vermeerbaltic.eu\\\/lt\\\/#organization\",\"name\":\"Vermeer Baltic O\u00dc\",\"url\":\"https:\\\/\\\/vermeerbaltic.eu\\\/lt\\\/\",\"logo\":{\"@type\":\"ImageObject\",\"inLanguage\":\"lt-LT\",\"@id\":\"https:\\\/\\\/vermeerbaltic.eu\\\/lt\\\/#\\\/schema\\\/logo\\\/image\\\/\",\"url\":\"https:\\\/\\\/vermeerbaltic.eu\\\/wp-content\\\/uploads\\\/2023\\\/04\\\/DealerLogo_Baltics_4lr.png\",\"contentUrl\":\"https:\\\/\\\/vermeerbaltic.eu\\\/wp-content\\\/uploads\\\/2023\\\/04\\\/DealerLogo_Baltics_4lr.png\",\"width\":1054,\"height\":267,\"caption\":\"Vermeer Baltic O\u00dc\"},\"image\":{\"@id\":\"https:\\\/\\\/vermeerbaltic.eu\\\/lt\\\/#\\\/schema\\\/logo\\\/image\\\/\"}}]}<\/script>\n<!-- \/ Yoast SEO plugin. -->","yoast_head_json":{"title":"DCI LOKALIN\u0116S SISTEMOS - Vermeer Baltic","robots":{"index":"index","follow":"follow","max-snippet":"max-snippet:-1","max-image-preview":"max-image-preview:large","max-video-preview":"max-video-preview:-1"},"canonical":"https:\/\/vermeerbaltic.eu\/lt\/grezimo-iranga\/dci-lokaliniu-sistemu\/","og_locale":"lt_LT","og_type":"article","og_title":"DCI LOKALIN\u0116S SISTEMOS - Vermeer Baltic","og_description":"Gr\u012f\u017eti \u012f ap\u017evalg\u0105 DCI LOKALIN\u0116S SISTEMOS \u201eDigiTrak\u201c \u2013 tai pasaulyje pripa\u017einta HDD lokacini\u0173 sistem\u0173 rinkos lyder\u0117. Svarbiausias \u201eDigiTrak\u201c produkt\u0173 bruo\u017eas \u2013 tai nuolatin\u0117s naujov\u0117s ir auk\u0161ta kokyb\u0117. \u201eDigiTrak\u201c sukurtos naujausios kartos lokacin\u0117s sistemos \u201eFALCON\u201c gr\u0119\u017e\u0117j\u0173 darb\u0105 i\u0161k\u0117l\u0117 \u012f visi\u0161kai nauj\u0105 lyg\u012f. Daugiau informacijos","og_url":"https:\/\/vermeerbaltic.eu\/lt\/grezimo-iranga\/dci-lokaliniu-sistemu\/","og_site_name":"Vermeer Baltic","article_modified_time":"2025-02-14T07:19:29+00:00","og_image":[{"width":948,"height":527,"url":"https:\/\/vermeerbaltic.eu\/wp-content\/uploads\/2023\/05\/Untitled-1.jpg","type":"image\/jpeg"}],"twitter_card":"summary_large_image","schema":{"@context":"https:\/\/schema.org","@graph":[{"@type":"WebPage","@id":"https:\/\/vermeerbaltic.eu\/lt\/grezimo-iranga\/dci-lokaliniu-sistemu\/","url":"https:\/\/vermeerbaltic.eu\/lt\/grezimo-iranga\/dci-lokaliniu-sistemu\/","name":"DCI LOKALIN\u0116S SISTEMOS - Vermeer Baltic","isPartOf":{"@id":"https:\/\/vermeerbaltic.eu\/lt\/#website"},"primaryImageOfPage":{"@id":"https:\/\/vermeerbaltic.eu\/lt\/grezimo-iranga\/dci-lokaliniu-sistemu\/#primaryimage"},"image":{"@id":"https:\/\/vermeerbaltic.eu\/lt\/grezimo-iranga\/dci-lokaliniu-sistemu\/#primaryimage"},"thumbnailUrl":"https:\/\/vermeerbaltic.eu\/wp-content\/uploads\/2023\/05\/Untitled-1.jpg","datePublished":"2023-07-03T10:05:54+00:00","dateModified":"2025-02-14T07:19:29+00:00","breadcrumb":{"@id":"https:\/\/vermeerbaltic.eu\/lt\/grezimo-iranga\/dci-lokaliniu-sistemu\/#breadcrumb"},"inLanguage":"lt-LT","potentialAction":[{"@type":"ReadAction","target":["https:\/\/vermeerbaltic.eu\/lt\/grezimo-iranga\/dci-lokaliniu-sistemu\/"]}]},{"@type":"ImageObject","inLanguage":"lt-LT","@id":"https:\/\/vermeerbaltic.eu\/lt\/grezimo-iranga\/dci-lokaliniu-sistemu\/#primaryimage","url":"https:\/\/vermeerbaltic.eu\/wp-content\/uploads\/2023\/05\/Untitled-1.jpg","contentUrl":"https:\/\/vermeerbaltic.eu\/wp-content\/uploads\/2023\/05\/Untitled-1.jpg"},{"@type":"BreadcrumbList","@id":"https:\/\/vermeerbaltic.eu\/lt\/grezimo-iranga\/dci-lokaliniu-sistemu\/#breadcrumb","itemListElement":[{"@type":"ListItem","position":1,"name":"Home","item":"https:\/\/vermeerbaltic.eu\/lt\/titulinis-lapas\/"},{"@type":"ListItem","position":2,"name":"Gr\u0119\u017eimo \u012franga","item":"https:\/\/vermeerbaltic.eu\/lt\/grezimo-iranga\/"},{"@type":"ListItem","position":3,"name":"DCI LOKALIN\u0116S SISTEMOS"}]},{"@type":"WebSite","@id":"https:\/\/vermeerbaltic.eu\/lt\/#website","url":"https:\/\/vermeerbaltic.eu\/lt\/","name":"Vermeer Baltic","description":"","publisher":{"@id":"https:\/\/vermeerbaltic.eu\/lt\/#organization"},"potentialAction":[{"@type":"SearchAction","target":{"@type":"EntryPoint","urlTemplate":"https:\/\/vermeerbaltic.eu\/lt\/?s={search_term_string}"},"query-input":{"@type":"PropertyValueSpecification","valueRequired":true,"valueName":"search_term_string"}}],"inLanguage":"lt-LT"},{"@type":"Organization","@id":"https:\/\/vermeerbaltic.eu\/lt\/#organization","name":"Vermeer Baltic O\u00dc","url":"https:\/\/vermeerbaltic.eu\/lt\/","logo":{"@type":"ImageObject","inLanguage":"lt-LT","@id":"https:\/\/vermeerbaltic.eu\/lt\/#\/schema\/logo\/image\/","url":"https:\/\/vermeerbaltic.eu\/wp-content\/uploads\/2023\/04\/DealerLogo_Baltics_4lr.png","contentUrl":"https:\/\/vermeerbaltic.eu\/wp-content\/uploads\/2023\/04\/DealerLogo_Baltics_4lr.png","width":1054,"height":267,"caption":"Vermeer Baltic O\u00dc"},"image":{"@id":"https:\/\/vermeerbaltic.eu\/lt\/#\/schema\/logo\/image\/"}}]}},"_links":{"self":[{"href":"https:\/\/vermeerbaltic.eu\/lt\/wp-json\/wp\/v2\/pages\/1696","targetHints":{"allow":["GET"]}}],"collection":[{"href":"https:\/\/vermeerbaltic.eu\/lt\/wp-json\/wp\/v2\/pages"}],"about":[{"href":"https:\/\/vermeerbaltic.eu\/lt\/wp-json\/wp\/v2\/types\/page"}],"author":[{"embeddable":true,"href":"https:\/\/vermeerbaltic.eu\/lt\/wp-json\/wp\/v2\/users\/1"}],"replies":[{"embeddable":true,"href":"https:\/\/vermeerbaltic.eu\/lt\/wp-json\/wp\/v2\/comments?post=1696"}],"version-history":[{"count":3,"href":"https:\/\/vermeerbaltic.eu\/lt\/wp-json\/wp\/v2\/pages\/1696\/revisions"}],"predecessor-version":[{"id":1973,"href":"https:\/\/vermeerbaltic.eu\/lt\/wp-json\/wp\/v2\/pages\/1696\/revisions\/1973"}],"up":[{"embeddable":true,"href":"https:\/\/vermeerbaltic.eu\/lt\/wp-json\/wp\/v2\/pages\/1242"}],"wp:attachment":[{"href":"https:\/\/vermeerbaltic.eu\/lt\/wp-json\/wp\/v2\/media?parent=1696"}],"curies":[{"name":"wp","href":"https:\/\/api.w.org\/{rel}","templated":true}]}}