{"id":1702,"date":"2023-07-03T12:02:49","date_gmt":"2023-07-03T10:02:49","guid":{"rendered":"https:\/\/vermeerbaltic.eu\/grezimo-iranga\/dytron-europe-plastiko-suvirinimas\/"},"modified":"2025-02-14T07:16:10","modified_gmt":"2025-02-14T07:16:10","slug":"dytron-europe-plastiko-suvirinimas","status":"publish","type":"page","link":"https:\/\/vermeerbaltic.eu\/lt\/grezimo-iranga\/dytron-europe-plastiko-suvirinimas\/","title":{"rendered":"PLASTIKO SUSVIRINIMO \u012eRANGA \u201eDYTRON EUROPE\u201c"},"content":{"rendered":"\t\t<div data-elementor-type=\"wp-page\" data-elementor-id=\"1702\" class=\"elementor elementor-1702 elementor-1663\" data-elementor-post-type=\"page\">\n\t\t\t\t<div class=\"elementor-element elementor-element-684b1fc e-flex e-con-boxed e-con e-parent\" data-id=\"684b1fc\" data-element_type=\"container\" data-e-type=\"container\" data-settings=\"{&quot;background_background&quot;:&quot;classic&quot;}\">\n\t\t\t\t\t<div class=\"e-con-inner\">\n\t\t\t\t<div class=\"elementor-element elementor-element-6b7be4b elementor-invisible elementor-widget elementor-widget-button\" data-id=\"6b7be4b\" data-element_type=\"widget\" data-e-type=\"widget\" data-settings=\"{&quot;_animation&quot;:&quot;fadeInUp&quot;,&quot;_animation_delay&quot;:100}\" data-widget_type=\"button.default\">\n\t\t\t\t<div class=\"elementor-widget-container\">\n\t\t\t\t\t\t\t\t\t<div class=\"elementor-button-wrapper\">\n\t\t\t\t\t<a class=\"elementor-button elementor-button-link elementor-size-md\" href=\"https:\/\/vermeerbaltic.eu\/lt\/grezimo-iranga\/\">\n\t\t\t\t\t\t<span class=\"elementor-button-content-wrapper\">\n\t\t\t\t\t\t\t\t\t<span class=\"elementor-button-text\">Gr\u012f\u017eti \u012f ap\u017evalg\u0105<\/span>\n\t\t\t\t\t<\/span>\n\t\t\t\t\t<\/a>\n\t\t\t\t<\/div>\n\t\t\t\t\t\t\t\t<\/div>\n\t\t\t\t<\/div>\n\t\t\t\t\t<\/div>\n\t\t\t\t<\/div>\n\t\t<div class=\"elementor-element elementor-element-40cee90 e-flex e-con-boxed e-con e-parent\" data-id=\"40cee90\" data-element_type=\"container\" data-e-type=\"container\" data-settings=\"{&quot;background_background&quot;:&quot;classic&quot;}\">\n\t\t\t\t\t<div class=\"e-con-inner\">\n\t\t<div class=\"elementor-element elementor-element-71f60d7 e-con-full e-transform e-flex e-con e-parent\" data-id=\"71f60d7\" data-element_type=\"container\" data-e-type=\"container\" data-settings=\"{&quot;_transform_skewX_effect&quot;:{&quot;unit&quot;:&quot;px&quot;,&quot;size&quot;:-25,&quot;sizes&quot;:[]},&quot;background_background&quot;:&quot;classic&quot;,&quot;_transform_skewX_effect_tablet&quot;:{&quot;unit&quot;:&quot;deg&quot;,&quot;size&quot;:&quot;&quot;,&quot;sizes&quot;:[]},&quot;_transform_skewX_effect_mobile&quot;:{&quot;unit&quot;:&quot;deg&quot;,&quot;size&quot;:&quot;&quot;,&quot;sizes&quot;:[]},&quot;_transform_skewY_effect&quot;:{&quot;unit&quot;:&quot;px&quot;,&quot;size&quot;:&quot;&quot;,&quot;sizes&quot;:[]},&quot;_transform_skewY_effect_tablet&quot;:{&quot;unit&quot;:&quot;deg&quot;,&quot;size&quot;:&quot;&quot;,&quot;sizes&quot;:[]},&quot;_transform_skewY_effect_mobile&quot;:{&quot;unit&quot;:&quot;deg&quot;,&quot;size&quot;:&quot;&quot;,&quot;sizes&quot;:[]}}\">\n\t\t\t\t<div class=\"elementor-element elementor-element-4c1718f e-transform elementor-widget elementor-widget-image\" data-id=\"4c1718f\" data-element_type=\"widget\" data-e-type=\"widget\" data-settings=\"{&quot;_transform_skewX_effect&quot;:{&quot;unit&quot;:&quot;px&quot;,&quot;size&quot;:25,&quot;sizes&quot;:[]},&quot;_transform_skewX_effect_tablet&quot;:{&quot;unit&quot;:&quot;deg&quot;,&quot;size&quot;:&quot;&quot;,&quot;sizes&quot;:[]},&quot;_transform_skewX_effect_mobile&quot;:{&quot;unit&quot;:&quot;deg&quot;,&quot;size&quot;:&quot;&quot;,&quot;sizes&quot;:[]},&quot;_transform_skewY_effect&quot;:{&quot;unit&quot;:&quot;px&quot;,&quot;size&quot;:&quot;&quot;,&quot;sizes&quot;:[]},&quot;_transform_skewY_effect_tablet&quot;:{&quot;unit&quot;:&quot;deg&quot;,&quot;size&quot;:&quot;&quot;,&quot;sizes&quot;:[]},&quot;_transform_skewY_effect_mobile&quot;:{&quot;unit&quot;:&quot;deg&quot;,&quot;size&quot;:&quot;&quot;,&quot;sizes&quot;:[]}}\" data-widget_type=\"image.default\">\n\t\t\t\t<div class=\"elementor-widget-container\">\n\t\t\t\t\t\t\t\t\t\t\t\t\t\t\t<img fetchpriority=\"high\" decoding=\"async\" width=\"280\" height=\"233\" src=\"https:\/\/vermeerbaltic.eu\/wp-content\/uploads\/2023\/05\/sth-twplus-large.jpg\" class=\"attachment-large size-large wp-image-1019\" alt=\"\" \/>\t\t\t\t\t\t\t\t\t\t\t\t\t\t\t<\/div>\n\t\t\t\t<\/div>\n\t\t\t\t<\/div>\n\t\t<div class=\"elementor-element elementor-element-35f1841 e-con-full e-flex e-con e-parent\" data-id=\"35f1841\" data-element_type=\"container\" data-e-type=\"container\" data-settings=\"{&quot;background_background&quot;:&quot;classic&quot;}\">\n\t\t<div class=\"elementor-element elementor-element-01633ef e-con-full e-flex e-con e-parent\" data-id=\"01633ef\" data-element_type=\"container\" data-e-type=\"container\" data-settings=\"{&quot;background_background&quot;:&quot;classic&quot;}\">\n\t\t\t\t<div class=\"elementor-element elementor-element-41dabce model elementor-widget elementor-widget-heading\" data-id=\"41dabce\" data-element_type=\"widget\" data-e-type=\"widget\" data-widget_type=\"heading.default\">\n\t\t\t\t<div class=\"elementor-widget-container\">\n\t\t\t\t\t<h2 class=\"elementor-heading-title elementor-size-default\"><a href=\"http:\/\/www.dytron.eu\/en\/introduction\/\" target=\"_blank\">PLASTIKO SUSVIRINIMO \u012eRANGA \u201eDYTRON EUROPE\u201c<\/a><\/h2>\t\t\t\t<\/div>\n\t\t\t\t<\/div>\n\t\t\t\t<div class=\"elementor-element elementor-element-11eb62a elementor-widget elementor-widget-text-editor\" data-id=\"11eb62a\" data-element_type=\"widget\" data-e-type=\"widget\" data-widget_type=\"text-editor.default\">\n\t\t\t\t<div class=\"elementor-widget-container\">\n\t\t\t\t\t\t\t\t\t<p>\u201eDYTRON EUROPE\u201c bendrov\u0117 yra viena did\u017eiausi\u0173 plastiko suvirinimo \u012frangos Europos gamintoj\u0173. Ji u\u017eima pirmaujan\u010di\u0105 pozicij\u0105 \u010cekijos rinkoje kaip did\u017eiausias specializuotas \u0161i\u0173 produkt\u0173 gamintojas ir s\u0117kmingai pristato savo \u012frang\u0105 u\u017esienio rinkose. \u201eDYTRON EUROPE\u201c ypating\u0105 d\u0117mes\u012f skiria savo gamini\u0173 kokybei ir j\u0173 nuolatiniam tobulinimui bei nauj\u0173 produkt\u0173 k\u016brimui.  <\/p>\n\t\t\t\t\t\t\t\t<\/div>\n\t\t\t\t<\/div>\n\t\t\t\t<div class=\"elementor-element elementor-element-9d5d139 elementor-invisible elementor-widget elementor-widget-button\" data-id=\"9d5d139\" data-element_type=\"widget\" data-e-type=\"widget\" data-settings=\"{&quot;_animation&quot;:&quot;fadeInUp&quot;,&quot;_animation_delay&quot;:600}\" data-widget_type=\"button.default\">\n\t\t\t\t<div class=\"elementor-widget-container\">\n\t\t\t\t\t\t\t\t\t<div class=\"elementor-button-wrapper\">\n\t\t\t\t\t<a class=\"elementor-button elementor-button-link elementor-size-md\" href=\"http:\/\/www.dytron.eu\/en\/introduction\/\" target=\"_blank\">\n\t\t\t\t\t\t<span class=\"elementor-button-content-wrapper\">\n\t\t\t\t\t\t\t\t\t<span class=\"elementor-button-text\">Daugiau informacijos<\/span>\n\t\t\t\t\t<\/span>\n\t\t\t\t\t<\/a>\n\t\t\t\t<\/div>\n\t\t\t\t\t\t\t\t<\/div>\n\t\t\t\t<\/div>\n\t\t\t\t<\/div>\n\t\t\t\t<\/div>\n\t\t\t\t\t<\/div>\n\t\t\t\t<\/div>\n\t\t\t\t<\/div>\n\t\t","protected":false},"excerpt":{"rendered":"<p>Gr\u012f\u017eti \u012f ap\u017evalg\u0105 PLASTIKO SUSVIRINIMO \u012eRANGA \u201eDYTRON EUROPE\u201c \u201eDYTRON EUROPE\u201c bendrov\u0117 yra viena did\u017eiausi\u0173 plastiko suvirinimo \u012frangos Europos gamintoj\u0173. Ji u\u017eima pirmaujan\u010di\u0105 pozicij\u0105 \u010cekijos rinkoje kaip did\u017eiausias specializuotas \u0161i\u0173 produkt\u0173 gamintojas ir s\u0117kmingai pristato savo \u012frang\u0105 u\u017esienio rinkose. \u201eDYTRON EUROPE\u201c ypating\u0105 d\u0117mes\u012f skiria savo gamini\u0173 kokybei ir j\u0173 nuolatiniam tobulinimui bei nauj\u0173 produkt\u0173 k\u016brimui. Daugiau [&hellip;]<\/p>\n","protected":false},"author":1,"featured_media":0,"parent":1242,"menu_order":0,"comment_status":"closed","ping_status":"closed","template":"elementor_header_footer","meta":{"_acf_changed":false,"inline_featured_image":false,"footnotes":""},"class_list":["post-1702","page","type-page","status-publish","hentry"],"acf":[],"yoast_head":"<!-- This site is optimized with the Yoast SEO plugin v27.2 - https:\/\/yoast.com\/product\/yoast-seo-wordpress\/ -->\n<title>PLASTIKO SUSVIRINIMO \u012eRANGA \u201eDYTRON EUROPE\u201c - Vermeer Baltic<\/title>\n<meta name=\"robots\" content=\"index, follow, max-snippet:-1, max-image-preview:large, max-video-preview:-1\" \/>\n<link rel=\"canonical\" href=\"https:\/\/vermeerbaltic.eu\/lt\/grezimo-iranga\/dytron-europe-plastiko-suvirinimas\/\" \/>\n<meta property=\"og:locale\" content=\"lt_LT\" \/>\n<meta property=\"og:type\" content=\"article\" \/>\n<meta property=\"og:title\" content=\"PLASTIKO SUSVIRINIMO \u012eRANGA \u201eDYTRON EUROPE\u201c - Vermeer Baltic\" \/>\n<meta property=\"og:description\" content=\"Gr\u012f\u017eti \u012f ap\u017evalg\u0105 PLASTIKO SUSVIRINIMO \u012eRANGA \u201eDYTRON EUROPE\u201c \u201eDYTRON EUROPE\u201c bendrov\u0117 yra viena did\u017eiausi\u0173 plastiko suvirinimo \u012frangos Europos gamintoj\u0173. Ji u\u017eima pirmaujan\u010di\u0105 pozicij\u0105 \u010cekijos rinkoje kaip did\u017eiausias specializuotas \u0161i\u0173 produkt\u0173 gamintojas ir s\u0117kmingai pristato savo \u012frang\u0105 u\u017esienio rinkose. \u201eDYTRON EUROPE\u201c ypating\u0105 d\u0117mes\u012f skiria savo gamini\u0173 kokybei ir j\u0173 nuolatiniam tobulinimui bei nauj\u0173 produkt\u0173 k\u016brimui. Daugiau [&hellip;]\" \/>\n<meta property=\"og:url\" content=\"https:\/\/vermeerbaltic.eu\/lt\/grezimo-iranga\/dytron-europe-plastiko-suvirinimas\/\" \/>\n<meta property=\"og:site_name\" content=\"Vermeer Baltic\" \/>\n<meta property=\"article:modified_time\" content=\"2025-02-14T07:16:10+00:00\" \/>\n<meta property=\"og:image\" content=\"https:\/\/vermeerbaltic.eu\/wp-content\/uploads\/2023\/05\/sth-twplus-large.jpg\" \/>\n\t<meta property=\"og:image:width\" content=\"280\" \/>\n\t<meta property=\"og:image:height\" content=\"233\" \/>\n\t<meta property=\"og:image:type\" content=\"image\/jpeg\" \/>\n<meta name=\"twitter:card\" content=\"summary_large_image\" \/>\n<script type=\"application\/ld+json\" class=\"yoast-schema-graph\">{\"@context\":\"https:\/\/schema.org\",\"@graph\":[{\"@type\":\"WebPage\",\"@id\":\"https:\/\/vermeerbaltic.eu\/lt\/grezimo-iranga\/dytron-europe-plastiko-suvirinimas\/\",\"url\":\"https:\/\/vermeerbaltic.eu\/lt\/grezimo-iranga\/dytron-europe-plastiko-suvirinimas\/\",\"name\":\"PLASTIKO SUSVIRINIMO \u012eRANGA \u201eDYTRON EUROPE\u201c - Vermeer Baltic\",\"isPartOf\":{\"@id\":\"https:\/\/vermeerbaltic.eu\/lt\/#website\"},\"primaryImageOfPage\":{\"@id\":\"https:\/\/vermeerbaltic.eu\/lt\/grezimo-iranga\/dytron-europe-plastiko-suvirinimas\/#primaryimage\"},\"image\":{\"@id\":\"https:\/\/vermeerbaltic.eu\/lt\/grezimo-iranga\/dytron-europe-plastiko-suvirinimas\/#primaryimage\"},\"thumbnailUrl\":\"https:\/\/vermeerbaltic.eu\/wp-content\/uploads\/2023\/05\/sth-twplus-large.jpg\",\"datePublished\":\"2023-07-03T10:02:49+00:00\",\"dateModified\":\"2025-02-14T07:16:10+00:00\",\"breadcrumb\":{\"@id\":\"https:\/\/vermeerbaltic.eu\/lt\/grezimo-iranga\/dytron-europe-plastiko-suvirinimas\/#breadcrumb\"},\"inLanguage\":\"lt-LT\",\"potentialAction\":[{\"@type\":\"ReadAction\",\"target\":[\"https:\/\/vermeerbaltic.eu\/lt\/grezimo-iranga\/dytron-europe-plastiko-suvirinimas\/\"]}]},{\"@type\":\"ImageObject\",\"inLanguage\":\"lt-LT\",\"@id\":\"https:\/\/vermeerbaltic.eu\/lt\/grezimo-iranga\/dytron-europe-plastiko-suvirinimas\/#primaryimage\",\"url\":\"https:\/\/vermeerbaltic.eu\/wp-content\/uploads\/2023\/05\/sth-twplus-large.jpg\",\"contentUrl\":\"https:\/\/vermeerbaltic.eu\/wp-content\/uploads\/2023\/05\/sth-twplus-large.jpg\"},{\"@type\":\"BreadcrumbList\",\"@id\":\"https:\/\/vermeerbaltic.eu\/lt\/grezimo-iranga\/dytron-europe-plastiko-suvirinimas\/#breadcrumb\",\"itemListElement\":[{\"@type\":\"ListItem\",\"position\":1,\"name\":\"Home\",\"item\":\"https:\/\/vermeerbaltic.eu\/lt\/titulinis-lapas\/\"},{\"@type\":\"ListItem\",\"position\":2,\"name\":\"Gr\u0119\u017eimo \u012franga\",\"item\":\"https:\/\/vermeerbaltic.eu\/lt\/grezimo-iranga\/\"},{\"@type\":\"ListItem\",\"position\":3,\"name\":\"PLASTIKO SUSVIRINIMO \u012eRANGA \u201eDYTRON EUROPE\u201c\"}]},{\"@type\":\"WebSite\",\"@id\":\"https:\/\/vermeerbaltic.eu\/lt\/#website\",\"url\":\"https:\/\/vermeerbaltic.eu\/lt\/\",\"name\":\"Vermeer Baltic\",\"description\":\"\",\"publisher\":{\"@id\":\"https:\/\/vermeerbaltic.eu\/lt\/#organization\"},\"potentialAction\":[{\"@type\":\"SearchAction\",\"target\":{\"@type\":\"EntryPoint\",\"urlTemplate\":\"https:\/\/vermeerbaltic.eu\/lt\/?s={search_term_string}\"},\"query-input\":{\"@type\":\"PropertyValueSpecification\",\"valueRequired\":true,\"valueName\":\"search_term_string\"}}],\"inLanguage\":\"lt-LT\"},{\"@type\":\"Organization\",\"@id\":\"https:\/\/vermeerbaltic.eu\/lt\/#organization\",\"name\":\"Vermeer Baltic O\u00dc\",\"url\":\"https:\/\/vermeerbaltic.eu\/lt\/\",\"logo\":{\"@type\":\"ImageObject\",\"inLanguage\":\"lt-LT\",\"@id\":\"https:\/\/vermeerbaltic.eu\/lt\/#\/schema\/logo\/image\/\",\"url\":\"https:\/\/vermeerbaltic.eu\/wp-content\/uploads\/2023\/04\/DealerLogo_Baltics_4lr.png\",\"contentUrl\":\"https:\/\/vermeerbaltic.eu\/wp-content\/uploads\/2023\/04\/DealerLogo_Baltics_4lr.png\",\"width\":1054,\"height\":267,\"caption\":\"Vermeer Baltic O\u00dc\"},\"image\":{\"@id\":\"https:\/\/vermeerbaltic.eu\/lt\/#\/schema\/logo\/image\/\"}}]}<\/script>\n<!-- \/ Yoast SEO plugin. -->","yoast_head_json":{"title":"PLASTIKO SUSVIRINIMO \u012eRANGA \u201eDYTRON EUROPE\u201c - Vermeer Baltic","robots":{"index":"index","follow":"follow","max-snippet":"max-snippet:-1","max-image-preview":"max-image-preview:large","max-video-preview":"max-video-preview:-1"},"canonical":"https:\/\/vermeerbaltic.eu\/lt\/grezimo-iranga\/dytron-europe-plastiko-suvirinimas\/","og_locale":"lt_LT","og_type":"article","og_title":"PLASTIKO SUSVIRINIMO \u012eRANGA \u201eDYTRON EUROPE\u201c - Vermeer Baltic","og_description":"Gr\u012f\u017eti \u012f ap\u017evalg\u0105 PLASTIKO SUSVIRINIMO \u012eRANGA \u201eDYTRON EUROPE\u201c \u201eDYTRON EUROPE\u201c bendrov\u0117 yra viena did\u017eiausi\u0173 plastiko suvirinimo \u012frangos Europos gamintoj\u0173. Ji u\u017eima pirmaujan\u010di\u0105 pozicij\u0105 \u010cekijos rinkoje kaip did\u017eiausias specializuotas \u0161i\u0173 produkt\u0173 gamintojas ir s\u0117kmingai pristato savo \u012frang\u0105 u\u017esienio rinkose. \u201eDYTRON EUROPE\u201c ypating\u0105 d\u0117mes\u012f skiria savo gamini\u0173 kokybei ir j\u0173 nuolatiniam tobulinimui bei nauj\u0173 produkt\u0173 k\u016brimui. Daugiau [&hellip;]","og_url":"https:\/\/vermeerbaltic.eu\/lt\/grezimo-iranga\/dytron-europe-plastiko-suvirinimas\/","og_site_name":"Vermeer Baltic","article_modified_time":"2025-02-14T07:16:10+00:00","og_image":[{"width":280,"height":233,"url":"https:\/\/vermeerbaltic.eu\/wp-content\/uploads\/2023\/05\/sth-twplus-large.jpg","type":"image\/jpeg"}],"twitter_card":"summary_large_image","schema":{"@context":"https:\/\/schema.org","@graph":[{"@type":"WebPage","@id":"https:\/\/vermeerbaltic.eu\/lt\/grezimo-iranga\/dytron-europe-plastiko-suvirinimas\/","url":"https:\/\/vermeerbaltic.eu\/lt\/grezimo-iranga\/dytron-europe-plastiko-suvirinimas\/","name":"PLASTIKO SUSVIRINIMO \u012eRANGA \u201eDYTRON EUROPE\u201c - Vermeer Baltic","isPartOf":{"@id":"https:\/\/vermeerbaltic.eu\/lt\/#website"},"primaryImageOfPage":{"@id":"https:\/\/vermeerbaltic.eu\/lt\/grezimo-iranga\/dytron-europe-plastiko-suvirinimas\/#primaryimage"},"image":{"@id":"https:\/\/vermeerbaltic.eu\/lt\/grezimo-iranga\/dytron-europe-plastiko-suvirinimas\/#primaryimage"},"thumbnailUrl":"https:\/\/vermeerbaltic.eu\/wp-content\/uploads\/2023\/05\/sth-twplus-large.jpg","datePublished":"2023-07-03T10:02:49+00:00","dateModified":"2025-02-14T07:16:10+00:00","breadcrumb":{"@id":"https:\/\/vermeerbaltic.eu\/lt\/grezimo-iranga\/dytron-europe-plastiko-suvirinimas\/#breadcrumb"},"inLanguage":"lt-LT","potentialAction":[{"@type":"ReadAction","target":["https:\/\/vermeerbaltic.eu\/lt\/grezimo-iranga\/dytron-europe-plastiko-suvirinimas\/"]}]},{"@type":"ImageObject","inLanguage":"lt-LT","@id":"https:\/\/vermeerbaltic.eu\/lt\/grezimo-iranga\/dytron-europe-plastiko-suvirinimas\/#primaryimage","url":"https:\/\/vermeerbaltic.eu\/wp-content\/uploads\/2023\/05\/sth-twplus-large.jpg","contentUrl":"https:\/\/vermeerbaltic.eu\/wp-content\/uploads\/2023\/05\/sth-twplus-large.jpg"},{"@type":"BreadcrumbList","@id":"https:\/\/vermeerbaltic.eu\/lt\/grezimo-iranga\/dytron-europe-plastiko-suvirinimas\/#breadcrumb","itemListElement":[{"@type":"ListItem","position":1,"name":"Home","item":"https:\/\/vermeerbaltic.eu\/lt\/titulinis-lapas\/"},{"@type":"ListItem","position":2,"name":"Gr\u0119\u017eimo \u012franga","item":"https:\/\/vermeerbaltic.eu\/lt\/grezimo-iranga\/"},{"@type":"ListItem","position":3,"name":"PLASTIKO SUSVIRINIMO \u012eRANGA \u201eDYTRON EUROPE\u201c"}]},{"@type":"WebSite","@id":"https:\/\/vermeerbaltic.eu\/lt\/#website","url":"https:\/\/vermeerbaltic.eu\/lt\/","name":"Vermeer Baltic","description":"","publisher":{"@id":"https:\/\/vermeerbaltic.eu\/lt\/#organization"},"potentialAction":[{"@type":"SearchAction","target":{"@type":"EntryPoint","urlTemplate":"https:\/\/vermeerbaltic.eu\/lt\/?s={search_term_string}"},"query-input":{"@type":"PropertyValueSpecification","valueRequired":true,"valueName":"search_term_string"}}],"inLanguage":"lt-LT"},{"@type":"Organization","@id":"https:\/\/vermeerbaltic.eu\/lt\/#organization","name":"Vermeer Baltic O\u00dc","url":"https:\/\/vermeerbaltic.eu\/lt\/","logo":{"@type":"ImageObject","inLanguage":"lt-LT","@id":"https:\/\/vermeerbaltic.eu\/lt\/#\/schema\/logo\/image\/","url":"https:\/\/vermeerbaltic.eu\/wp-content\/uploads\/2023\/04\/DealerLogo_Baltics_4lr.png","contentUrl":"https:\/\/vermeerbaltic.eu\/wp-content\/uploads\/2023\/04\/DealerLogo_Baltics_4lr.png","width":1054,"height":267,"caption":"Vermeer Baltic O\u00dc"},"image":{"@id":"https:\/\/vermeerbaltic.eu\/lt\/#\/schema\/logo\/image\/"}}]}},"_links":{"self":[{"href":"https:\/\/vermeerbaltic.eu\/lt\/wp-json\/wp\/v2\/pages\/1702","targetHints":{"allow":["GET"]}}],"collection":[{"href":"https:\/\/vermeerbaltic.eu\/lt\/wp-json\/wp\/v2\/pages"}],"about":[{"href":"https:\/\/vermeerbaltic.eu\/lt\/wp-json\/wp\/v2\/types\/page"}],"author":[{"embeddable":true,"href":"https:\/\/vermeerbaltic.eu\/lt\/wp-json\/wp\/v2\/users\/1"}],"replies":[{"embeddable":true,"href":"https:\/\/vermeerbaltic.eu\/lt\/wp-json\/wp\/v2\/comments?post=1702"}],"version-history":[{"count":3,"href":"https:\/\/vermeerbaltic.eu\/lt\/wp-json\/wp\/v2\/pages\/1702\/revisions"}],"predecessor-version":[{"id":1971,"href":"https:\/\/vermeerbaltic.eu\/lt\/wp-json\/wp\/v2\/pages\/1702\/revisions\/1971"}],"up":[{"embeddable":true,"href":"https:\/\/vermeerbaltic.eu\/lt\/wp-json\/wp\/v2\/pages\/1242"}],"wp:attachment":[{"href":"https:\/\/vermeerbaltic.eu\/lt\/wp-json\/wp\/v2\/media?parent=1702"}],"curies":[{"name":"wp","href":"https:\/\/api.w.org\/{rel}","templated":true}]}}