{"id":1708,"date":"2023-07-03T12:00:55","date_gmt":"2023-07-03T10:00:55","guid":{"rendered":"https:\/\/vermeerbaltic.eu\/grezimo-iranga\/grezimo-irankiais-bei-reikmenimis\/"},"modified":"2025-02-14T07:15:04","modified_gmt":"2025-02-14T07:15:04","slug":"grezimo-irankiais-bei-reikmenimis","status":"publish","type":"page","link":"https:\/\/vermeerbaltic.eu\/lt\/grezimo-iranga\/grezimo-irankiais-bei-reikmenimis\/","title":{"rendered":"GR\u0118\u017dIMO \u012eRANKIAI BEI REIKMENYS"},"content":{"rendered":"\t\t<div data-elementor-type=\"wp-page\" data-elementor-id=\"1708\" class=\"elementor elementor-1708 elementor-1658\" data-elementor-post-type=\"page\">\n\t\t\t\t<div class=\"elementor-element elementor-element-684b1fc e-flex e-con-boxed e-con e-parent\" data-id=\"684b1fc\" data-element_type=\"container\" data-e-type=\"container\" data-settings=\"{&quot;background_background&quot;:&quot;classic&quot;}\">\n\t\t\t\t\t<div class=\"e-con-inner\">\n\t\t\t\t<div class=\"elementor-element elementor-element-6b7be4b elementor-invisible elementor-widget elementor-widget-button\" data-id=\"6b7be4b\" data-element_type=\"widget\" data-e-type=\"widget\" data-settings=\"{&quot;_animation&quot;:&quot;fadeInUp&quot;,&quot;_animation_delay&quot;:100}\" data-widget_type=\"button.default\">\n\t\t\t\t<div class=\"elementor-widget-container\">\n\t\t\t\t\t\t\t\t\t<div class=\"elementor-button-wrapper\">\n\t\t\t\t\t<a class=\"elementor-button elementor-button-link elementor-size-md\" href=\"https:\/\/vermeerbaltic.eu\/lt\/grezimo-iranga\/\">\n\t\t\t\t\t\t<span class=\"elementor-button-content-wrapper\">\n\t\t\t\t\t\t\t\t\t<span class=\"elementor-button-text\">Gr\u012f\u017eti \u012f ap\u017evalg\u0105<\/span>\n\t\t\t\t\t<\/span>\n\t\t\t\t\t<\/a>\n\t\t\t\t<\/div>\n\t\t\t\t\t\t\t\t<\/div>\n\t\t\t\t<\/div>\n\t\t\t\t\t<\/div>\n\t\t\t\t<\/div>\n\t\t<div class=\"elementor-element elementor-element-e026f1a e-flex e-con-boxed e-con e-parent\" data-id=\"e026f1a\" data-element_type=\"container\" data-e-type=\"container\" data-settings=\"{&quot;background_background&quot;:&quot;classic&quot;}\">\n\t\t\t\t\t<div class=\"e-con-inner\">\n\t\t<div class=\"elementor-element elementor-element-4f28083 e-con-full e-transform e-flex e-con e-parent\" data-id=\"4f28083\" data-element_type=\"container\" data-e-type=\"container\" data-settings=\"{&quot;_transform_skewX_effect&quot;:{&quot;unit&quot;:&quot;px&quot;,&quot;size&quot;:-25,&quot;sizes&quot;:[]},&quot;background_background&quot;:&quot;classic&quot;,&quot;_transform_skewX_effect_tablet&quot;:{&quot;unit&quot;:&quot;deg&quot;,&quot;size&quot;:&quot;&quot;,&quot;sizes&quot;:[]},&quot;_transform_skewX_effect_mobile&quot;:{&quot;unit&quot;:&quot;deg&quot;,&quot;size&quot;:&quot;&quot;,&quot;sizes&quot;:[]},&quot;_transform_skewY_effect&quot;:{&quot;unit&quot;:&quot;px&quot;,&quot;size&quot;:&quot;&quot;,&quot;sizes&quot;:[]},&quot;_transform_skewY_effect_tablet&quot;:{&quot;unit&quot;:&quot;deg&quot;,&quot;size&quot;:&quot;&quot;,&quot;sizes&quot;:[]},&quot;_transform_skewY_effect_mobile&quot;:{&quot;unit&quot;:&quot;deg&quot;,&quot;size&quot;:&quot;&quot;,&quot;sizes&quot;:[]}}\">\n\t\t\t\t<div class=\"elementor-element elementor-element-aba4e40 e-transform elementor-widget elementor-widget-image\" data-id=\"aba4e40\" data-element_type=\"widget\" data-e-type=\"widget\" data-settings=\"{&quot;_transform_skewX_effect&quot;:{&quot;unit&quot;:&quot;px&quot;,&quot;size&quot;:25,&quot;sizes&quot;:[]},&quot;_transform_skewX_effect_tablet&quot;:{&quot;unit&quot;:&quot;deg&quot;,&quot;size&quot;:&quot;&quot;,&quot;sizes&quot;:[]},&quot;_transform_skewX_effect_mobile&quot;:{&quot;unit&quot;:&quot;deg&quot;,&quot;size&quot;:&quot;&quot;,&quot;sizes&quot;:[]},&quot;_transform_skewY_effect&quot;:{&quot;unit&quot;:&quot;px&quot;,&quot;size&quot;:&quot;&quot;,&quot;sizes&quot;:[]},&quot;_transform_skewY_effect_tablet&quot;:{&quot;unit&quot;:&quot;deg&quot;,&quot;size&quot;:&quot;&quot;,&quot;sizes&quot;:[]},&quot;_transform_skewY_effect_mobile&quot;:{&quot;unit&quot;:&quot;deg&quot;,&quot;size&quot;:&quot;&quot;,&quot;sizes&quot;:[]}}\" data-widget_type=\"image.default\">\n\t\t\t\t<div class=\"elementor-widget-container\">\n\t\t\t\t\t\t\t\t\t\t\t\t\t\t\t<img fetchpriority=\"high\" decoding=\"async\" width=\"775\" height=\"92\" src=\"https:\/\/vermeerbaltic.eu\/wp-content\/uploads\/2023\/05\/0001457.png\" class=\"attachment-large size-large wp-image-1016\" alt=\"\" srcset=\"https:\/\/vermeerbaltic.eu\/wp-content\/uploads\/2023\/05\/0001457.png 775w, https:\/\/vermeerbaltic.eu\/wp-content\/uploads\/2023\/05\/0001457-300x36.png 300w, https:\/\/vermeerbaltic.eu\/wp-content\/uploads\/2023\/05\/0001457-768x91.png 768w\" sizes=\"(max-width: 775px) 100vw, 775px\" \/>\t\t\t\t\t\t\t\t\t\t\t\t\t\t\t<\/div>\n\t\t\t\t<\/div>\n\t\t\t\t<\/div>\n\t\t<div class=\"elementor-element elementor-element-aa835c9 e-con-full e-flex e-con e-parent\" data-id=\"aa835c9\" data-element_type=\"container\" data-e-type=\"container\" data-settings=\"{&quot;background_background&quot;:&quot;classic&quot;}\">\n\t\t<div class=\"elementor-element elementor-element-39b1107 e-con-full e-flex e-con e-parent\" data-id=\"39b1107\" data-element_type=\"container\" data-e-type=\"container\" data-settings=\"{&quot;background_background&quot;:&quot;classic&quot;}\">\n\t\t\t\t<div class=\"elementor-element elementor-element-2f84137 model elementor-widget elementor-widget-heading\" data-id=\"2f84137\" data-element_type=\"widget\" data-e-type=\"widget\" data-widget_type=\"heading.default\">\n\t\t\t\t<div class=\"elementor-widget-container\">\n\t\t\t\t\t<h2 class=\"elementor-heading-title elementor-size-default\">GR\u0118\u017dIMO \u012eRANKIAI BEI REIKMENYS<\/h2>\t\t\t\t<\/div>\n\t\t\t\t<\/div>\n\t\t\t\t<div class=\"elementor-element elementor-element-26aa326 elementor-widget elementor-widget-text-editor\" data-id=\"26aa326\" data-element_type=\"widget\" data-e-type=\"widget\" data-widget_type=\"text-editor.default\">\n\t\t\t\t<div class=\"elementor-widget-container\">\n\t\t\t\t\t\t\t\t\t<p>Nuo pat savo veiklos prad\u017eios \u201eVermeer\u201c yra horizontaliojo kryptinio gr\u0119\u017eimo srities inovacij\u0173 lyder\u0117. Vadovaudamiesi \u0161ia tradicija, mes did\u017eiuojam\u0117s ir d\u017eiaugiam\u0117s gal\u0117dami Jums pristatyti BORESTORE.EU \u2013 visavert\u0119 internetin\u0119 parduotuv\u0119, prieinam\u0105 visiems Europos S\u0105jungos ir NVS \u0161ali\u0173 vartotojams, kurioje prekiaujame HDD (horizontaliojo kryptinio gr\u0119\u017eimo) \u012frankiais bei reikmenimis. <\/p>\n\t\t\t\t\t\t\t\t<\/div>\n\t\t\t\t<\/div>\n\t\t\t\t<div class=\"elementor-element elementor-element-0c9f2e0 elementor-invisible elementor-widget elementor-widget-button\" data-id=\"0c9f2e0\" data-element_type=\"widget\" data-e-type=\"widget\" data-settings=\"{&quot;_animation&quot;:&quot;fadeInUp&quot;,&quot;_animation_delay&quot;:600}\" data-widget_type=\"button.default\">\n\t\t\t\t<div class=\"elementor-widget-container\">\n\t\t\t\t\t\t\t\t\t<div class=\"elementor-button-wrapper\">\n\t\t\t\t\t<a class=\"elementor-button elementor-button-link elementor-size-md\" href=\"http:\/\/www.borestore.eu\/\" target=\"_blank\">\n\t\t\t\t\t\t<span class=\"elementor-button-content-wrapper\">\n\t\t\t\t\t\t\t\t\t<span class=\"elementor-button-text\">Pereiti \u012f parduotuv\u0119<\/span>\n\t\t\t\t\t<\/span>\n\t\t\t\t\t<\/a>\n\t\t\t\t<\/div>\n\t\t\t\t\t\t\t\t<\/div>\n\t\t\t\t<\/div>\n\t\t\t\t<\/div>\n\t\t\t\t<\/div>\n\t\t\t\t\t<\/div>\n\t\t\t\t<\/div>\n\t\t\t\t<\/div>\n\t\t","protected":false},"excerpt":{"rendered":"<p>Gr\u012f\u017eti \u012f ap\u017evalg\u0105 GR\u0118\u017dIMO \u012eRANKIAI BEI REIKMENYS Nuo pat savo veiklos prad\u017eios \u201eVermeer\u201c yra horizontaliojo kryptinio gr\u0119\u017eimo srities inovacij\u0173 lyder\u0117. Vadovaudamiesi \u0161ia tradicija, mes did\u017eiuojam\u0117s ir d\u017eiaugiam\u0117s gal\u0117dami Jums pristatyti BORESTORE.EU \u2013 visavert\u0119 internetin\u0119 parduotuv\u0119, prieinam\u0105 visiems Europos S\u0105jungos ir NVS \u0161ali\u0173 vartotojams, kurioje prekiaujame HDD (horizontaliojo kryptinio gr\u0119\u017eimo) \u012frankiais bei reikmenimis. Pereiti \u012f parduotuv\u0119<\/p>\n","protected":false},"author":1,"featured_media":0,"parent":1242,"menu_order":0,"comment_status":"closed","ping_status":"closed","template":"elementor_header_footer","meta":{"_acf_changed":false,"inline_featured_image":false,"footnotes":""},"class_list":["post-1708","page","type-page","status-publish","hentry"],"acf":[],"yoast_head":"<!-- This site is optimized with the Yoast SEO plugin v27.4 - https:\/\/yoast.com\/product\/yoast-seo-wordpress\/ -->\n<title>GR\u0118\u017dIMO \u012eRANKIAI BEI REIKMENYS - Vermeer Baltic<\/title>\n<meta name=\"robots\" content=\"index, follow, max-snippet:-1, max-image-preview:large, max-video-preview:-1\" \/>\n<link rel=\"canonical\" href=\"https:\/\/vermeerbaltic.eu\/lt\/grezimo-iranga\/grezimo-irankiais-bei-reikmenimis\/\" \/>\n<meta property=\"og:locale\" content=\"lt_LT\" \/>\n<meta property=\"og:type\" content=\"article\" \/>\n<meta property=\"og:title\" content=\"GR\u0118\u017dIMO \u012eRANKIAI BEI REIKMENYS - Vermeer Baltic\" \/>\n<meta property=\"og:description\" content=\"Gr\u012f\u017eti \u012f ap\u017evalg\u0105 GR\u0118\u017dIMO \u012eRANKIAI BEI REIKMENYS Nuo pat savo veiklos prad\u017eios \u201eVermeer\u201c yra horizontaliojo kryptinio gr\u0119\u017eimo srities inovacij\u0173 lyder\u0117. Vadovaudamiesi \u0161ia tradicija, mes did\u017eiuojam\u0117s ir d\u017eiaugiam\u0117s gal\u0117dami Jums pristatyti BORESTORE.EU \u2013 visavert\u0119 internetin\u0119 parduotuv\u0119, prieinam\u0105 visiems Europos S\u0105jungos ir NVS \u0161ali\u0173 vartotojams, kurioje prekiaujame HDD (horizontaliojo kryptinio gr\u0119\u017eimo) \u012frankiais bei reikmenimis. Pereiti \u012f parduotuv\u0119\" \/>\n<meta property=\"og:url\" content=\"https:\/\/vermeerbaltic.eu\/lt\/grezimo-iranga\/grezimo-irankiais-bei-reikmenimis\/\" \/>\n<meta property=\"og:site_name\" content=\"Vermeer Baltic\" \/>\n<meta property=\"article:modified_time\" content=\"2025-02-14T07:15:04+00:00\" \/>\n<meta property=\"og:image\" content=\"https:\/\/vermeerbaltic.eu\/wp-content\/uploads\/2023\/05\/0001457.png\" \/>\n\t<meta property=\"og:image:width\" content=\"775\" \/>\n\t<meta property=\"og:image:height\" content=\"92\" \/>\n\t<meta property=\"og:image:type\" content=\"image\/png\" \/>\n<meta name=\"twitter:card\" content=\"summary_large_image\" \/>\n<script type=\"application\/ld+json\" class=\"yoast-schema-graph\">{\"@context\":\"https:\\\/\\\/schema.org\",\"@graph\":[{\"@type\":\"WebPage\",\"@id\":\"https:\\\/\\\/vermeerbaltic.eu\\\/lt\\\/grezimo-iranga\\\/grezimo-irankiais-bei-reikmenimis\\\/\",\"url\":\"https:\\\/\\\/vermeerbaltic.eu\\\/lt\\\/grezimo-iranga\\\/grezimo-irankiais-bei-reikmenimis\\\/\",\"name\":\"GR\u0118\u017dIMO \u012eRANKIAI BEI REIKMENYS - Vermeer Baltic\",\"isPartOf\":{\"@id\":\"https:\\\/\\\/vermeerbaltic.eu\\\/lt\\\/#website\"},\"primaryImageOfPage\":{\"@id\":\"https:\\\/\\\/vermeerbaltic.eu\\\/lt\\\/grezimo-iranga\\\/grezimo-irankiais-bei-reikmenimis\\\/#primaryimage\"},\"image\":{\"@id\":\"https:\\\/\\\/vermeerbaltic.eu\\\/lt\\\/grezimo-iranga\\\/grezimo-irankiais-bei-reikmenimis\\\/#primaryimage\"},\"thumbnailUrl\":\"https:\\\/\\\/vermeerbaltic.eu\\\/wp-content\\\/uploads\\\/2023\\\/05\\\/0001457.png\",\"datePublished\":\"2023-07-03T10:00:55+00:00\",\"dateModified\":\"2025-02-14T07:15:04+00:00\",\"breadcrumb\":{\"@id\":\"https:\\\/\\\/vermeerbaltic.eu\\\/lt\\\/grezimo-iranga\\\/grezimo-irankiais-bei-reikmenimis\\\/#breadcrumb\"},\"inLanguage\":\"lt-LT\",\"potentialAction\":[{\"@type\":\"ReadAction\",\"target\":[\"https:\\\/\\\/vermeerbaltic.eu\\\/lt\\\/grezimo-iranga\\\/grezimo-irankiais-bei-reikmenimis\\\/\"]}]},{\"@type\":\"ImageObject\",\"inLanguage\":\"lt-LT\",\"@id\":\"https:\\\/\\\/vermeerbaltic.eu\\\/lt\\\/grezimo-iranga\\\/grezimo-irankiais-bei-reikmenimis\\\/#primaryimage\",\"url\":\"https:\\\/\\\/vermeerbaltic.eu\\\/wp-content\\\/uploads\\\/2023\\\/05\\\/0001457.png\",\"contentUrl\":\"https:\\\/\\\/vermeerbaltic.eu\\\/wp-content\\\/uploads\\\/2023\\\/05\\\/0001457.png\"},{\"@type\":\"BreadcrumbList\",\"@id\":\"https:\\\/\\\/vermeerbaltic.eu\\\/lt\\\/grezimo-iranga\\\/grezimo-irankiais-bei-reikmenimis\\\/#breadcrumb\",\"itemListElement\":[{\"@type\":\"ListItem\",\"position\":1,\"name\":\"Home\",\"item\":\"https:\\\/\\\/vermeerbaltic.eu\\\/lt\\\/titulinis-lapas\\\/\"},{\"@type\":\"ListItem\",\"position\":2,\"name\":\"Gr\u0119\u017eimo \u012franga\",\"item\":\"https:\\\/\\\/vermeerbaltic.eu\\\/lt\\\/grezimo-iranga\\\/\"},{\"@type\":\"ListItem\",\"position\":3,\"name\":\"GR\u0118\u017dIMO \u012eRANKIAI BEI REIKMENYS\"}]},{\"@type\":\"WebSite\",\"@id\":\"https:\\\/\\\/vermeerbaltic.eu\\\/lt\\\/#website\",\"url\":\"https:\\\/\\\/vermeerbaltic.eu\\\/lt\\\/\",\"name\":\"Vermeer Baltic\",\"description\":\"\",\"publisher\":{\"@id\":\"https:\\\/\\\/vermeerbaltic.eu\\\/lt\\\/#organization\"},\"potentialAction\":[{\"@type\":\"SearchAction\",\"target\":{\"@type\":\"EntryPoint\",\"urlTemplate\":\"https:\\\/\\\/vermeerbaltic.eu\\\/lt\\\/?s={search_term_string}\"},\"query-input\":{\"@type\":\"PropertyValueSpecification\",\"valueRequired\":true,\"valueName\":\"search_term_string\"}}],\"inLanguage\":\"lt-LT\"},{\"@type\":\"Organization\",\"@id\":\"https:\\\/\\\/vermeerbaltic.eu\\\/lt\\\/#organization\",\"name\":\"Vermeer Baltic O\u00dc\",\"url\":\"https:\\\/\\\/vermeerbaltic.eu\\\/lt\\\/\",\"logo\":{\"@type\":\"ImageObject\",\"inLanguage\":\"lt-LT\",\"@id\":\"https:\\\/\\\/vermeerbaltic.eu\\\/lt\\\/#\\\/schema\\\/logo\\\/image\\\/\",\"url\":\"https:\\\/\\\/vermeerbaltic.eu\\\/wp-content\\\/uploads\\\/2023\\\/04\\\/DealerLogo_Baltics_4lr.png\",\"contentUrl\":\"https:\\\/\\\/vermeerbaltic.eu\\\/wp-content\\\/uploads\\\/2023\\\/04\\\/DealerLogo_Baltics_4lr.png\",\"width\":1054,\"height\":267,\"caption\":\"Vermeer Baltic O\u00dc\"},\"image\":{\"@id\":\"https:\\\/\\\/vermeerbaltic.eu\\\/lt\\\/#\\\/schema\\\/logo\\\/image\\\/\"}}]}<\/script>\n<!-- \/ Yoast SEO plugin. -->","yoast_head_json":{"title":"GR\u0118\u017dIMO \u012eRANKIAI BEI REIKMENYS - Vermeer Baltic","robots":{"index":"index","follow":"follow","max-snippet":"max-snippet:-1","max-image-preview":"max-image-preview:large","max-video-preview":"max-video-preview:-1"},"canonical":"https:\/\/vermeerbaltic.eu\/lt\/grezimo-iranga\/grezimo-irankiais-bei-reikmenimis\/","og_locale":"lt_LT","og_type":"article","og_title":"GR\u0118\u017dIMO \u012eRANKIAI BEI REIKMENYS - Vermeer Baltic","og_description":"Gr\u012f\u017eti \u012f ap\u017evalg\u0105 GR\u0118\u017dIMO \u012eRANKIAI BEI REIKMENYS Nuo pat savo veiklos prad\u017eios \u201eVermeer\u201c yra horizontaliojo kryptinio gr\u0119\u017eimo srities inovacij\u0173 lyder\u0117. Vadovaudamiesi \u0161ia tradicija, mes did\u017eiuojam\u0117s ir d\u017eiaugiam\u0117s gal\u0117dami Jums pristatyti BORESTORE.EU \u2013 visavert\u0119 internetin\u0119 parduotuv\u0119, prieinam\u0105 visiems Europos S\u0105jungos ir NVS \u0161ali\u0173 vartotojams, kurioje prekiaujame HDD (horizontaliojo kryptinio gr\u0119\u017eimo) \u012frankiais bei reikmenimis. Pereiti \u012f parduotuv\u0119","og_url":"https:\/\/vermeerbaltic.eu\/lt\/grezimo-iranga\/grezimo-irankiais-bei-reikmenimis\/","og_site_name":"Vermeer Baltic","article_modified_time":"2025-02-14T07:15:04+00:00","og_image":[{"width":775,"height":92,"url":"https:\/\/vermeerbaltic.eu\/wp-content\/uploads\/2023\/05\/0001457.png","type":"image\/png"}],"twitter_card":"summary_large_image","schema":{"@context":"https:\/\/schema.org","@graph":[{"@type":"WebPage","@id":"https:\/\/vermeerbaltic.eu\/lt\/grezimo-iranga\/grezimo-irankiais-bei-reikmenimis\/","url":"https:\/\/vermeerbaltic.eu\/lt\/grezimo-iranga\/grezimo-irankiais-bei-reikmenimis\/","name":"GR\u0118\u017dIMO \u012eRANKIAI BEI REIKMENYS - Vermeer Baltic","isPartOf":{"@id":"https:\/\/vermeerbaltic.eu\/lt\/#website"},"primaryImageOfPage":{"@id":"https:\/\/vermeerbaltic.eu\/lt\/grezimo-iranga\/grezimo-irankiais-bei-reikmenimis\/#primaryimage"},"image":{"@id":"https:\/\/vermeerbaltic.eu\/lt\/grezimo-iranga\/grezimo-irankiais-bei-reikmenimis\/#primaryimage"},"thumbnailUrl":"https:\/\/vermeerbaltic.eu\/wp-content\/uploads\/2023\/05\/0001457.png","datePublished":"2023-07-03T10:00:55+00:00","dateModified":"2025-02-14T07:15:04+00:00","breadcrumb":{"@id":"https:\/\/vermeerbaltic.eu\/lt\/grezimo-iranga\/grezimo-irankiais-bei-reikmenimis\/#breadcrumb"},"inLanguage":"lt-LT","potentialAction":[{"@type":"ReadAction","target":["https:\/\/vermeerbaltic.eu\/lt\/grezimo-iranga\/grezimo-irankiais-bei-reikmenimis\/"]}]},{"@type":"ImageObject","inLanguage":"lt-LT","@id":"https:\/\/vermeerbaltic.eu\/lt\/grezimo-iranga\/grezimo-irankiais-bei-reikmenimis\/#primaryimage","url":"https:\/\/vermeerbaltic.eu\/wp-content\/uploads\/2023\/05\/0001457.png","contentUrl":"https:\/\/vermeerbaltic.eu\/wp-content\/uploads\/2023\/05\/0001457.png"},{"@type":"BreadcrumbList","@id":"https:\/\/vermeerbaltic.eu\/lt\/grezimo-iranga\/grezimo-irankiais-bei-reikmenimis\/#breadcrumb","itemListElement":[{"@type":"ListItem","position":1,"name":"Home","item":"https:\/\/vermeerbaltic.eu\/lt\/titulinis-lapas\/"},{"@type":"ListItem","position":2,"name":"Gr\u0119\u017eimo \u012franga","item":"https:\/\/vermeerbaltic.eu\/lt\/grezimo-iranga\/"},{"@type":"ListItem","position":3,"name":"GR\u0118\u017dIMO \u012eRANKIAI BEI REIKMENYS"}]},{"@type":"WebSite","@id":"https:\/\/vermeerbaltic.eu\/lt\/#website","url":"https:\/\/vermeerbaltic.eu\/lt\/","name":"Vermeer Baltic","description":"","publisher":{"@id":"https:\/\/vermeerbaltic.eu\/lt\/#organization"},"potentialAction":[{"@type":"SearchAction","target":{"@type":"EntryPoint","urlTemplate":"https:\/\/vermeerbaltic.eu\/lt\/?s={search_term_string}"},"query-input":{"@type":"PropertyValueSpecification","valueRequired":true,"valueName":"search_term_string"}}],"inLanguage":"lt-LT"},{"@type":"Organization","@id":"https:\/\/vermeerbaltic.eu\/lt\/#organization","name":"Vermeer Baltic O\u00dc","url":"https:\/\/vermeerbaltic.eu\/lt\/","logo":{"@type":"ImageObject","inLanguage":"lt-LT","@id":"https:\/\/vermeerbaltic.eu\/lt\/#\/schema\/logo\/image\/","url":"https:\/\/vermeerbaltic.eu\/wp-content\/uploads\/2023\/04\/DealerLogo_Baltics_4lr.png","contentUrl":"https:\/\/vermeerbaltic.eu\/wp-content\/uploads\/2023\/04\/DealerLogo_Baltics_4lr.png","width":1054,"height":267,"caption":"Vermeer Baltic O\u00dc"},"image":{"@id":"https:\/\/vermeerbaltic.eu\/lt\/#\/schema\/logo\/image\/"}}]}},"_links":{"self":[{"href":"https:\/\/vermeerbaltic.eu\/lt\/wp-json\/wp\/v2\/pages\/1708","targetHints":{"allow":["GET"]}}],"collection":[{"href":"https:\/\/vermeerbaltic.eu\/lt\/wp-json\/wp\/v2\/pages"}],"about":[{"href":"https:\/\/vermeerbaltic.eu\/lt\/wp-json\/wp\/v2\/types\/page"}],"author":[{"embeddable":true,"href":"https:\/\/vermeerbaltic.eu\/lt\/wp-json\/wp\/v2\/users\/1"}],"replies":[{"embeddable":true,"href":"https:\/\/vermeerbaltic.eu\/lt\/wp-json\/wp\/v2\/comments?post=1708"}],"version-history":[{"count":3,"href":"https:\/\/vermeerbaltic.eu\/lt\/wp-json\/wp\/v2\/pages\/1708\/revisions"}],"predecessor-version":[{"id":1969,"href":"https:\/\/vermeerbaltic.eu\/lt\/wp-json\/wp\/v2\/pages\/1708\/revisions\/1969"}],"up":[{"embeddable":true,"href":"https:\/\/vermeerbaltic.eu\/lt\/wp-json\/wp\/v2\/pages\/1242"}],"wp:attachment":[{"href":"https:\/\/vermeerbaltic.eu\/lt\/wp-json\/wp\/v2\/media?parent=1708"}],"curies":[{"name":"wp","href":"https:\/\/api.w.org\/{rel}","templated":true}]}}