{"id":1714,"date":"2023-07-03T11:56:29","date_gmt":"2023-07-03T09:56:29","guid":{"rendered":"https:\/\/vermeerbaltic.eu\/grezimo-iranga\/grezimo-is-prieduobes\/"},"modified":"2025-02-14T07:12:29","modified_gmt":"2025-02-14T07:12:29","slug":"grezimo-is-prieduobes","status":"publish","type":"page","link":"https:\/\/vermeerbaltic.eu\/lt\/grezimo-iranga\/grezimo-is-prieduobes\/","title":{"rendered":"GR\u0118\u017dIMAS I\u0160 PRIEDUOB\u0116S"},"content":{"rendered":"\t\t<div data-elementor-type=\"wp-page\" data-elementor-id=\"1714\" class=\"elementor elementor-1714 elementor-1649\" data-elementor-post-type=\"page\">\n\t\t\t\t<div class=\"elementor-element elementor-element-684b1fc e-flex e-con-boxed e-con e-parent\" data-id=\"684b1fc\" data-element_type=\"container\" data-e-type=\"container\" data-settings=\"{&quot;background_background&quot;:&quot;classic&quot;}\">\n\t\t\t\t\t<div class=\"e-con-inner\">\n\t\t\t\t<div class=\"elementor-element elementor-element-6b7be4b elementor-invisible elementor-widget elementor-widget-button\" data-id=\"6b7be4b\" data-element_type=\"widget\" data-e-type=\"widget\" data-settings=\"{&quot;_animation&quot;:&quot;fadeInUp&quot;,&quot;_animation_delay&quot;:100}\" data-widget_type=\"button.default\">\n\t\t\t\t<div class=\"elementor-widget-container\">\n\t\t\t\t\t\t\t\t\t<div class=\"elementor-button-wrapper\">\n\t\t\t\t\t<a class=\"elementor-button elementor-button-link elementor-size-md\" href=\"https:\/\/vermeerbaltic.eu\/lt\/grezimo-iranga\/\">\n\t\t\t\t\t\t<span class=\"elementor-button-content-wrapper\">\n\t\t\t\t\t\t\t\t\t<span class=\"elementor-button-text\">Gr\u012f\u017eti \u012f ap\u017evalg\u0105<\/span>\n\t\t\t\t\t<\/span>\n\t\t\t\t\t<\/a>\n\t\t\t\t<\/div>\n\t\t\t\t\t\t\t\t<\/div>\n\t\t\t\t<\/div>\n\t\t\t\t\t<\/div>\n\t\t\t\t<\/div>\n\t\t<div class=\"elementor-element elementor-element-4273a5a e-flex e-con-boxed e-con e-parent\" data-id=\"4273a5a\" data-element_type=\"container\" data-e-type=\"container\" data-settings=\"{&quot;background_background&quot;:&quot;classic&quot;}\">\n\t\t\t\t\t<div class=\"e-con-inner\">\n\t\t<div class=\"elementor-element elementor-element-25a2119 e-con-full e-transform e-flex e-con e-parent\" data-id=\"25a2119\" data-element_type=\"container\" data-e-type=\"container\" data-settings=\"{&quot;_transform_skewX_effect&quot;:{&quot;unit&quot;:&quot;px&quot;,&quot;size&quot;:-25,&quot;sizes&quot;:[]},&quot;background_background&quot;:&quot;classic&quot;,&quot;_transform_skewX_effect_tablet&quot;:{&quot;unit&quot;:&quot;deg&quot;,&quot;size&quot;:&quot;&quot;,&quot;sizes&quot;:[]},&quot;_transform_skewX_effect_mobile&quot;:{&quot;unit&quot;:&quot;deg&quot;,&quot;size&quot;:&quot;&quot;,&quot;sizes&quot;:[]},&quot;_transform_skewY_effect&quot;:{&quot;unit&quot;:&quot;px&quot;,&quot;size&quot;:&quot;&quot;,&quot;sizes&quot;:[]},&quot;_transform_skewY_effect_tablet&quot;:{&quot;unit&quot;:&quot;deg&quot;,&quot;size&quot;:&quot;&quot;,&quot;sizes&quot;:[]},&quot;_transform_skewY_effect_mobile&quot;:{&quot;unit&quot;:&quot;deg&quot;,&quot;size&quot;:&quot;&quot;,&quot;sizes&quot;:[]}}\">\n\t\t\t\t<div class=\"elementor-element elementor-element-51349a6 e-transform elementor-widget elementor-widget-image\" data-id=\"51349a6\" data-element_type=\"widget\" data-e-type=\"widget\" data-settings=\"{&quot;_transform_skewX_effect&quot;:{&quot;unit&quot;:&quot;px&quot;,&quot;size&quot;:25,&quot;sizes&quot;:[]},&quot;_transform_skewX_effect_tablet&quot;:{&quot;unit&quot;:&quot;deg&quot;,&quot;size&quot;:&quot;&quot;,&quot;sizes&quot;:[]},&quot;_transform_skewX_effect_mobile&quot;:{&quot;unit&quot;:&quot;deg&quot;,&quot;size&quot;:&quot;&quot;,&quot;sizes&quot;:[]},&quot;_transform_skewY_effect&quot;:{&quot;unit&quot;:&quot;px&quot;,&quot;size&quot;:&quot;&quot;,&quot;sizes&quot;:[]},&quot;_transform_skewY_effect_tablet&quot;:{&quot;unit&quot;:&quot;deg&quot;,&quot;size&quot;:&quot;&quot;,&quot;sizes&quot;:[]},&quot;_transform_skewY_effect_mobile&quot;:{&quot;unit&quot;:&quot;deg&quot;,&quot;size&quot;:&quot;&quot;,&quot;sizes&quot;:[]}}\" data-widget_type=\"image.default\">\n\t\t\t\t<div class=\"elementor-widget-container\">\n\t\t\t\t\t\t\t\t\t\t\t\t\t\t\t<img fetchpriority=\"high\" decoding=\"async\" width=\"800\" height=\"534\" src=\"https:\/\/vermeerbaltic.eu\/wp-content\/uploads\/2023\/05\/McL-10_2-1024x683.webp\" class=\"attachment-large size-large wp-image-1013\" alt=\"\" srcset=\"https:\/\/vermeerbaltic.eu\/wp-content\/uploads\/2023\/05\/McL-10_2-1024x683.webp 1024w, https:\/\/vermeerbaltic.eu\/wp-content\/uploads\/2023\/05\/McL-10_2-300x200.webp 300w, https:\/\/vermeerbaltic.eu\/wp-content\/uploads\/2023\/05\/McL-10_2-768x512.webp 768w, https:\/\/vermeerbaltic.eu\/wp-content\/uploads\/2023\/05\/McL-10_2.webp 1440w\" sizes=\"(max-width: 800px) 100vw, 800px\" \/>\t\t\t\t\t\t\t\t\t\t\t\t\t\t\t<\/div>\n\t\t\t\t<\/div>\n\t\t\t\t<\/div>\n\t\t<div class=\"elementor-element elementor-element-c352f56 e-con-full e-flex e-con e-parent\" data-id=\"c352f56\" data-element_type=\"container\" data-e-type=\"container\" data-settings=\"{&quot;background_background&quot;:&quot;classic&quot;}\">\n\t\t<div class=\"elementor-element elementor-element-4c1321b e-con-full e-flex e-con e-parent\" data-id=\"4c1321b\" data-element_type=\"container\" data-e-type=\"container\" data-settings=\"{&quot;background_background&quot;:&quot;classic&quot;}\">\n\t\t\t\t<div class=\"elementor-element elementor-element-8b712c0 model elementor-widget elementor-widget-heading\" data-id=\"8b712c0\" data-element_type=\"widget\" data-e-type=\"widget\" data-widget_type=\"heading.default\">\n\t\t\t\t<div class=\"elementor-widget-container\">\n\t\t\t\t\t<h2 class=\"elementor-heading-title elementor-size-default\"><a href=\"https:\/\/mclaughlinunderground.com\/directional-drills\/pit-launch-drill\/\" target=\"_blank\">GR\u0118\u017dIMAS I\u0160 PRIEDUOB\u0116S<\/a><\/h2>\t\t\t\t<\/div>\n\t\t\t\t<\/div>\n\t\t\t\t<div class=\"elementor-element elementor-element-9281baa elementor-widget elementor-widget-text-editor\" data-id=\"9281baa\" data-element_type=\"widget\" data-e-type=\"widget\" data-widget_type=\"text-editor.default\">\n\t\t\t\t<div class=\"elementor-widget-container\">\n\t\t\t\t\t\t\t\t\t<p>Tr\u016bksta vietos gr\u0119\u017eimo \u012frenginiui? Yra sprendimas \u2013 kompakti\u0161kas ir galingas horizontaliojo kryptinio gr\u0119\u017eimo \u012frenginys P10H. Statykite \u012frengin\u012f tiesiai \u012f 160 cm ilgio prieduob\u0119 ir prad\u0117kite gr\u0119\u017eti tiesiogiai reikiamame gylyje. Nedideli\u0173 gabarit\u0173 7,8 ton\u0173 traukos j\u0117gos ir 1392 Nm sukimo momento gr\u0119\u017eimo \u012frenginys pad\u0117s lengvai \u012fgyvendinti projekt\u0105.   <\/p>\n\t\t\t\t\t\t\t\t<\/div>\n\t\t\t\t<\/div>\n\t\t\t\t<\/div>\n\t\t<div class=\"elementor-element elementor-element-97ad591 e-con-full e-flex e-con e-parent\" data-id=\"97ad591\" data-element_type=\"container\" data-e-type=\"container\">\n\t\t<div class=\"elementor-element elementor-element-7dc01cf e-con-full e-flex e-con e-parent\" data-id=\"7dc01cf\" data-element_type=\"container\" data-e-type=\"container\">\n\t\t\t\t<\/div>\n\t\t<div class=\"elementor-element elementor-element-9d11bce e-con-full e-flex e-con e-parent\" data-id=\"9d11bce\" data-element_type=\"container\" data-e-type=\"container\">\n\t\t\t\t<div class=\"elementor-element elementor-element-f84a023 elementor-widget__width-initial skew-button e-transform elementor-view-default elementor-widget elementor-widget-icon\" data-id=\"f84a023\" data-element_type=\"widget\" data-e-type=\"widget\" data-settings=\"{&quot;_transform_skewX_effect&quot;:{&quot;unit&quot;:&quot;px&quot;,&quot;size&quot;:-20,&quot;sizes&quot;:[]},&quot;_transform_skewX_effect_tablet&quot;:{&quot;unit&quot;:&quot;deg&quot;,&quot;size&quot;:&quot;&quot;,&quot;sizes&quot;:[]},&quot;_transform_skewX_effect_mobile&quot;:{&quot;unit&quot;:&quot;deg&quot;,&quot;size&quot;:&quot;&quot;,&quot;sizes&quot;:[]},&quot;_transform_skewY_effect&quot;:{&quot;unit&quot;:&quot;px&quot;,&quot;size&quot;:&quot;&quot;,&quot;sizes&quot;:[]},&quot;_transform_skewY_effect_tablet&quot;:{&quot;unit&quot;:&quot;deg&quot;,&quot;size&quot;:&quot;&quot;,&quot;sizes&quot;:[]},&quot;_transform_skewY_effect_mobile&quot;:{&quot;unit&quot;:&quot;deg&quot;,&quot;size&quot;:&quot;&quot;,&quot;sizes&quot;:[]}}\" data-widget_type=\"icon.default\">\n\t\t\t\t<div class=\"elementor-widget-container\">\n\t\t\t\t\t\t\t<div class=\"elementor-icon-wrapper\">\n\t\t\t<a class=\"elementor-icon\" href=\"http:\/\/s3.amazonaws.com\/knoxweb-mclaughlin\/wp-content\/uploads\/2016\/10\/McL-10-Lit.pdf\" target=\"_blank\">\n\t\t\t<i aria-hidden=\"true\" class=\"fas fa-file-alt\"><\/i>\t\t\t<\/a>\n\t\t<\/div>\n\t\t\t\t\t\t<\/div>\n\t\t\t\t<\/div>\n\t\t\t\t<div class=\"elementor-element elementor-element-c6e2814 elementor-widget__width-initial skew-button e-transform elementor-view-default elementor-widget elementor-widget-icon\" data-id=\"c6e2814\" data-element_type=\"widget\" data-e-type=\"widget\" data-settings=\"{&quot;_transform_skewX_effect&quot;:{&quot;unit&quot;:&quot;px&quot;,&quot;size&quot;:-20,&quot;sizes&quot;:[]},&quot;_transform_skewX_effect_tablet&quot;:{&quot;unit&quot;:&quot;deg&quot;,&quot;size&quot;:&quot;&quot;,&quot;sizes&quot;:[]},&quot;_transform_skewX_effect_mobile&quot;:{&quot;unit&quot;:&quot;deg&quot;,&quot;size&quot;:&quot;&quot;,&quot;sizes&quot;:[]},&quot;_transform_skewY_effect&quot;:{&quot;unit&quot;:&quot;px&quot;,&quot;size&quot;:&quot;&quot;,&quot;sizes&quot;:[]},&quot;_transform_skewY_effect_tablet&quot;:{&quot;unit&quot;:&quot;deg&quot;,&quot;size&quot;:&quot;&quot;,&quot;sizes&quot;:[]},&quot;_transform_skewY_effect_mobile&quot;:{&quot;unit&quot;:&quot;deg&quot;,&quot;size&quot;:&quot;&quot;,&quot;sizes&quot;:[]}}\" data-widget_type=\"icon.default\">\n\t\t\t\t<div class=\"elementor-widget-container\">\n\t\t\t\t\t\t\t<div class=\"elementor-icon-wrapper\">\n\t\t\t<div class=\"elementor-icon\">\n\t\t\t<i aria-hidden=\"true\" class=\"far fa-image\"><\/i>\t\t\t<\/div>\n\t\t<\/div>\n\t\t\t\t\t\t<\/div>\n\t\t\t\t<\/div>\n\t\t\t\t<div class=\"elementor-element elementor-element-e00d57b elementor-widget__width-initial elementor-absolute elementor-widget elementor-widget-image-carousel\" data-id=\"e00d57b\" data-element_type=\"widget\" data-e-type=\"widget\" data-settings=\"{&quot;slides_to_show&quot;:&quot;1&quot;,&quot;navigation&quot;:&quot;none&quot;,&quot;autoplay&quot;:&quot;no&quot;,&quot;_position&quot;:&quot;absolute&quot;,&quot;infinite&quot;:&quot;yes&quot;,&quot;effect&quot;:&quot;slide&quot;,&quot;speed&quot;:500}\" data-widget_type=\"image-carousel.default\">\n\t\t\t\t<div class=\"elementor-widget-container\">\n\t\t\t\t\t\t\t<div class=\"elementor-image-carousel-wrapper swiper\" role=\"region\" aria-roledescription=\"carousel\" aria-label=\"Image Carousel\" dir=\"ltr\">\n\t\t\t<div class=\"elementor-image-carousel swiper-wrapper\" aria-live=\"polite\">\n\t\t\t\t\t\t\t\t<div class=\"swiper-slide\" role=\"group\" aria-roledescription=\"slide\" aria-label=\"1 of 2\"><a data-elementor-open-lightbox=\"yes\" data-elementor-lightbox-slideshow=\"e00d57b\" data-elementor-lightbox-title=\"DSC_0050\" data-e-action-hash=\"#elementor-action%3Aaction%3Dlightbox%26settings%3DeyJpZCI6MTAwMSwidXJsIjoiaHR0cHM6XC9cL3Zlcm1lZXJiYWx0aWMuZXVcL3dwLWNvbnRlbnRcL3VwbG9hZHNcLzIwMjNcLzA1XC9EU0NfMDA1MC53ZWJwIiwic2xpZGVzaG93IjoiZTAwZDU3YiJ9\" href=\"https:\/\/vermeerbaltic.eu\/wp-content\/uploads\/2023\/05\/DSC_0050.webp\"><figure class=\"swiper-slide-inner\"><img decoding=\"async\" class=\"swiper-slide-image\" src=\"https:\/\/vermeerbaltic.eu\/wp-content\/uploads\/elementor\/thumbs\/DSC_0050-q8x5kfjtyh7n910md7llzc9r8k3e89a2t1xlgvdp9a.webp\" alt=\"DSC_0050\" \/><\/figure><\/a><\/div><div class=\"swiper-slide\" role=\"group\" aria-roledescription=\"slide\" aria-label=\"2 of 2\"><a data-elementor-open-lightbox=\"yes\" data-elementor-lightbox-slideshow=\"e00d57b\" data-elementor-lightbox-title=\"scotland\" data-e-action-hash=\"#elementor-action%3Aaction%3Dlightbox%26settings%3DeyJpZCI6MTAwNCwidXJsIjoiaHR0cHM6XC9cL3Zlcm1lZXJiYWx0aWMuZXVcL3dwLWNvbnRlbnRcL3VwbG9hZHNcLzIwMjNcLzA1XC9zY290bGFuZC5qcGciLCJzbGlkZXNob3ciOiJlMDBkNTdiIn0%3D\" href=\"https:\/\/vermeerbaltic.eu\/wp-content\/uploads\/2023\/05\/scotland.jpg\"><figure class=\"swiper-slide-inner\"><img decoding=\"async\" class=\"swiper-slide-image\" src=\"https:\/\/vermeerbaltic.eu\/wp-content\/uploads\/elementor\/thumbs\/scotland-q8x5kfjtyh7n910md7llzc9r8k3e89a2t1xlgvdp9a.jpg\" alt=\"scotland\" \/><\/figure><\/a><\/div>\t\t\t<\/div>\n\t\t\t\t\t\t\t\n\t\t\t\t\t\t\t\t\t<\/div>\n\t\t\t\t\t\t<\/div>\n\t\t\t\t<\/div>\n\t\t\t\t<\/div>\n\t\t\t\t<\/div>\n\t\t\t\t<\/div>\n\t\t\t\t\t<\/div>\n\t\t\t\t<\/div>\n\t\t\t\t<\/div>\n\t\t","protected":false},"excerpt":{"rendered":"<p>Gr\u012f\u017eti \u012f ap\u017evalg\u0105 GR\u0118\u017dIMAS I\u0160 PRIEDUOB\u0116S Tr\u016bksta vietos gr\u0119\u017eimo \u012frenginiui? Yra sprendimas \u2013 kompakti\u0161kas ir galingas horizontaliojo kryptinio gr\u0119\u017eimo \u012frenginys P10H. Statykite \u012frengin\u012f tiesiai \u012f 160 cm ilgio prieduob\u0119 ir prad\u0117kite gr\u0119\u017eti tiesiogiai reikiamame gylyje. Nedideli\u0173 gabarit\u0173 7,8 ton\u0173 traukos j\u0117gos ir 1392 Nm sukimo momento gr\u0119\u017eimo \u012frenginys pad\u0117s lengvai \u012fgyvendinti projekt\u0105.<\/p>\n","protected":false},"author":1,"featured_media":0,"parent":1242,"menu_order":0,"comment_status":"closed","ping_status":"closed","template":"elementor_header_footer","meta":{"_acf_changed":false,"inline_featured_image":false,"footnotes":""},"class_list":["post-1714","page","type-page","status-publish","hentry"],"acf":[],"yoast_head":"<!-- This site is optimized with the Yoast SEO plugin v27.4 - https:\/\/yoast.com\/product\/yoast-seo-wordpress\/ -->\n<title>GR\u0118\u017dIMAS I\u0160 PRIEDUOB\u0116S - Vermeer Baltic<\/title>\n<meta name=\"robots\" content=\"index, follow, max-snippet:-1, max-image-preview:large, max-video-preview:-1\" \/>\n<link rel=\"canonical\" href=\"https:\/\/vermeerbaltic.eu\/lt\/grezimo-iranga\/grezimo-is-prieduobes\/\" \/>\n<meta property=\"og:locale\" content=\"lt_LT\" \/>\n<meta property=\"og:type\" content=\"article\" \/>\n<meta property=\"og:title\" content=\"GR\u0118\u017dIMAS I\u0160 PRIEDUOB\u0116S - Vermeer Baltic\" \/>\n<meta property=\"og:description\" content=\"Gr\u012f\u017eti \u012f ap\u017evalg\u0105 GR\u0118\u017dIMAS I\u0160 PRIEDUOB\u0116S Tr\u016bksta vietos gr\u0119\u017eimo \u012frenginiui? Yra sprendimas \u2013 kompakti\u0161kas ir galingas horizontaliojo kryptinio gr\u0119\u017eimo \u012frenginys P10H. Statykite \u012frengin\u012f tiesiai \u012f 160 cm ilgio prieduob\u0119 ir prad\u0117kite gr\u0119\u017eti tiesiogiai reikiamame gylyje. Nedideli\u0173 gabarit\u0173 7,8 ton\u0173 traukos j\u0117gos ir 1392 Nm sukimo momento gr\u0119\u017eimo \u012frenginys pad\u0117s lengvai \u012fgyvendinti projekt\u0105.\" \/>\n<meta property=\"og:url\" content=\"https:\/\/vermeerbaltic.eu\/lt\/grezimo-iranga\/grezimo-is-prieduobes\/\" \/>\n<meta property=\"og:site_name\" content=\"Vermeer Baltic\" \/>\n<meta property=\"article:modified_time\" content=\"2025-02-14T07:12:29+00:00\" \/>\n<meta property=\"og:image\" content=\"https:\/\/vermeerbaltic.eu\/wp-content\/uploads\/2023\/05\/McL-10_2.webp\" \/>\n\t<meta property=\"og:image:width\" content=\"1440\" \/>\n\t<meta property=\"og:image:height\" content=\"960\" \/>\n\t<meta property=\"og:image:type\" content=\"image\/webp\" \/>\n<meta name=\"twitter:card\" content=\"summary_large_image\" \/>\n<script type=\"application\/ld+json\" class=\"yoast-schema-graph\">{\"@context\":\"https:\\\/\\\/schema.org\",\"@graph\":[{\"@type\":\"WebPage\",\"@id\":\"https:\\\/\\\/vermeerbaltic.eu\\\/lt\\\/grezimo-iranga\\\/grezimo-is-prieduobes\\\/\",\"url\":\"https:\\\/\\\/vermeerbaltic.eu\\\/lt\\\/grezimo-iranga\\\/grezimo-is-prieduobes\\\/\",\"name\":\"GR\u0118\u017dIMAS I\u0160 PRIEDUOB\u0116S - Vermeer Baltic\",\"isPartOf\":{\"@id\":\"https:\\\/\\\/vermeerbaltic.eu\\\/lt\\\/#website\"},\"primaryImageOfPage\":{\"@id\":\"https:\\\/\\\/vermeerbaltic.eu\\\/lt\\\/grezimo-iranga\\\/grezimo-is-prieduobes\\\/#primaryimage\"},\"image\":{\"@id\":\"https:\\\/\\\/vermeerbaltic.eu\\\/lt\\\/grezimo-iranga\\\/grezimo-is-prieduobes\\\/#primaryimage\"},\"thumbnailUrl\":\"https:\\\/\\\/vermeerbaltic.eu\\\/wp-content\\\/uploads\\\/2023\\\/05\\\/McL-10_2-1024x683.webp\",\"datePublished\":\"2023-07-03T09:56:29+00:00\",\"dateModified\":\"2025-02-14T07:12:29+00:00\",\"breadcrumb\":{\"@id\":\"https:\\\/\\\/vermeerbaltic.eu\\\/lt\\\/grezimo-iranga\\\/grezimo-is-prieduobes\\\/#breadcrumb\"},\"inLanguage\":\"lt-LT\",\"potentialAction\":[{\"@type\":\"ReadAction\",\"target\":[\"https:\\\/\\\/vermeerbaltic.eu\\\/lt\\\/grezimo-iranga\\\/grezimo-is-prieduobes\\\/\"]}]},{\"@type\":\"ImageObject\",\"inLanguage\":\"lt-LT\",\"@id\":\"https:\\\/\\\/vermeerbaltic.eu\\\/lt\\\/grezimo-iranga\\\/grezimo-is-prieduobes\\\/#primaryimage\",\"url\":\"https:\\\/\\\/vermeerbaltic.eu\\\/wp-content\\\/uploads\\\/2023\\\/05\\\/McL-10_2-1024x683.webp\",\"contentUrl\":\"https:\\\/\\\/vermeerbaltic.eu\\\/wp-content\\\/uploads\\\/2023\\\/05\\\/McL-10_2-1024x683.webp\"},{\"@type\":\"BreadcrumbList\",\"@id\":\"https:\\\/\\\/vermeerbaltic.eu\\\/lt\\\/grezimo-iranga\\\/grezimo-is-prieduobes\\\/#breadcrumb\",\"itemListElement\":[{\"@type\":\"ListItem\",\"position\":1,\"name\":\"Home\",\"item\":\"https:\\\/\\\/vermeerbaltic.eu\\\/lt\\\/titulinis-lapas\\\/\"},{\"@type\":\"ListItem\",\"position\":2,\"name\":\"Gr\u0119\u017eimo \u012franga\",\"item\":\"https:\\\/\\\/vermeerbaltic.eu\\\/lt\\\/grezimo-iranga\\\/\"},{\"@type\":\"ListItem\",\"position\":3,\"name\":\"GR\u0118\u017dIMAS I\u0160 PRIEDUOB\u0116S\"}]},{\"@type\":\"WebSite\",\"@id\":\"https:\\\/\\\/vermeerbaltic.eu\\\/lt\\\/#website\",\"url\":\"https:\\\/\\\/vermeerbaltic.eu\\\/lt\\\/\",\"name\":\"Vermeer Baltic\",\"description\":\"\",\"publisher\":{\"@id\":\"https:\\\/\\\/vermeerbaltic.eu\\\/lt\\\/#organization\"},\"potentialAction\":[{\"@type\":\"SearchAction\",\"target\":{\"@type\":\"EntryPoint\",\"urlTemplate\":\"https:\\\/\\\/vermeerbaltic.eu\\\/lt\\\/?s={search_term_string}\"},\"query-input\":{\"@type\":\"PropertyValueSpecification\",\"valueRequired\":true,\"valueName\":\"search_term_string\"}}],\"inLanguage\":\"lt-LT\"},{\"@type\":\"Organization\",\"@id\":\"https:\\\/\\\/vermeerbaltic.eu\\\/lt\\\/#organization\",\"name\":\"Vermeer Baltic O\u00dc\",\"url\":\"https:\\\/\\\/vermeerbaltic.eu\\\/lt\\\/\",\"logo\":{\"@type\":\"ImageObject\",\"inLanguage\":\"lt-LT\",\"@id\":\"https:\\\/\\\/vermeerbaltic.eu\\\/lt\\\/#\\\/schema\\\/logo\\\/image\\\/\",\"url\":\"https:\\\/\\\/vermeerbaltic.eu\\\/wp-content\\\/uploads\\\/2023\\\/04\\\/DealerLogo_Baltics_4lr.png\",\"contentUrl\":\"https:\\\/\\\/vermeerbaltic.eu\\\/wp-content\\\/uploads\\\/2023\\\/04\\\/DealerLogo_Baltics_4lr.png\",\"width\":1054,\"height\":267,\"caption\":\"Vermeer Baltic O\u00dc\"},\"image\":{\"@id\":\"https:\\\/\\\/vermeerbaltic.eu\\\/lt\\\/#\\\/schema\\\/logo\\\/image\\\/\"}}]}<\/script>\n<!-- \/ Yoast SEO plugin. -->","yoast_head_json":{"title":"GR\u0118\u017dIMAS I\u0160 PRIEDUOB\u0116S - Vermeer Baltic","robots":{"index":"index","follow":"follow","max-snippet":"max-snippet:-1","max-image-preview":"max-image-preview:large","max-video-preview":"max-video-preview:-1"},"canonical":"https:\/\/vermeerbaltic.eu\/lt\/grezimo-iranga\/grezimo-is-prieduobes\/","og_locale":"lt_LT","og_type":"article","og_title":"GR\u0118\u017dIMAS I\u0160 PRIEDUOB\u0116S - Vermeer Baltic","og_description":"Gr\u012f\u017eti \u012f ap\u017evalg\u0105 GR\u0118\u017dIMAS I\u0160 PRIEDUOB\u0116S Tr\u016bksta vietos gr\u0119\u017eimo \u012frenginiui? Yra sprendimas \u2013 kompakti\u0161kas ir galingas horizontaliojo kryptinio gr\u0119\u017eimo \u012frenginys P10H. Statykite \u012frengin\u012f tiesiai \u012f 160 cm ilgio prieduob\u0119 ir prad\u0117kite gr\u0119\u017eti tiesiogiai reikiamame gylyje. Nedideli\u0173 gabarit\u0173 7,8 ton\u0173 traukos j\u0117gos ir 1392 Nm sukimo momento gr\u0119\u017eimo \u012frenginys pad\u0117s lengvai \u012fgyvendinti projekt\u0105.","og_url":"https:\/\/vermeerbaltic.eu\/lt\/grezimo-iranga\/grezimo-is-prieduobes\/","og_site_name":"Vermeer Baltic","article_modified_time":"2025-02-14T07:12:29+00:00","og_image":[{"width":1440,"height":960,"url":"https:\/\/vermeerbaltic.eu\/wp-content\/uploads\/2023\/05\/McL-10_2.webp","type":"image\/webp"}],"twitter_card":"summary_large_image","schema":{"@context":"https:\/\/schema.org","@graph":[{"@type":"WebPage","@id":"https:\/\/vermeerbaltic.eu\/lt\/grezimo-iranga\/grezimo-is-prieduobes\/","url":"https:\/\/vermeerbaltic.eu\/lt\/grezimo-iranga\/grezimo-is-prieduobes\/","name":"GR\u0118\u017dIMAS I\u0160 PRIEDUOB\u0116S - Vermeer Baltic","isPartOf":{"@id":"https:\/\/vermeerbaltic.eu\/lt\/#website"},"primaryImageOfPage":{"@id":"https:\/\/vermeerbaltic.eu\/lt\/grezimo-iranga\/grezimo-is-prieduobes\/#primaryimage"},"image":{"@id":"https:\/\/vermeerbaltic.eu\/lt\/grezimo-iranga\/grezimo-is-prieduobes\/#primaryimage"},"thumbnailUrl":"https:\/\/vermeerbaltic.eu\/wp-content\/uploads\/2023\/05\/McL-10_2-1024x683.webp","datePublished":"2023-07-03T09:56:29+00:00","dateModified":"2025-02-14T07:12:29+00:00","breadcrumb":{"@id":"https:\/\/vermeerbaltic.eu\/lt\/grezimo-iranga\/grezimo-is-prieduobes\/#breadcrumb"},"inLanguage":"lt-LT","potentialAction":[{"@type":"ReadAction","target":["https:\/\/vermeerbaltic.eu\/lt\/grezimo-iranga\/grezimo-is-prieduobes\/"]}]},{"@type":"ImageObject","inLanguage":"lt-LT","@id":"https:\/\/vermeerbaltic.eu\/lt\/grezimo-iranga\/grezimo-is-prieduobes\/#primaryimage","url":"https:\/\/vermeerbaltic.eu\/wp-content\/uploads\/2023\/05\/McL-10_2-1024x683.webp","contentUrl":"https:\/\/vermeerbaltic.eu\/wp-content\/uploads\/2023\/05\/McL-10_2-1024x683.webp"},{"@type":"BreadcrumbList","@id":"https:\/\/vermeerbaltic.eu\/lt\/grezimo-iranga\/grezimo-is-prieduobes\/#breadcrumb","itemListElement":[{"@type":"ListItem","position":1,"name":"Home","item":"https:\/\/vermeerbaltic.eu\/lt\/titulinis-lapas\/"},{"@type":"ListItem","position":2,"name":"Gr\u0119\u017eimo \u012franga","item":"https:\/\/vermeerbaltic.eu\/lt\/grezimo-iranga\/"},{"@type":"ListItem","position":3,"name":"GR\u0118\u017dIMAS I\u0160 PRIEDUOB\u0116S"}]},{"@type":"WebSite","@id":"https:\/\/vermeerbaltic.eu\/lt\/#website","url":"https:\/\/vermeerbaltic.eu\/lt\/","name":"Vermeer Baltic","description":"","publisher":{"@id":"https:\/\/vermeerbaltic.eu\/lt\/#organization"},"potentialAction":[{"@type":"SearchAction","target":{"@type":"EntryPoint","urlTemplate":"https:\/\/vermeerbaltic.eu\/lt\/?s={search_term_string}"},"query-input":{"@type":"PropertyValueSpecification","valueRequired":true,"valueName":"search_term_string"}}],"inLanguage":"lt-LT"},{"@type":"Organization","@id":"https:\/\/vermeerbaltic.eu\/lt\/#organization","name":"Vermeer Baltic O\u00dc","url":"https:\/\/vermeerbaltic.eu\/lt\/","logo":{"@type":"ImageObject","inLanguage":"lt-LT","@id":"https:\/\/vermeerbaltic.eu\/lt\/#\/schema\/logo\/image\/","url":"https:\/\/vermeerbaltic.eu\/wp-content\/uploads\/2023\/04\/DealerLogo_Baltics_4lr.png","contentUrl":"https:\/\/vermeerbaltic.eu\/wp-content\/uploads\/2023\/04\/DealerLogo_Baltics_4lr.png","width":1054,"height":267,"caption":"Vermeer Baltic O\u00dc"},"image":{"@id":"https:\/\/vermeerbaltic.eu\/lt\/#\/schema\/logo\/image\/"}}]}},"_links":{"self":[{"href":"https:\/\/vermeerbaltic.eu\/lt\/wp-json\/wp\/v2\/pages\/1714","targetHints":{"allow":["GET"]}}],"collection":[{"href":"https:\/\/vermeerbaltic.eu\/lt\/wp-json\/wp\/v2\/pages"}],"about":[{"href":"https:\/\/vermeerbaltic.eu\/lt\/wp-json\/wp\/v2\/types\/page"}],"author":[{"embeddable":true,"href":"https:\/\/vermeerbaltic.eu\/lt\/wp-json\/wp\/v2\/users\/1"}],"replies":[{"embeddable":true,"href":"https:\/\/vermeerbaltic.eu\/lt\/wp-json\/wp\/v2\/comments?post=1714"}],"version-history":[{"count":3,"href":"https:\/\/vermeerbaltic.eu\/lt\/wp-json\/wp\/v2\/pages\/1714\/revisions"}],"predecessor-version":[{"id":1967,"href":"https:\/\/vermeerbaltic.eu\/lt\/wp-json\/wp\/v2\/pages\/1714\/revisions\/1967"}],"up":[{"embeddable":true,"href":"https:\/\/vermeerbaltic.eu\/lt\/wp-json\/wp\/v2\/pages\/1242"}],"wp:attachment":[{"href":"https:\/\/vermeerbaltic.eu\/lt\/wp-json\/wp\/v2\/media?parent=1714"}],"curies":[{"name":"wp","href":"https:\/\/api.w.org\/{rel}","templated":true}]}}