{"id":1211,"date":"2023-06-07T07:08:40","date_gmt":"2023-06-07T05:08:40","guid":{"rendered":"https:\/\/vermeerbaltic.eu\/rupniecibas-skeldotaji\/"},"modified":"2023-06-19T13:03:03","modified_gmt":"2023-06-19T13:03:03","slug":"rupniecibas-skeldotaji","status":"publish","type":"page","link":"https:\/\/vermeerbaltic.eu\/lv\/rupniecibas-skeldotaji\/","title":{"rendered":"R\u016bpniec\u012bbas \u0161\u0137eldot\u0101ji"},"content":{"rendered":"\t\t<div data-elementor-type=\"wp-page\" data-elementor-id=\"1211\" class=\"elementor elementor-1211 elementor-445\" data-elementor-post-type=\"page\">\n\t\t\t\t<div class=\"elementor-element elementor-element-816b31e e-flex e-con-boxed e-con e-parent\" data-id=\"816b31e\" data-element_type=\"container\" data-e-type=\"container\" data-settings=\"{&quot;background_background&quot;:&quot;classic&quot;}\">\n\t\t\t\t\t<div class=\"e-con-inner\">\n\t\t\t\t<div class=\"elementor-element elementor-element-19a5f31 e-transform elementor-invisible elementor-widget elementor-widget-heading\" data-id=\"19a5f31\" data-element_type=\"widget\" data-e-type=\"widget\" data-settings=\"{&quot;_animation&quot;:&quot;fadeInUp&quot;,&quot;_transform_skewX_effect&quot;:{&quot;unit&quot;:&quot;px&quot;,&quot;size&quot;:&quot;&quot;,&quot;sizes&quot;:[]},&quot;_transform_skewX_effect_tablet&quot;:{&quot;unit&quot;:&quot;deg&quot;,&quot;size&quot;:&quot;&quot;,&quot;sizes&quot;:[]},&quot;_transform_skewX_effect_mobile&quot;:{&quot;unit&quot;:&quot;deg&quot;,&quot;size&quot;:&quot;&quot;,&quot;sizes&quot;:[]},&quot;_transform_skewY_effect&quot;:{&quot;unit&quot;:&quot;px&quot;,&quot;size&quot;:&quot;&quot;,&quot;sizes&quot;:[]},&quot;_transform_skewY_effect_tablet&quot;:{&quot;unit&quot;:&quot;deg&quot;,&quot;size&quot;:&quot;&quot;,&quot;sizes&quot;:[]},&quot;_transform_skewY_effect_mobile&quot;:{&quot;unit&quot;:&quot;deg&quot;,&quot;size&quot;:&quot;&quot;,&quot;sizes&quot;:[]}}\" data-widget_type=\"heading.default\">\n\t\t\t\t<div class=\"elementor-widget-container\">\n\t\t\t\t\t<h1 class=\"elementor-heading-title elementor-size-default\">R\u016bpniec\u012bbas \u0161\u0137eldot\u0101ji<\/h1>\t\t\t\t<\/div>\n\t\t\t\t<\/div>\n\t\t\t\t<div class=\"elementor-element elementor-element-e848b30 elementor-widget elementor-widget-text-editor\" data-id=\"e848b30\" data-element_type=\"widget\" data-e-type=\"widget\" data-widget_type=\"text-editor.default\">\n\t\t\t\t<div class=\"elementor-widget-container\">\n\t\t\t\t\t\t\t\t\t<p>Uz\u0146\u0113muma Vermeer ra\u017eoto horizont\u0101las konfigur\u0101cijas drupin\u0101t\u0101ju konstrukciju iztur\u012bba un daudzveid\u012bba padara tos \u012bpa\u0161i piem\u0113rotus liela m\u0113roga plat\u012bbas att\u012br\u012b\u0161anas oper\u0101cij\u0101m, komun\u0101lo sadz\u012bves atkritumu p\u0101rstr\u0101dei un komposta sagatavo\u0161anai. Drupin\u0101t\u0101ji tiek apr\u012bkoti ar da\u017e\u0101da garuma padeves konveijeriem, bet gatav\u0101 materi\u0101la konveijers var tikt regul\u0113ts p\u0113c augstuma, un tas var tikt apr\u012bkots ar magn\u0113tiskiem veltn\u012b\u0161iem met\u0101la sav\u0101k\u0161anai.<\/p>\n<p>K\u0101pur\u0137\u0113\u017eu drupin\u0101t\u0101jiem pa\u0161g\u0101j\u0113jiem piem\u012bt laba manevr\u0113\u0161anas sp\u0113ja, t\u0101p\u0113c tie var str\u0101d\u0101t nel\u012bdzen\u0101 apvid\u016b un veikt laukumu att\u012br\u012b\u0161anas oper\u0101cijas. Uz\u0146\u0113muma Vermeer horizont\u0101lie drupin\u0101t\u0101ji ir apr\u012bkoti ar t\u0101lvad\u012bbas sist\u0113mu, unik\u0101lu padeves sist\u0113mu SmartGrind un Vermeer patent\u0113tu dubultbung\u0101m.<\/p>\n<p>Stacion\u0101riem darbiem Vermeer pied\u0101v\u0101 ma\u0161\u012bnas ar elektropiedzi\u0146u, kas uzst\u0101d\u012btas uz \u0161asijas bez rite\u0146iem.<\/p>\n\t\t\t\t\t\t\t\t<\/div>\n\t\t\t\t<\/div>\n\t\t\t\t<div class=\"elementor-element elementor-element-4982736 elementor-invisible elementor-widget elementor-widget-button\" data-id=\"4982736\" data-element_type=\"widget\" data-e-type=\"widget\" data-settings=\"{&quot;_animation&quot;:&quot;fadeInUp&quot;,&quot;_animation_delay&quot;:600}\" data-widget_type=\"button.default\">\n\t\t\t\t<div class=\"elementor-widget-container\">\n\t\t\t\t\t\t\t\t\t<div class=\"elementor-button-wrapper\">\n\t\t\t\t\t<a class=\"elementor-button elementor-button-link elementor-size-md\" href=\"https:\/\/www.vermeer.com\/em\/wood-waste\" target=\"_blank\">\n\t\t\t\t\t\t<span class=\"elementor-button-content-wrapper\">\n\t\t\t\t\t\t\t\t\t<span class=\"elementor-button-text\">Vair\u0101k inform\u0101cijas<\/span>\n\t\t\t\t\t<\/span>\n\t\t\t\t\t<\/a>\n\t\t\t\t<\/div>\n\t\t\t\t\t\t\t\t<\/div>\n\t\t\t\t<\/div>\n\t\t\t\t\t<\/div>\n\t\t\t\t<\/div>\n\t\t<div class=\"elementor-element elementor-element-6ad8fd2 e-flex e-con-boxed e-con e-parent\" data-id=\"6ad8fd2\" data-element_type=\"container\" data-e-type=\"container\" data-settings=\"{&quot;background_background&quot;:&quot;classic&quot;}\">\n\t\t\t\t\t<div class=\"e-con-inner\">\n\t\t\t\t<div class=\"elementor-element elementor-element-aa21334 e-transform elementor-invisible elementor-widget elementor-widget-heading\" data-id=\"aa21334\" data-element_type=\"widget\" data-e-type=\"widget\" data-settings=\"{&quot;_animation&quot;:&quot;fadeInUp&quot;,&quot;_transform_skewX_effect&quot;:{&quot;unit&quot;:&quot;px&quot;,&quot;size&quot;:&quot;&quot;,&quot;sizes&quot;:[]},&quot;_transform_skewX_effect_tablet&quot;:{&quot;unit&quot;:&quot;deg&quot;,&quot;size&quot;:&quot;&quot;,&quot;sizes&quot;:[]},&quot;_transform_skewX_effect_mobile&quot;:{&quot;unit&quot;:&quot;deg&quot;,&quot;size&quot;:&quot;&quot;,&quot;sizes&quot;:[]},&quot;_transform_skewY_effect&quot;:{&quot;unit&quot;:&quot;px&quot;,&quot;size&quot;:&quot;&quot;,&quot;sizes&quot;:[]},&quot;_transform_skewY_effect_tablet&quot;:{&quot;unit&quot;:&quot;deg&quot;,&quot;size&quot;:&quot;&quot;,&quot;sizes&quot;:[]},&quot;_transform_skewY_effect_mobile&quot;:{&quot;unit&quot;:&quot;deg&quot;,&quot;size&quot;:&quot;&quot;,&quot;sizes&quot;:[]}}\" data-widget_type=\"heading.default\">\n\t\t\t\t<div class=\"elementor-widget-container\">\n\t\t\t\t\t<h1 class=\"elementor-heading-title elementor-size-default\">Bunkuru \u0161\u0137eldot\u0101ji<\/h1>\t\t\t\t<\/div>\n\t\t\t\t<\/div>\n\t\t\t\t<div class=\"elementor-element elementor-element-aea7cad elementor-widget elementor-widget-text-editor\" data-id=\"aea7cad\" data-element_type=\"widget\" data-e-type=\"widget\" data-widget_type=\"text-editor.default\">\n\t\t\t\t<div class=\"elementor-widget-container\">\n\t\t\t\t\t\t\t\t\t<p>Vermeer bunkuru drupin\u0101t\u0101ji ir paredz\u0113ti liela m\u0113roga apvidus att\u012br\u012b\u0161anas darbiem un liela diametra materi\u0101lu, tostarp koku celmu, p\u0101rstr\u0101dei. Pateicoties inovat\u012bv\u0101m funkcij\u0101m, kas veicina efektivit\u0101ti un dro\u0161\u012bbu, visi Vermeer bunkuru drupin\u0101t\u0101ji ir apr\u012bkoti ar patent\u0113tu dupleksu bungu grie\u0161anas sist\u0113mu (duplex drum), kas nodro\u0161ina optim\u0101lu veiktsp\u0113ju un sam\u0113r\u0101 vienk\u0101r\u0161u tehnisko apkopi.<\/p>\n\t\t\t\t\t\t\t\t<\/div>\n\t\t\t\t<\/div>\n\t\t\t\t<div class=\"elementor-element elementor-element-242128c elementor-tablet-align-right elementor-mobile-align-left elementor-invisible elementor-widget elementor-widget-button\" data-id=\"242128c\" data-element_type=\"widget\" data-e-type=\"widget\" data-settings=\"{&quot;_animation&quot;:&quot;fadeInUp&quot;,&quot;_animation_delay&quot;:600}\" data-widget_type=\"button.default\">\n\t\t\t\t<div class=\"elementor-widget-container\">\n\t\t\t\t\t\t\t\t\t<div class=\"elementor-button-wrapper\">\n\t\t\t\t\t<a class=\"elementor-button elementor-button-link elementor-size-md\" href=\"https:\/\/www.vermeer.com\/em\/wood-waste\" target=\"_blank\">\n\t\t\t\t\t\t<span class=\"elementor-button-content-wrapper\">\n\t\t\t\t\t\t\t\t\t<span class=\"elementor-button-text\">Vair\u0101k inform\u0101cijas<\/span>\n\t\t\t\t\t<\/span>\n\t\t\t\t\t<\/a>\n\t\t\t\t<\/div>\n\t\t\t\t\t\t\t\t<\/div>\n\t\t\t\t<\/div>\n\t\t\t\t\t<\/div>\n\t\t\t\t<\/div>\n\t\t\t\t<\/div>\n\t\t","protected":false},"excerpt":{"rendered":"<p>R\u016bpniec\u012bbas \u0161\u0137eldot\u0101ji Uz\u0146\u0113muma Vermeer ra\u017eoto horizont\u0101las konfigur\u0101cijas drupin\u0101t\u0101ju konstrukciju iztur\u012bba un daudzveid\u012bba padara tos \u012bpa\u0161i piem\u0113rotus liela m\u0113roga plat\u012bbas att\u012br\u012b\u0161anas oper\u0101cij\u0101m, komun\u0101lo sadz\u012bves atkritumu p\u0101rstr\u0101dei un komposta sagatavo\u0161anai. Drupin\u0101t\u0101ji tiek apr\u012bkoti ar da\u017e\u0101da garuma padeves konveijeriem, bet gatav\u0101 materi\u0101la konveijers var tikt regul\u0113ts p\u0113c augstuma, un tas var tikt apr\u012bkots ar magn\u0113tiskiem veltn\u012b\u0161iem met\u0101la sav\u0101k\u0161anai. [&hellip;]<\/p>\n","protected":false},"author":1,"featured_media":0,"parent":0,"menu_order":0,"comment_status":"closed","ping_status":"closed","template":"elementor_header_footer","meta":{"_acf_changed":false,"inline_featured_image":false,"footnotes":""},"class_list":["post-1211","page","type-page","status-publish","hentry"],"acf":[],"yoast_head":"<!-- This site is optimized with the Yoast SEO plugin v27.4 - https:\/\/yoast.com\/product\/yoast-seo-wordpress\/ -->\n<title>R\u016bpniec\u012bbas \u0161\u0137eldot\u0101ji - Vermeer Baltic<\/title>\n<meta name=\"robots\" content=\"index, follow, max-snippet:-1, max-image-preview:large, max-video-preview:-1\" \/>\n<link rel=\"canonical\" href=\"https:\/\/vermeerbaltic.eu\/lv\/rupniecibas-skeldotaji\/\" \/>\n<meta property=\"og:locale\" content=\"lv_LV\" \/>\n<meta property=\"og:type\" content=\"article\" \/>\n<meta property=\"og:title\" content=\"R\u016bpniec\u012bbas \u0161\u0137eldot\u0101ji - Vermeer Baltic\" \/>\n<meta property=\"og:description\" content=\"R\u016bpniec\u012bbas \u0161\u0137eldot\u0101ji Uz\u0146\u0113muma Vermeer ra\u017eoto horizont\u0101las konfigur\u0101cijas drupin\u0101t\u0101ju konstrukciju iztur\u012bba un daudzveid\u012bba padara tos \u012bpa\u0161i piem\u0113rotus liela m\u0113roga plat\u012bbas att\u012br\u012b\u0161anas oper\u0101cij\u0101m, komun\u0101lo sadz\u012bves atkritumu p\u0101rstr\u0101dei un komposta sagatavo\u0161anai. Drupin\u0101t\u0101ji tiek apr\u012bkoti ar da\u017e\u0101da garuma padeves konveijeriem, bet gatav\u0101 materi\u0101la konveijers var tikt regul\u0113ts p\u0113c augstuma, un tas var tikt apr\u012bkots ar magn\u0113tiskiem veltn\u012b\u0161iem met\u0101la sav\u0101k\u0161anai. [&hellip;]\" \/>\n<meta property=\"og:url\" content=\"https:\/\/vermeerbaltic.eu\/lv\/rupniecibas-skeldotaji\/\" \/>\n<meta property=\"og:site_name\" content=\"Vermeer Baltic\" \/>\n<meta property=\"article:modified_time\" content=\"2023-06-19T13:03:03+00:00\" \/>\n<meta name=\"twitter:card\" content=\"summary_large_image\" \/>\n<meta name=\"twitter:label1\" content=\"Est. reading time\" \/>\n\t<meta name=\"twitter:data1\" content=\"1 minute\" \/>\n<script type=\"application\/ld+json\" class=\"yoast-schema-graph\">{\"@context\":\"https:\\\/\\\/schema.org\",\"@graph\":[{\"@type\":\"WebPage\",\"@id\":\"https:\\\/\\\/vermeerbaltic.eu\\\/lv\\\/rupniecibas-skeldotaji\\\/\",\"url\":\"https:\\\/\\\/vermeerbaltic.eu\\\/lv\\\/rupniecibas-skeldotaji\\\/\",\"name\":\"R\u016bpniec\u012bbas \u0161\u0137eldot\u0101ji - Vermeer Baltic\",\"isPartOf\":{\"@id\":\"https:\\\/\\\/vermeerbaltic.eu\\\/lv\\\/#website\"},\"datePublished\":\"2023-06-07T05:08:40+00:00\",\"dateModified\":\"2023-06-19T13:03:03+00:00\",\"breadcrumb\":{\"@id\":\"https:\\\/\\\/vermeerbaltic.eu\\\/lv\\\/rupniecibas-skeldotaji\\\/#breadcrumb\"},\"inLanguage\":\"lv-LV\",\"potentialAction\":[{\"@type\":\"ReadAction\",\"target\":[\"https:\\\/\\\/vermeerbaltic.eu\\\/lv\\\/rupniecibas-skeldotaji\\\/\"]}]},{\"@type\":\"BreadcrumbList\",\"@id\":\"https:\\\/\\\/vermeerbaltic.eu\\\/lv\\\/rupniecibas-skeldotaji\\\/#breadcrumb\",\"itemListElement\":[{\"@type\":\"ListItem\",\"position\":1,\"name\":\"Home\",\"item\":\"https:\\\/\\\/vermeerbaltic.eu\\\/lv\\\/\"},{\"@type\":\"ListItem\",\"position\":2,\"name\":\"R\u016bpniec\u012bbas \u0161\u0137eldot\u0101ji\"}]},{\"@type\":\"WebSite\",\"@id\":\"https:\\\/\\\/vermeerbaltic.eu\\\/lv\\\/#website\",\"url\":\"https:\\\/\\\/vermeerbaltic.eu\\\/lv\\\/\",\"name\":\"Vermeer Baltic\",\"description\":\"\",\"publisher\":{\"@id\":\"https:\\\/\\\/vermeerbaltic.eu\\\/lv\\\/#organization\"},\"potentialAction\":[{\"@type\":\"SearchAction\",\"target\":{\"@type\":\"EntryPoint\",\"urlTemplate\":\"https:\\\/\\\/vermeerbaltic.eu\\\/lv\\\/?s={search_term_string}\"},\"query-input\":{\"@type\":\"PropertyValueSpecification\",\"valueRequired\":true,\"valueName\":\"search_term_string\"}}],\"inLanguage\":\"lv-LV\"},{\"@type\":\"Organization\",\"@id\":\"https:\\\/\\\/vermeerbaltic.eu\\\/lv\\\/#organization\",\"name\":\"Vermeer Baltic O\u00dc\",\"url\":\"https:\\\/\\\/vermeerbaltic.eu\\\/lv\\\/\",\"logo\":{\"@type\":\"ImageObject\",\"inLanguage\":\"lv-LV\",\"@id\":\"https:\\\/\\\/vermeerbaltic.eu\\\/lv\\\/#\\\/schema\\\/logo\\\/image\\\/\",\"url\":\"https:\\\/\\\/vermeerbaltic.eu\\\/wp-content\\\/uploads\\\/2023\\\/04\\\/DealerLogo_Baltics_4lr.png\",\"contentUrl\":\"https:\\\/\\\/vermeerbaltic.eu\\\/wp-content\\\/uploads\\\/2023\\\/04\\\/DealerLogo_Baltics_4lr.png\",\"width\":1054,\"height\":267,\"caption\":\"Vermeer Baltic O\u00dc\"},\"image\":{\"@id\":\"https:\\\/\\\/vermeerbaltic.eu\\\/lv\\\/#\\\/schema\\\/logo\\\/image\\\/\"}}]}<\/script>\n<!-- \/ Yoast SEO plugin. -->","yoast_head_json":{"title":"R\u016bpniec\u012bbas \u0161\u0137eldot\u0101ji - Vermeer Baltic","robots":{"index":"index","follow":"follow","max-snippet":"max-snippet:-1","max-image-preview":"max-image-preview:large","max-video-preview":"max-video-preview:-1"},"canonical":"https:\/\/vermeerbaltic.eu\/lv\/rupniecibas-skeldotaji\/","og_locale":"lv_LV","og_type":"article","og_title":"R\u016bpniec\u012bbas \u0161\u0137eldot\u0101ji - Vermeer Baltic","og_description":"R\u016bpniec\u012bbas \u0161\u0137eldot\u0101ji Uz\u0146\u0113muma Vermeer ra\u017eoto horizont\u0101las konfigur\u0101cijas drupin\u0101t\u0101ju konstrukciju iztur\u012bba un daudzveid\u012bba padara tos \u012bpa\u0161i piem\u0113rotus liela m\u0113roga plat\u012bbas att\u012br\u012b\u0161anas oper\u0101cij\u0101m, komun\u0101lo sadz\u012bves atkritumu p\u0101rstr\u0101dei un komposta sagatavo\u0161anai. Drupin\u0101t\u0101ji tiek apr\u012bkoti ar da\u017e\u0101da garuma padeves konveijeriem, bet gatav\u0101 materi\u0101la konveijers var tikt regul\u0113ts p\u0113c augstuma, un tas var tikt apr\u012bkots ar magn\u0113tiskiem veltn\u012b\u0161iem met\u0101la sav\u0101k\u0161anai. [&hellip;]","og_url":"https:\/\/vermeerbaltic.eu\/lv\/rupniecibas-skeldotaji\/","og_site_name":"Vermeer Baltic","article_modified_time":"2023-06-19T13:03:03+00:00","twitter_card":"summary_large_image","twitter_misc":{"Est. reading time":"1 minute"},"schema":{"@context":"https:\/\/schema.org","@graph":[{"@type":"WebPage","@id":"https:\/\/vermeerbaltic.eu\/lv\/rupniecibas-skeldotaji\/","url":"https:\/\/vermeerbaltic.eu\/lv\/rupniecibas-skeldotaji\/","name":"R\u016bpniec\u012bbas \u0161\u0137eldot\u0101ji - Vermeer Baltic","isPartOf":{"@id":"https:\/\/vermeerbaltic.eu\/lv\/#website"},"datePublished":"2023-06-07T05:08:40+00:00","dateModified":"2023-06-19T13:03:03+00:00","breadcrumb":{"@id":"https:\/\/vermeerbaltic.eu\/lv\/rupniecibas-skeldotaji\/#breadcrumb"},"inLanguage":"lv-LV","potentialAction":[{"@type":"ReadAction","target":["https:\/\/vermeerbaltic.eu\/lv\/rupniecibas-skeldotaji\/"]}]},{"@type":"BreadcrumbList","@id":"https:\/\/vermeerbaltic.eu\/lv\/rupniecibas-skeldotaji\/#breadcrumb","itemListElement":[{"@type":"ListItem","position":1,"name":"Home","item":"https:\/\/vermeerbaltic.eu\/lv\/"},{"@type":"ListItem","position":2,"name":"R\u016bpniec\u012bbas \u0161\u0137eldot\u0101ji"}]},{"@type":"WebSite","@id":"https:\/\/vermeerbaltic.eu\/lv\/#website","url":"https:\/\/vermeerbaltic.eu\/lv\/","name":"Vermeer Baltic","description":"","publisher":{"@id":"https:\/\/vermeerbaltic.eu\/lv\/#organization"},"potentialAction":[{"@type":"SearchAction","target":{"@type":"EntryPoint","urlTemplate":"https:\/\/vermeerbaltic.eu\/lv\/?s={search_term_string}"},"query-input":{"@type":"PropertyValueSpecification","valueRequired":true,"valueName":"search_term_string"}}],"inLanguage":"lv-LV"},{"@type":"Organization","@id":"https:\/\/vermeerbaltic.eu\/lv\/#organization","name":"Vermeer Baltic O\u00dc","url":"https:\/\/vermeerbaltic.eu\/lv\/","logo":{"@type":"ImageObject","inLanguage":"lv-LV","@id":"https:\/\/vermeerbaltic.eu\/lv\/#\/schema\/logo\/image\/","url":"https:\/\/vermeerbaltic.eu\/wp-content\/uploads\/2023\/04\/DealerLogo_Baltics_4lr.png","contentUrl":"https:\/\/vermeerbaltic.eu\/wp-content\/uploads\/2023\/04\/DealerLogo_Baltics_4lr.png","width":1054,"height":267,"caption":"Vermeer Baltic O\u00dc"},"image":{"@id":"https:\/\/vermeerbaltic.eu\/lv\/#\/schema\/logo\/image\/"}}]}},"_links":{"self":[{"href":"https:\/\/vermeerbaltic.eu\/lv\/wp-json\/wp\/v2\/pages\/1211","targetHints":{"allow":["GET"]}}],"collection":[{"href":"https:\/\/vermeerbaltic.eu\/lv\/wp-json\/wp\/v2\/pages"}],"about":[{"href":"https:\/\/vermeerbaltic.eu\/lv\/wp-json\/wp\/v2\/types\/page"}],"author":[{"embeddable":true,"href":"https:\/\/vermeerbaltic.eu\/lv\/wp-json\/wp\/v2\/users\/1"}],"replies":[{"embeddable":true,"href":"https:\/\/vermeerbaltic.eu\/lv\/wp-json\/wp\/v2\/comments?post=1211"}],"version-history":[{"count":1,"href":"https:\/\/vermeerbaltic.eu\/lv\/wp-json\/wp\/v2\/pages\/1211\/revisions"}],"predecessor-version":[{"id":1212,"href":"https:\/\/vermeerbaltic.eu\/lv\/wp-json\/wp\/v2\/pages\/1211\/revisions\/1212"}],"wp:attachment":[{"href":"https:\/\/vermeerbaltic.eu\/lv\/wp-json\/wp\/v2\/media?parent=1211"}],"curies":[{"name":"wp","href":"https:\/\/api.w.org\/{rel}","templated":true}]}}