{"id":1692,"date":"2023-07-03T12:05:54","date_gmt":"2023-07-03T10:05:54","guid":{"rendered":"https:\/\/vermeerbaltic.eu\/beztranseju-tehnologijas\/lokacijas-sistemu-dci\/"},"modified":"2023-07-03T12:14:32","modified_gmt":"2023-07-03T12:14:32","slug":"lokacijas-sistemu-dci","status":"publish","type":"page","link":"https:\/\/vermeerbaltic.eu\/lv\/beztranseju-tehnologijas\/lokacijas-sistemu-dci\/","title":{"rendered":"Lok\u0101cijas sist\u0113mu DCI"},"content":{"rendered":"\t\t<div data-elementor-type=\"wp-page\" data-elementor-id=\"1692\" class=\"elementor elementor-1692 elementor-1670\" data-elementor-post-type=\"page\">\n\t\t\t\t<div class=\"elementor-element elementor-element-684b1fc e-flex e-con-boxed e-con e-parent\" data-id=\"684b1fc\" data-element_type=\"container\" data-e-type=\"container\" data-settings=\"{&quot;background_background&quot;:&quot;classic&quot;}\">\n\t\t\t\t\t<div class=\"e-con-inner\">\n\t\t\t\t<div class=\"elementor-element elementor-element-6b7be4b elementor-invisible elementor-widget elementor-widget-button\" data-id=\"6b7be4b\" data-element_type=\"widget\" data-e-type=\"widget\" data-settings=\"{&quot;_animation&quot;:&quot;fadeInUp&quot;,&quot;_animation_delay&quot;:100}\" data-widget_type=\"button.default\">\n\t\t\t\t<div class=\"elementor-widget-container\">\n\t\t\t\t\t\t\t\t\t<div class=\"elementor-button-wrapper\">\n\t\t\t\t\t<a class=\"elementor-button elementor-button-link elementor-size-md\" href=\"https:\/\/vermeerbaltic.eu\/lv\/beztranseju-tehnologijas\/\">\n\t\t\t\t\t\t<span class=\"elementor-button-content-wrapper\">\n\t\t\t\t\t\t\t\t\t<span class=\"elementor-button-text\">Atpaka\u013c uz p\u0101rskatu<\/span>\n\t\t\t\t\t<\/span>\n\t\t\t\t\t<\/a>\n\t\t\t\t<\/div>\n\t\t\t\t\t\t\t\t<\/div>\n\t\t\t\t<\/div>\n\t\t\t\t\t<\/div>\n\t\t\t\t<\/div>\n\t\t<div class=\"elementor-element elementor-element-177c184 e-flex e-con-boxed e-con e-parent\" data-id=\"177c184\" data-element_type=\"container\" data-e-type=\"container\" data-settings=\"{&quot;background_background&quot;:&quot;classic&quot;}\">\n\t\t\t\t\t<div class=\"e-con-inner\">\n\t\t<div class=\"elementor-element elementor-element-1690564 e-con-full e-transform e-flex e-con e-parent\" data-id=\"1690564\" data-element_type=\"container\" data-e-type=\"container\" data-settings=\"{&quot;_transform_skewX_effect&quot;:{&quot;unit&quot;:&quot;px&quot;,&quot;size&quot;:-25,&quot;sizes&quot;:[]},&quot;background_background&quot;:&quot;classic&quot;,&quot;_transform_skewX_effect_tablet&quot;:{&quot;unit&quot;:&quot;deg&quot;,&quot;size&quot;:&quot;&quot;,&quot;sizes&quot;:[]},&quot;_transform_skewX_effect_mobile&quot;:{&quot;unit&quot;:&quot;deg&quot;,&quot;size&quot;:&quot;&quot;,&quot;sizes&quot;:[]},&quot;_transform_skewY_effect&quot;:{&quot;unit&quot;:&quot;px&quot;,&quot;size&quot;:&quot;&quot;,&quot;sizes&quot;:[]},&quot;_transform_skewY_effect_tablet&quot;:{&quot;unit&quot;:&quot;deg&quot;,&quot;size&quot;:&quot;&quot;,&quot;sizes&quot;:[]},&quot;_transform_skewY_effect_mobile&quot;:{&quot;unit&quot;:&quot;deg&quot;,&quot;size&quot;:&quot;&quot;,&quot;sizes&quot;:[]}}\">\n\t\t\t\t<div class=\"elementor-element elementor-element-e2bfcdd e-transform elementor-widget elementor-widget-image\" data-id=\"e2bfcdd\" data-element_type=\"widget\" data-e-type=\"widget\" data-settings=\"{&quot;_transform_skewX_effect&quot;:{&quot;unit&quot;:&quot;px&quot;,&quot;size&quot;:25,&quot;sizes&quot;:[]},&quot;_transform_skewX_effect_tablet&quot;:{&quot;unit&quot;:&quot;deg&quot;,&quot;size&quot;:&quot;&quot;,&quot;sizes&quot;:[]},&quot;_transform_skewX_effect_mobile&quot;:{&quot;unit&quot;:&quot;deg&quot;,&quot;size&quot;:&quot;&quot;,&quot;sizes&quot;:[]},&quot;_transform_skewY_effect&quot;:{&quot;unit&quot;:&quot;px&quot;,&quot;size&quot;:&quot;&quot;,&quot;sizes&quot;:[]},&quot;_transform_skewY_effect_tablet&quot;:{&quot;unit&quot;:&quot;deg&quot;,&quot;size&quot;:&quot;&quot;,&quot;sizes&quot;:[]},&quot;_transform_skewY_effect_mobile&quot;:{&quot;unit&quot;:&quot;deg&quot;,&quot;size&quot;:&quot;&quot;,&quot;sizes&quot;:[]}}\" data-widget_type=\"image.default\">\n\t\t\t\t<div class=\"elementor-widget-container\">\n\t\t\t\t\t\t\t\t\t\t\t\t\t\t\t<img fetchpriority=\"high\" decoding=\"async\" width=\"800\" height=\"445\" src=\"https:\/\/vermeerbaltic.eu\/wp-content\/uploads\/2023\/05\/Untitled-1.jpg\" class=\"attachment-large size-large wp-image-1021\" alt=\"\" srcset=\"https:\/\/vermeerbaltic.eu\/wp-content\/uploads\/2023\/05\/Untitled-1.jpg 948w, https:\/\/vermeerbaltic.eu\/wp-content\/uploads\/2023\/05\/Untitled-1-300x167.jpg 300w, https:\/\/vermeerbaltic.eu\/wp-content\/uploads\/2023\/05\/Untitled-1-768x427.jpg 768w\" sizes=\"(max-width: 800px) 100vw, 800px\" \/>\t\t\t\t\t\t\t\t\t\t\t\t\t\t\t<\/div>\n\t\t\t\t<\/div>\n\t\t\t\t<\/div>\n\t\t<div class=\"elementor-element elementor-element-ca099f6 e-con-full e-flex e-con e-parent\" data-id=\"ca099f6\" data-element_type=\"container\" data-e-type=\"container\" data-settings=\"{&quot;background_background&quot;:&quot;classic&quot;}\">\n\t\t<div class=\"elementor-element elementor-element-948fc37 e-con-full e-flex e-con e-parent\" data-id=\"948fc37\" data-element_type=\"container\" data-e-type=\"container\" data-settings=\"{&quot;background_background&quot;:&quot;classic&quot;}\">\n\t\t\t\t<div class=\"elementor-element elementor-element-28759ce model elementor-widget elementor-widget-heading\" data-id=\"28759ce\" data-element_type=\"widget\" data-e-type=\"widget\" data-widget_type=\"heading.default\">\n\t\t\t\t<div class=\"elementor-widget-container\">\n\t\t\t\t\t<h2 class=\"elementor-heading-title elementor-size-default\"><a href=\"http:\/\/digital-control.com\/\" target=\"_blank\">Lok\u0101cijas sist\u0113mu DCI<\/a><\/h2>\t\t\t\t<\/div>\n\t\t\t\t<\/div>\n\t\t\t\t<div class=\"elementor-element elementor-element-cb6020e elementor-widget elementor-widget-text-editor\" data-id=\"cb6020e\" data-element_type=\"widget\" data-e-type=\"widget\" data-widget_type=\"text-editor.default\">\n\t\t\t\t<div class=\"elementor-widget-container\">\n\t\t\t\t\t\t\t\t\t<p>DigiTrak ir atz\u012bts pasaules l\u012bderis beztran\u0161eju tehnolo\u0123ijas darbiem piem\u0113rotu lok\u0101cijas sist\u0113mu tirg\u016b. Past\u0101v\u012bgi jaunievedumi un augsta kvalit\u0101te ir galven\u0101 DigiTrak produkcijas iez\u012bme. Lok\u0101cijas sist\u0113mu DigiTrak FALCON p\u0113d\u0113j\u0101 paaudze \u013cauj urb\u0113jiem str\u0101d\u0101t pavisam cit\u0101 l\u012bmen\u012b.<\/p>\n\t\t\t\t\t\t\t\t<\/div>\n\t\t\t\t<\/div>\n\t\t\t\t<div class=\"elementor-element elementor-element-26d5e98 elementor-invisible elementor-widget elementor-widget-button\" data-id=\"26d5e98\" data-element_type=\"widget\" data-e-type=\"widget\" data-settings=\"{&quot;_animation&quot;:&quot;fadeInUp&quot;,&quot;_animation_delay&quot;:600}\" data-widget_type=\"button.default\">\n\t\t\t\t<div class=\"elementor-widget-container\">\n\t\t\t\t\t\t\t\t\t<div class=\"elementor-button-wrapper\">\n\t\t\t\t\t<a class=\"elementor-button elementor-button-link elementor-size-md\" href=\"http:\/\/digital-control.com\/\" target=\"_blank\">\n\t\t\t\t\t\t<span class=\"elementor-button-content-wrapper\">\n\t\t\t\t\t\t\t\t\t<span class=\"elementor-button-text\">Vair\u0101k inform\u0101cijas<\/span>\n\t\t\t\t\t<\/span>\n\t\t\t\t\t<\/a>\n\t\t\t\t<\/div>\n\t\t\t\t\t\t\t\t<\/div>\n\t\t\t\t<\/div>\n\t\t\t\t<\/div>\n\t\t\t\t<\/div>\n\t\t\t\t\t<\/div>\n\t\t\t\t<\/div>\n\t\t\t\t<\/div>\n\t\t","protected":false},"excerpt":{"rendered":"<p>Atpaka\u013c uz p\u0101rskatu Lok\u0101cijas sist\u0113mu DCI DigiTrak ir atz\u012bts pasaules l\u012bderis beztran\u0161eju tehnolo\u0123ijas darbiem piem\u0113rotu lok\u0101cijas sist\u0113mu tirg\u016b. Past\u0101v\u012bgi jaunievedumi un augsta kvalit\u0101te ir galven\u0101 DigiTrak produkcijas iez\u012bme. Lok\u0101cijas sist\u0113mu DigiTrak FALCON p\u0113d\u0113j\u0101 paaudze \u013cauj urb\u0113jiem str\u0101d\u0101t pavisam cit\u0101 l\u012bmen\u012b. Vair\u0101k inform\u0101cijas<\/p>\n","protected":false},"author":1,"featured_media":0,"parent":1217,"menu_order":0,"comment_status":"closed","ping_status":"closed","template":"elementor_header_footer","meta":{"_acf_changed":false,"inline_featured_image":false,"footnotes":""},"class_list":["post-1692","page","type-page","status-publish","hentry"],"acf":[],"yoast_head":"<!-- This site is optimized with the Yoast SEO plugin v27.4 - https:\/\/yoast.com\/product\/yoast-seo-wordpress\/ -->\n<title>Lok\u0101cijas sist\u0113mu DCI - Vermeer Baltic<\/title>\n<meta name=\"robots\" content=\"index, follow, max-snippet:-1, max-image-preview:large, max-video-preview:-1\" \/>\n<link rel=\"canonical\" href=\"https:\/\/vermeerbaltic.eu\/lv\/beztranseju-tehnologijas\/lokacijas-sistemu-dci\/\" \/>\n<meta property=\"og:locale\" content=\"lv_LV\" \/>\n<meta property=\"og:type\" content=\"article\" \/>\n<meta property=\"og:title\" content=\"Lok\u0101cijas sist\u0113mu DCI - Vermeer Baltic\" \/>\n<meta property=\"og:description\" content=\"Atpaka\u013c uz p\u0101rskatu Lok\u0101cijas sist\u0113mu DCI DigiTrak ir atz\u012bts pasaules l\u012bderis beztran\u0161eju tehnolo\u0123ijas darbiem piem\u0113rotu lok\u0101cijas sist\u0113mu tirg\u016b. Past\u0101v\u012bgi jaunievedumi un augsta kvalit\u0101te ir galven\u0101 DigiTrak produkcijas iez\u012bme. Lok\u0101cijas sist\u0113mu DigiTrak FALCON p\u0113d\u0113j\u0101 paaudze \u013cauj urb\u0113jiem str\u0101d\u0101t pavisam cit\u0101 l\u012bmen\u012b. Vair\u0101k inform\u0101cijas\" \/>\n<meta property=\"og:url\" content=\"https:\/\/vermeerbaltic.eu\/lv\/beztranseju-tehnologijas\/lokacijas-sistemu-dci\/\" \/>\n<meta property=\"og:site_name\" content=\"Vermeer Baltic\" \/>\n<meta property=\"article:modified_time\" content=\"2023-07-03T12:14:32+00:00\" \/>\n<meta property=\"og:image\" content=\"https:\/\/vermeerbaltic.eu\/wp-content\/uploads\/2023\/05\/Untitled-1.jpg\" \/>\n<meta name=\"twitter:card\" content=\"summary_large_image\" \/>\n<script type=\"application\/ld+json\" class=\"yoast-schema-graph\">{\"@context\":\"https:\\\/\\\/schema.org\",\"@graph\":[{\"@type\":\"WebPage\",\"@id\":\"https:\\\/\\\/vermeerbaltic.eu\\\/lv\\\/beztranseju-tehnologijas\\\/lokacijas-sistemu-dci\\\/\",\"url\":\"https:\\\/\\\/vermeerbaltic.eu\\\/lv\\\/beztranseju-tehnologijas\\\/lokacijas-sistemu-dci\\\/\",\"name\":\"Lok\u0101cijas sist\u0113mu DCI - Vermeer Baltic\",\"isPartOf\":{\"@id\":\"https:\\\/\\\/vermeerbaltic.eu\\\/lv\\\/#website\"},\"primaryImageOfPage\":{\"@id\":\"https:\\\/\\\/vermeerbaltic.eu\\\/lv\\\/beztranseju-tehnologijas\\\/lokacijas-sistemu-dci\\\/#primaryimage\"},\"image\":{\"@id\":\"https:\\\/\\\/vermeerbaltic.eu\\\/lv\\\/beztranseju-tehnologijas\\\/lokacijas-sistemu-dci\\\/#primaryimage\"},\"thumbnailUrl\":\"https:\\\/\\\/vermeerbaltic.eu\\\/wp-content\\\/uploads\\\/2023\\\/05\\\/Untitled-1.jpg\",\"datePublished\":\"2023-07-03T10:05:54+00:00\",\"dateModified\":\"2023-07-03T12:14:32+00:00\",\"breadcrumb\":{\"@id\":\"https:\\\/\\\/vermeerbaltic.eu\\\/lv\\\/beztranseju-tehnologijas\\\/lokacijas-sistemu-dci\\\/#breadcrumb\"},\"inLanguage\":\"lv-LV\",\"potentialAction\":[{\"@type\":\"ReadAction\",\"target\":[\"https:\\\/\\\/vermeerbaltic.eu\\\/lv\\\/beztranseju-tehnologijas\\\/lokacijas-sistemu-dci\\\/\"]}]},{\"@type\":\"ImageObject\",\"inLanguage\":\"lv-LV\",\"@id\":\"https:\\\/\\\/vermeerbaltic.eu\\\/lv\\\/beztranseju-tehnologijas\\\/lokacijas-sistemu-dci\\\/#primaryimage\",\"url\":\"https:\\\/\\\/vermeerbaltic.eu\\\/wp-content\\\/uploads\\\/2023\\\/05\\\/Untitled-1.jpg\",\"contentUrl\":\"https:\\\/\\\/vermeerbaltic.eu\\\/wp-content\\\/uploads\\\/2023\\\/05\\\/Untitled-1.jpg\"},{\"@type\":\"BreadcrumbList\",\"@id\":\"https:\\\/\\\/vermeerbaltic.eu\\\/lv\\\/beztranseju-tehnologijas\\\/lokacijas-sistemu-dci\\\/#breadcrumb\",\"itemListElement\":[{\"@type\":\"ListItem\",\"position\":1,\"name\":\"Home\",\"item\":\"https:\\\/\\\/vermeerbaltic.eu\\\/lv\\\/\"},{\"@type\":\"ListItem\",\"position\":2,\"name\":\"Beztran\u0161eju tehnolo\u0123ijas\",\"item\":\"https:\\\/\\\/vermeerbaltic.eu\\\/lv\\\/beztranseju-tehnologijas\\\/\"},{\"@type\":\"ListItem\",\"position\":3,\"name\":\"Lok\u0101cijas sist\u0113mu DCI\"}]},{\"@type\":\"WebSite\",\"@id\":\"https:\\\/\\\/vermeerbaltic.eu\\\/lv\\\/#website\",\"url\":\"https:\\\/\\\/vermeerbaltic.eu\\\/lv\\\/\",\"name\":\"Vermeer Baltic\",\"description\":\"\",\"publisher\":{\"@id\":\"https:\\\/\\\/vermeerbaltic.eu\\\/lv\\\/#organization\"},\"potentialAction\":[{\"@type\":\"SearchAction\",\"target\":{\"@type\":\"EntryPoint\",\"urlTemplate\":\"https:\\\/\\\/vermeerbaltic.eu\\\/lv\\\/?s={search_term_string}\"},\"query-input\":{\"@type\":\"PropertyValueSpecification\",\"valueRequired\":true,\"valueName\":\"search_term_string\"}}],\"inLanguage\":\"lv-LV\"},{\"@type\":\"Organization\",\"@id\":\"https:\\\/\\\/vermeerbaltic.eu\\\/lv\\\/#organization\",\"name\":\"Vermeer Baltic O\u00dc\",\"url\":\"https:\\\/\\\/vermeerbaltic.eu\\\/lv\\\/\",\"logo\":{\"@type\":\"ImageObject\",\"inLanguage\":\"lv-LV\",\"@id\":\"https:\\\/\\\/vermeerbaltic.eu\\\/lv\\\/#\\\/schema\\\/logo\\\/image\\\/\",\"url\":\"https:\\\/\\\/vermeerbaltic.eu\\\/wp-content\\\/uploads\\\/2023\\\/04\\\/DealerLogo_Baltics_4lr.png\",\"contentUrl\":\"https:\\\/\\\/vermeerbaltic.eu\\\/wp-content\\\/uploads\\\/2023\\\/04\\\/DealerLogo_Baltics_4lr.png\",\"width\":1054,\"height\":267,\"caption\":\"Vermeer Baltic O\u00dc\"},\"image\":{\"@id\":\"https:\\\/\\\/vermeerbaltic.eu\\\/lv\\\/#\\\/schema\\\/logo\\\/image\\\/\"}}]}<\/script>\n<!-- \/ Yoast SEO plugin. -->","yoast_head_json":{"title":"Lok\u0101cijas sist\u0113mu DCI - Vermeer Baltic","robots":{"index":"index","follow":"follow","max-snippet":"max-snippet:-1","max-image-preview":"max-image-preview:large","max-video-preview":"max-video-preview:-1"},"canonical":"https:\/\/vermeerbaltic.eu\/lv\/beztranseju-tehnologijas\/lokacijas-sistemu-dci\/","og_locale":"lv_LV","og_type":"article","og_title":"Lok\u0101cijas sist\u0113mu DCI - Vermeer Baltic","og_description":"Atpaka\u013c uz p\u0101rskatu Lok\u0101cijas sist\u0113mu DCI DigiTrak ir atz\u012bts pasaules l\u012bderis beztran\u0161eju tehnolo\u0123ijas darbiem piem\u0113rotu lok\u0101cijas sist\u0113mu tirg\u016b. Past\u0101v\u012bgi jaunievedumi un augsta kvalit\u0101te ir galven\u0101 DigiTrak produkcijas iez\u012bme. Lok\u0101cijas sist\u0113mu DigiTrak FALCON p\u0113d\u0113j\u0101 paaudze \u013cauj urb\u0113jiem str\u0101d\u0101t pavisam cit\u0101 l\u012bmen\u012b. Vair\u0101k inform\u0101cijas","og_url":"https:\/\/vermeerbaltic.eu\/lv\/beztranseju-tehnologijas\/lokacijas-sistemu-dci\/","og_site_name":"Vermeer Baltic","article_modified_time":"2023-07-03T12:14:32+00:00","og_image":[{"url":"https:\/\/vermeerbaltic.eu\/wp-content\/uploads\/2023\/05\/Untitled-1.jpg","type":"","width":"","height":""}],"twitter_card":"summary_large_image","schema":{"@context":"https:\/\/schema.org","@graph":[{"@type":"WebPage","@id":"https:\/\/vermeerbaltic.eu\/lv\/beztranseju-tehnologijas\/lokacijas-sistemu-dci\/","url":"https:\/\/vermeerbaltic.eu\/lv\/beztranseju-tehnologijas\/lokacijas-sistemu-dci\/","name":"Lok\u0101cijas sist\u0113mu DCI - Vermeer Baltic","isPartOf":{"@id":"https:\/\/vermeerbaltic.eu\/lv\/#website"},"primaryImageOfPage":{"@id":"https:\/\/vermeerbaltic.eu\/lv\/beztranseju-tehnologijas\/lokacijas-sistemu-dci\/#primaryimage"},"image":{"@id":"https:\/\/vermeerbaltic.eu\/lv\/beztranseju-tehnologijas\/lokacijas-sistemu-dci\/#primaryimage"},"thumbnailUrl":"https:\/\/vermeerbaltic.eu\/wp-content\/uploads\/2023\/05\/Untitled-1.jpg","datePublished":"2023-07-03T10:05:54+00:00","dateModified":"2023-07-03T12:14:32+00:00","breadcrumb":{"@id":"https:\/\/vermeerbaltic.eu\/lv\/beztranseju-tehnologijas\/lokacijas-sistemu-dci\/#breadcrumb"},"inLanguage":"lv-LV","potentialAction":[{"@type":"ReadAction","target":["https:\/\/vermeerbaltic.eu\/lv\/beztranseju-tehnologijas\/lokacijas-sistemu-dci\/"]}]},{"@type":"ImageObject","inLanguage":"lv-LV","@id":"https:\/\/vermeerbaltic.eu\/lv\/beztranseju-tehnologijas\/lokacijas-sistemu-dci\/#primaryimage","url":"https:\/\/vermeerbaltic.eu\/wp-content\/uploads\/2023\/05\/Untitled-1.jpg","contentUrl":"https:\/\/vermeerbaltic.eu\/wp-content\/uploads\/2023\/05\/Untitled-1.jpg"},{"@type":"BreadcrumbList","@id":"https:\/\/vermeerbaltic.eu\/lv\/beztranseju-tehnologijas\/lokacijas-sistemu-dci\/#breadcrumb","itemListElement":[{"@type":"ListItem","position":1,"name":"Home","item":"https:\/\/vermeerbaltic.eu\/lv\/"},{"@type":"ListItem","position":2,"name":"Beztran\u0161eju tehnolo\u0123ijas","item":"https:\/\/vermeerbaltic.eu\/lv\/beztranseju-tehnologijas\/"},{"@type":"ListItem","position":3,"name":"Lok\u0101cijas sist\u0113mu DCI"}]},{"@type":"WebSite","@id":"https:\/\/vermeerbaltic.eu\/lv\/#website","url":"https:\/\/vermeerbaltic.eu\/lv\/","name":"Vermeer Baltic","description":"","publisher":{"@id":"https:\/\/vermeerbaltic.eu\/lv\/#organization"},"potentialAction":[{"@type":"SearchAction","target":{"@type":"EntryPoint","urlTemplate":"https:\/\/vermeerbaltic.eu\/lv\/?s={search_term_string}"},"query-input":{"@type":"PropertyValueSpecification","valueRequired":true,"valueName":"search_term_string"}}],"inLanguage":"lv-LV"},{"@type":"Organization","@id":"https:\/\/vermeerbaltic.eu\/lv\/#organization","name":"Vermeer Baltic O\u00dc","url":"https:\/\/vermeerbaltic.eu\/lv\/","logo":{"@type":"ImageObject","inLanguage":"lv-LV","@id":"https:\/\/vermeerbaltic.eu\/lv\/#\/schema\/logo\/image\/","url":"https:\/\/vermeerbaltic.eu\/wp-content\/uploads\/2023\/04\/DealerLogo_Baltics_4lr.png","contentUrl":"https:\/\/vermeerbaltic.eu\/wp-content\/uploads\/2023\/04\/DealerLogo_Baltics_4lr.png","width":1054,"height":267,"caption":"Vermeer Baltic O\u00dc"},"image":{"@id":"https:\/\/vermeerbaltic.eu\/lv\/#\/schema\/logo\/image\/"}}]}},"_links":{"self":[{"href":"https:\/\/vermeerbaltic.eu\/lv\/wp-json\/wp\/v2\/pages\/1692","targetHints":{"allow":["GET"]}}],"collection":[{"href":"https:\/\/vermeerbaltic.eu\/lv\/wp-json\/wp\/v2\/pages"}],"about":[{"href":"https:\/\/vermeerbaltic.eu\/lv\/wp-json\/wp\/v2\/types\/page"}],"author":[{"embeddable":true,"href":"https:\/\/vermeerbaltic.eu\/lv\/wp-json\/wp\/v2\/users\/1"}],"replies":[{"embeddable":true,"href":"https:\/\/vermeerbaltic.eu\/lv\/wp-json\/wp\/v2\/comments?post=1692"}],"version-history":[{"count":3,"href":"https:\/\/vermeerbaltic.eu\/lv\/wp-json\/wp\/v2\/pages\/1692\/revisions"}],"predecessor-version":[{"id":1695,"href":"https:\/\/vermeerbaltic.eu\/lv\/wp-json\/wp\/v2\/pages\/1692\/revisions\/1695"}],"up":[{"embeddable":true,"href":"https:\/\/vermeerbaltic.eu\/lv\/wp-json\/wp\/v2\/pages\/1217"}],"wp:attachment":[{"href":"https:\/\/vermeerbaltic.eu\/lv\/wp-json\/wp\/v2\/media?parent=1692"}],"curies":[{"name":"wp","href":"https:\/\/api.w.org\/{rel}","templated":true}]}}