{"id":1700,"date":"2023-07-03T12:02:49","date_gmt":"2023-07-03T10:02:49","guid":{"rendered":"https:\/\/vermeerbaltic.eu\/beztranseju-tehnologijas\/dytron-europe-caurulu-metinasana\/"},"modified":"2023-07-03T12:15:58","modified_gmt":"2023-07-03T12:15:58","slug":"dytron-europe-caurulu-metinasana","status":"publish","type":"page","link":"https:\/\/vermeerbaltic.eu\/lv\/beztranseju-tehnologijas\/dytron-europe-caurulu-metinasana\/","title":{"rendered":"DYTRON EUROPE \u2013 Cauru\u013cu metin\u0101\u0161ana"},"content":{"rendered":"\t\t<div data-elementor-type=\"wp-page\" data-elementor-id=\"1700\" class=\"elementor elementor-1700 elementor-1663\" data-elementor-post-type=\"page\">\n\t\t\t\t<div class=\"elementor-element elementor-element-684b1fc e-flex e-con-boxed e-con e-parent\" data-id=\"684b1fc\" data-element_type=\"container\" data-e-type=\"container\" data-settings=\"{&quot;background_background&quot;:&quot;classic&quot;}\">\n\t\t\t\t\t<div class=\"e-con-inner\">\n\t\t\t\t<div class=\"elementor-element elementor-element-6b7be4b elementor-invisible elementor-widget elementor-widget-button\" data-id=\"6b7be4b\" data-element_type=\"widget\" data-e-type=\"widget\" data-settings=\"{&quot;_animation&quot;:&quot;fadeInUp&quot;,&quot;_animation_delay&quot;:100}\" data-widget_type=\"button.default\">\n\t\t\t\t<div class=\"elementor-widget-container\">\n\t\t\t\t\t\t\t\t\t<div class=\"elementor-button-wrapper\">\n\t\t\t\t\t<a class=\"elementor-button elementor-button-link elementor-size-md\" href=\"https:\/\/vermeerbaltic.eu\/lv\/beztranseju-tehnologijas\/\">\n\t\t\t\t\t\t<span class=\"elementor-button-content-wrapper\">\n\t\t\t\t\t\t\t\t\t<span class=\"elementor-button-text\">Atpaka\u013c uz p\u0101rskatu<\/span>\n\t\t\t\t\t<\/span>\n\t\t\t\t\t<\/a>\n\t\t\t\t<\/div>\n\t\t\t\t\t\t\t\t<\/div>\n\t\t\t\t<\/div>\n\t\t\t\t\t<\/div>\n\t\t\t\t<\/div>\n\t\t<div class=\"elementor-element elementor-element-40cee90 e-flex e-con-boxed e-con e-parent\" data-id=\"40cee90\" data-element_type=\"container\" data-e-type=\"container\" data-settings=\"{&quot;background_background&quot;:&quot;classic&quot;}\">\n\t\t\t\t\t<div class=\"e-con-inner\">\n\t\t<div class=\"elementor-element elementor-element-71f60d7 e-con-full e-transform e-flex e-con e-parent\" data-id=\"71f60d7\" data-element_type=\"container\" data-e-type=\"container\" data-settings=\"{&quot;_transform_skewX_effect&quot;:{&quot;unit&quot;:&quot;px&quot;,&quot;size&quot;:-25,&quot;sizes&quot;:[]},&quot;background_background&quot;:&quot;classic&quot;,&quot;_transform_skewX_effect_tablet&quot;:{&quot;unit&quot;:&quot;deg&quot;,&quot;size&quot;:&quot;&quot;,&quot;sizes&quot;:[]},&quot;_transform_skewX_effect_mobile&quot;:{&quot;unit&quot;:&quot;deg&quot;,&quot;size&quot;:&quot;&quot;,&quot;sizes&quot;:[]},&quot;_transform_skewY_effect&quot;:{&quot;unit&quot;:&quot;px&quot;,&quot;size&quot;:&quot;&quot;,&quot;sizes&quot;:[]},&quot;_transform_skewY_effect_tablet&quot;:{&quot;unit&quot;:&quot;deg&quot;,&quot;size&quot;:&quot;&quot;,&quot;sizes&quot;:[]},&quot;_transform_skewY_effect_mobile&quot;:{&quot;unit&quot;:&quot;deg&quot;,&quot;size&quot;:&quot;&quot;,&quot;sizes&quot;:[]}}\">\n\t\t\t\t<div class=\"elementor-element elementor-element-4c1718f e-transform elementor-widget elementor-widget-image\" data-id=\"4c1718f\" data-element_type=\"widget\" data-e-type=\"widget\" data-settings=\"{&quot;_transform_skewX_effect&quot;:{&quot;unit&quot;:&quot;px&quot;,&quot;size&quot;:25,&quot;sizes&quot;:[]},&quot;_transform_skewX_effect_tablet&quot;:{&quot;unit&quot;:&quot;deg&quot;,&quot;size&quot;:&quot;&quot;,&quot;sizes&quot;:[]},&quot;_transform_skewX_effect_mobile&quot;:{&quot;unit&quot;:&quot;deg&quot;,&quot;size&quot;:&quot;&quot;,&quot;sizes&quot;:[]},&quot;_transform_skewY_effect&quot;:{&quot;unit&quot;:&quot;px&quot;,&quot;size&quot;:&quot;&quot;,&quot;sizes&quot;:[]},&quot;_transform_skewY_effect_tablet&quot;:{&quot;unit&quot;:&quot;deg&quot;,&quot;size&quot;:&quot;&quot;,&quot;sizes&quot;:[]},&quot;_transform_skewY_effect_mobile&quot;:{&quot;unit&quot;:&quot;deg&quot;,&quot;size&quot;:&quot;&quot;,&quot;sizes&quot;:[]}}\" data-widget_type=\"image.default\">\n\t\t\t\t<div class=\"elementor-widget-container\">\n\t\t\t\t\t\t\t\t\t\t\t\t\t\t\t<img fetchpriority=\"high\" decoding=\"async\" width=\"280\" height=\"233\" src=\"https:\/\/vermeerbaltic.eu\/wp-content\/uploads\/2023\/05\/sth-twplus-large.jpg\" class=\"attachment-large size-large wp-image-1018\" alt=\"\" \/>\t\t\t\t\t\t\t\t\t\t\t\t\t\t\t<\/div>\n\t\t\t\t<\/div>\n\t\t\t\t<\/div>\n\t\t<div class=\"elementor-element elementor-element-35f1841 e-con-full e-flex e-con e-parent\" data-id=\"35f1841\" data-element_type=\"container\" data-e-type=\"container\" data-settings=\"{&quot;background_background&quot;:&quot;classic&quot;}\">\n\t\t<div class=\"elementor-element elementor-element-01633ef e-con-full e-flex e-con e-parent\" data-id=\"01633ef\" data-element_type=\"container\" data-e-type=\"container\" data-settings=\"{&quot;background_background&quot;:&quot;classic&quot;}\">\n\t\t\t\t<div class=\"elementor-element elementor-element-41dabce model elementor-widget elementor-widget-heading\" data-id=\"41dabce\" data-element_type=\"widget\" data-e-type=\"widget\" data-widget_type=\"heading.default\">\n\t\t\t\t<div class=\"elementor-widget-container\">\n\t\t\t\t\t<h2 class=\"elementor-heading-title elementor-size-default\"><a href=\"http:\/\/www.dytron.eu\/en\/introduction\/\" target=\"_blank\">DYTRON EUROPE \u2013 Cauru\u013cu metin\u0101\u0161ana<\/a><\/h2>\t\t\t\t<\/div>\n\t\t\t\t<\/div>\n\t\t\t\t<div class=\"elementor-element elementor-element-11eb62a elementor-widget elementor-widget-text-editor\" data-id=\"11eb62a\" data-element_type=\"widget\" data-e-type=\"widget\" data-widget_type=\"text-editor.default\">\n\t\t\t\t<div class=\"elementor-widget-container\">\n\t\t\t\t\t\t\t\t\t<p>Firma DYTRON EUROPE pieder pie liel\u0101kajiem Eiropas plastmasas metin\u0101\u0161anas iek\u0101rtu ra\u017eot\u0101jiem. T\u0101 ie\u0146em vado\u0161o vietu \u010cehijas tirg\u016b k\u0101 liel\u0101kais specializ\u0113tais \u0161\u012bs produkcijas ra\u017eot\u0101js un veiksm\u012bgi p\u0101rst\u0101v savu produkciju \u0101rzemju tirgos. DYTRON EUROPE galveno uzman\u012bbu piev\u0113r\u0161 savu izstr\u0101d\u0101jumu kvalit\u0101tei un t\u0101s t\u0101l\u0101kai pilnveido\u0161anai, k\u0101 ar\u012b jaunu produktu izstr\u0101dei.<\/p>\n\t\t\t\t\t\t\t\t<\/div>\n\t\t\t\t<\/div>\n\t\t\t\t<div class=\"elementor-element elementor-element-9d5d139 elementor-invisible elementor-widget elementor-widget-button\" data-id=\"9d5d139\" data-element_type=\"widget\" data-e-type=\"widget\" data-settings=\"{&quot;_animation&quot;:&quot;fadeInUp&quot;,&quot;_animation_delay&quot;:600}\" data-widget_type=\"button.default\">\n\t\t\t\t<div class=\"elementor-widget-container\">\n\t\t\t\t\t\t\t\t\t<div class=\"elementor-button-wrapper\">\n\t\t\t\t\t<a class=\"elementor-button elementor-button-link elementor-size-md\" href=\"http:\/\/www.dytron.eu\/en\/introduction\/\" target=\"_blank\">\n\t\t\t\t\t\t<span class=\"elementor-button-content-wrapper\">\n\t\t\t\t\t\t\t\t\t<span class=\"elementor-button-text\">Vair\u0101k inform\u0101cijas<\/span>\n\t\t\t\t\t<\/span>\n\t\t\t\t\t<\/a>\n\t\t\t\t<\/div>\n\t\t\t\t\t\t\t\t<\/div>\n\t\t\t\t<\/div>\n\t\t\t\t<\/div>\n\t\t\t\t<\/div>\n\t\t\t\t\t<\/div>\n\t\t\t\t<\/div>\n\t\t\t\t<\/div>\n\t\t","protected":false},"excerpt":{"rendered":"<p>Atpaka\u013c uz p\u0101rskatu DYTRON EUROPE \u2013 Cauru\u013cu metin\u0101\u0161ana Firma DYTRON EUROPE pieder pie liel\u0101kajiem Eiropas plastmasas metin\u0101\u0161anas iek\u0101rtu ra\u017eot\u0101jiem. T\u0101 ie\u0146em vado\u0161o vietu \u010cehijas tirg\u016b k\u0101 liel\u0101kais specializ\u0113tais \u0161\u012bs produkcijas ra\u017eot\u0101js un veiksm\u012bgi p\u0101rst\u0101v savu produkciju \u0101rzemju tirgos. DYTRON EUROPE galveno uzman\u012bbu piev\u0113r\u0161 savu izstr\u0101d\u0101jumu kvalit\u0101tei un t\u0101s t\u0101l\u0101kai pilnveido\u0161anai, k\u0101 ar\u012b jaunu produktu izstr\u0101dei. [&hellip;]<\/p>\n","protected":false},"author":1,"featured_media":0,"parent":1217,"menu_order":0,"comment_status":"closed","ping_status":"closed","template":"elementor_header_footer","meta":{"_acf_changed":false,"inline_featured_image":false,"footnotes":""},"class_list":["post-1700","page","type-page","status-publish","hentry"],"acf":[],"yoast_head":"<!-- This site is optimized with the Yoast SEO plugin v27.2 - https:\/\/yoast.com\/product\/yoast-seo-wordpress\/ -->\n<title>DYTRON EUROPE \u2013 Cauru\u013cu metin\u0101\u0161ana - Vermeer Baltic<\/title>\n<meta name=\"robots\" content=\"index, follow, max-snippet:-1, max-image-preview:large, max-video-preview:-1\" \/>\n<link rel=\"canonical\" href=\"https:\/\/vermeerbaltic.eu\/lv\/beztranseju-tehnologijas\/dytron-europe-caurulu-metinasana\/\" \/>\n<meta property=\"og:locale\" content=\"lv_LV\" \/>\n<meta property=\"og:type\" content=\"article\" \/>\n<meta property=\"og:title\" content=\"DYTRON EUROPE \u2013 Cauru\u013cu metin\u0101\u0161ana - Vermeer Baltic\" \/>\n<meta property=\"og:description\" content=\"Atpaka\u013c uz p\u0101rskatu DYTRON EUROPE \u2013 Cauru\u013cu metin\u0101\u0161ana Firma DYTRON EUROPE pieder pie liel\u0101kajiem Eiropas plastmasas metin\u0101\u0161anas iek\u0101rtu ra\u017eot\u0101jiem. T\u0101 ie\u0146em vado\u0161o vietu \u010cehijas tirg\u016b k\u0101 liel\u0101kais specializ\u0113tais \u0161\u012bs produkcijas ra\u017eot\u0101js un veiksm\u012bgi p\u0101rst\u0101v savu produkciju \u0101rzemju tirgos. DYTRON EUROPE galveno uzman\u012bbu piev\u0113r\u0161 savu izstr\u0101d\u0101jumu kvalit\u0101tei un t\u0101s t\u0101l\u0101kai pilnveido\u0161anai, k\u0101 ar\u012b jaunu produktu izstr\u0101dei. [&hellip;]\" \/>\n<meta property=\"og:url\" content=\"https:\/\/vermeerbaltic.eu\/lv\/beztranseju-tehnologijas\/dytron-europe-caurulu-metinasana\/\" \/>\n<meta property=\"og:site_name\" content=\"Vermeer Baltic\" \/>\n<meta property=\"article:modified_time\" content=\"2023-07-03T12:15:58+00:00\" \/>\n<meta property=\"og:image\" content=\"https:\/\/vermeerbaltic.eu\/wp-content\/uploads\/2023\/05\/sth-twplus-large.jpg\" \/>\n<meta name=\"twitter:card\" content=\"summary_large_image\" \/>\n<script type=\"application\/ld+json\" class=\"yoast-schema-graph\">{\"@context\":\"https:\/\/schema.org\",\"@graph\":[{\"@type\":\"WebPage\",\"@id\":\"https:\/\/vermeerbaltic.eu\/lv\/beztranseju-tehnologijas\/dytron-europe-caurulu-metinasana\/\",\"url\":\"https:\/\/vermeerbaltic.eu\/lv\/beztranseju-tehnologijas\/dytron-europe-caurulu-metinasana\/\",\"name\":\"DYTRON EUROPE \u2013 Cauru\u013cu metin\u0101\u0161ana - Vermeer Baltic\",\"isPartOf\":{\"@id\":\"https:\/\/vermeerbaltic.eu\/lv\/#website\"},\"primaryImageOfPage\":{\"@id\":\"https:\/\/vermeerbaltic.eu\/lv\/beztranseju-tehnologijas\/dytron-europe-caurulu-metinasana\/#primaryimage\"},\"image\":{\"@id\":\"https:\/\/vermeerbaltic.eu\/lv\/beztranseju-tehnologijas\/dytron-europe-caurulu-metinasana\/#primaryimage\"},\"thumbnailUrl\":\"https:\/\/vermeerbaltic.eu\/wp-content\/uploads\/2023\/05\/sth-twplus-large.jpg\",\"datePublished\":\"2023-07-03T10:02:49+00:00\",\"dateModified\":\"2023-07-03T12:15:58+00:00\",\"breadcrumb\":{\"@id\":\"https:\/\/vermeerbaltic.eu\/lv\/beztranseju-tehnologijas\/dytron-europe-caurulu-metinasana\/#breadcrumb\"},\"inLanguage\":\"lv-LV\",\"potentialAction\":[{\"@type\":\"ReadAction\",\"target\":[\"https:\/\/vermeerbaltic.eu\/lv\/beztranseju-tehnologijas\/dytron-europe-caurulu-metinasana\/\"]}]},{\"@type\":\"ImageObject\",\"inLanguage\":\"lv-LV\",\"@id\":\"https:\/\/vermeerbaltic.eu\/lv\/beztranseju-tehnologijas\/dytron-europe-caurulu-metinasana\/#primaryimage\",\"url\":\"https:\/\/vermeerbaltic.eu\/wp-content\/uploads\/2023\/05\/sth-twplus-large.jpg\",\"contentUrl\":\"https:\/\/vermeerbaltic.eu\/wp-content\/uploads\/2023\/05\/sth-twplus-large.jpg\"},{\"@type\":\"BreadcrumbList\",\"@id\":\"https:\/\/vermeerbaltic.eu\/lv\/beztranseju-tehnologijas\/dytron-europe-caurulu-metinasana\/#breadcrumb\",\"itemListElement\":[{\"@type\":\"ListItem\",\"position\":1,\"name\":\"Home\",\"item\":\"https:\/\/vermeerbaltic.eu\/lv\/\"},{\"@type\":\"ListItem\",\"position\":2,\"name\":\"Beztran\u0161eju tehnolo\u0123ijas\",\"item\":\"https:\/\/vermeerbaltic.eu\/lv\/beztranseju-tehnologijas\/\"},{\"@type\":\"ListItem\",\"position\":3,\"name\":\"DYTRON EUROPE \u2013 Cauru\u013cu metin\u0101\u0161ana\"}]},{\"@type\":\"WebSite\",\"@id\":\"https:\/\/vermeerbaltic.eu\/lv\/#website\",\"url\":\"https:\/\/vermeerbaltic.eu\/lv\/\",\"name\":\"Vermeer Baltic\",\"description\":\"\",\"publisher\":{\"@id\":\"https:\/\/vermeerbaltic.eu\/lv\/#organization\"},\"potentialAction\":[{\"@type\":\"SearchAction\",\"target\":{\"@type\":\"EntryPoint\",\"urlTemplate\":\"https:\/\/vermeerbaltic.eu\/lv\/?s={search_term_string}\"},\"query-input\":{\"@type\":\"PropertyValueSpecification\",\"valueRequired\":true,\"valueName\":\"search_term_string\"}}],\"inLanguage\":\"lv-LV\"},{\"@type\":\"Organization\",\"@id\":\"https:\/\/vermeerbaltic.eu\/lv\/#organization\",\"name\":\"Vermeer Baltic O\u00dc\",\"url\":\"https:\/\/vermeerbaltic.eu\/lv\/\",\"logo\":{\"@type\":\"ImageObject\",\"inLanguage\":\"lv-LV\",\"@id\":\"https:\/\/vermeerbaltic.eu\/lv\/#\/schema\/logo\/image\/\",\"url\":\"https:\/\/vermeerbaltic.eu\/wp-content\/uploads\/2023\/04\/DealerLogo_Baltics_4lr.png\",\"contentUrl\":\"https:\/\/vermeerbaltic.eu\/wp-content\/uploads\/2023\/04\/DealerLogo_Baltics_4lr.png\",\"width\":1054,\"height\":267,\"caption\":\"Vermeer Baltic O\u00dc\"},\"image\":{\"@id\":\"https:\/\/vermeerbaltic.eu\/lv\/#\/schema\/logo\/image\/\"}}]}<\/script>\n<!-- \/ Yoast SEO plugin. -->","yoast_head_json":{"title":"DYTRON EUROPE \u2013 Cauru\u013cu metin\u0101\u0161ana - Vermeer Baltic","robots":{"index":"index","follow":"follow","max-snippet":"max-snippet:-1","max-image-preview":"max-image-preview:large","max-video-preview":"max-video-preview:-1"},"canonical":"https:\/\/vermeerbaltic.eu\/lv\/beztranseju-tehnologijas\/dytron-europe-caurulu-metinasana\/","og_locale":"lv_LV","og_type":"article","og_title":"DYTRON EUROPE \u2013 Cauru\u013cu metin\u0101\u0161ana - Vermeer Baltic","og_description":"Atpaka\u013c uz p\u0101rskatu DYTRON EUROPE \u2013 Cauru\u013cu metin\u0101\u0161ana Firma DYTRON EUROPE pieder pie liel\u0101kajiem Eiropas plastmasas metin\u0101\u0161anas iek\u0101rtu ra\u017eot\u0101jiem. T\u0101 ie\u0146em vado\u0161o vietu \u010cehijas tirg\u016b k\u0101 liel\u0101kais specializ\u0113tais \u0161\u012bs produkcijas ra\u017eot\u0101js un veiksm\u012bgi p\u0101rst\u0101v savu produkciju \u0101rzemju tirgos. DYTRON EUROPE galveno uzman\u012bbu piev\u0113r\u0161 savu izstr\u0101d\u0101jumu kvalit\u0101tei un t\u0101s t\u0101l\u0101kai pilnveido\u0161anai, k\u0101 ar\u012b jaunu produktu izstr\u0101dei. [&hellip;]","og_url":"https:\/\/vermeerbaltic.eu\/lv\/beztranseju-tehnologijas\/dytron-europe-caurulu-metinasana\/","og_site_name":"Vermeer Baltic","article_modified_time":"2023-07-03T12:15:58+00:00","og_image":[{"url":"https:\/\/vermeerbaltic.eu\/wp-content\/uploads\/2023\/05\/sth-twplus-large.jpg","type":"","width":"","height":""}],"twitter_card":"summary_large_image","schema":{"@context":"https:\/\/schema.org","@graph":[{"@type":"WebPage","@id":"https:\/\/vermeerbaltic.eu\/lv\/beztranseju-tehnologijas\/dytron-europe-caurulu-metinasana\/","url":"https:\/\/vermeerbaltic.eu\/lv\/beztranseju-tehnologijas\/dytron-europe-caurulu-metinasana\/","name":"DYTRON EUROPE \u2013 Cauru\u013cu metin\u0101\u0161ana - Vermeer Baltic","isPartOf":{"@id":"https:\/\/vermeerbaltic.eu\/lv\/#website"},"primaryImageOfPage":{"@id":"https:\/\/vermeerbaltic.eu\/lv\/beztranseju-tehnologijas\/dytron-europe-caurulu-metinasana\/#primaryimage"},"image":{"@id":"https:\/\/vermeerbaltic.eu\/lv\/beztranseju-tehnologijas\/dytron-europe-caurulu-metinasana\/#primaryimage"},"thumbnailUrl":"https:\/\/vermeerbaltic.eu\/wp-content\/uploads\/2023\/05\/sth-twplus-large.jpg","datePublished":"2023-07-03T10:02:49+00:00","dateModified":"2023-07-03T12:15:58+00:00","breadcrumb":{"@id":"https:\/\/vermeerbaltic.eu\/lv\/beztranseju-tehnologijas\/dytron-europe-caurulu-metinasana\/#breadcrumb"},"inLanguage":"lv-LV","potentialAction":[{"@type":"ReadAction","target":["https:\/\/vermeerbaltic.eu\/lv\/beztranseju-tehnologijas\/dytron-europe-caurulu-metinasana\/"]}]},{"@type":"ImageObject","inLanguage":"lv-LV","@id":"https:\/\/vermeerbaltic.eu\/lv\/beztranseju-tehnologijas\/dytron-europe-caurulu-metinasana\/#primaryimage","url":"https:\/\/vermeerbaltic.eu\/wp-content\/uploads\/2023\/05\/sth-twplus-large.jpg","contentUrl":"https:\/\/vermeerbaltic.eu\/wp-content\/uploads\/2023\/05\/sth-twplus-large.jpg"},{"@type":"BreadcrumbList","@id":"https:\/\/vermeerbaltic.eu\/lv\/beztranseju-tehnologijas\/dytron-europe-caurulu-metinasana\/#breadcrumb","itemListElement":[{"@type":"ListItem","position":1,"name":"Home","item":"https:\/\/vermeerbaltic.eu\/lv\/"},{"@type":"ListItem","position":2,"name":"Beztran\u0161eju tehnolo\u0123ijas","item":"https:\/\/vermeerbaltic.eu\/lv\/beztranseju-tehnologijas\/"},{"@type":"ListItem","position":3,"name":"DYTRON EUROPE \u2013 Cauru\u013cu metin\u0101\u0161ana"}]},{"@type":"WebSite","@id":"https:\/\/vermeerbaltic.eu\/lv\/#website","url":"https:\/\/vermeerbaltic.eu\/lv\/","name":"Vermeer Baltic","description":"","publisher":{"@id":"https:\/\/vermeerbaltic.eu\/lv\/#organization"},"potentialAction":[{"@type":"SearchAction","target":{"@type":"EntryPoint","urlTemplate":"https:\/\/vermeerbaltic.eu\/lv\/?s={search_term_string}"},"query-input":{"@type":"PropertyValueSpecification","valueRequired":true,"valueName":"search_term_string"}}],"inLanguage":"lv-LV"},{"@type":"Organization","@id":"https:\/\/vermeerbaltic.eu\/lv\/#organization","name":"Vermeer Baltic O\u00dc","url":"https:\/\/vermeerbaltic.eu\/lv\/","logo":{"@type":"ImageObject","inLanguage":"lv-LV","@id":"https:\/\/vermeerbaltic.eu\/lv\/#\/schema\/logo\/image\/","url":"https:\/\/vermeerbaltic.eu\/wp-content\/uploads\/2023\/04\/DealerLogo_Baltics_4lr.png","contentUrl":"https:\/\/vermeerbaltic.eu\/wp-content\/uploads\/2023\/04\/DealerLogo_Baltics_4lr.png","width":1054,"height":267,"caption":"Vermeer Baltic O\u00dc"},"image":{"@id":"https:\/\/vermeerbaltic.eu\/lv\/#\/schema\/logo\/image\/"}}]}},"_links":{"self":[{"href":"https:\/\/vermeerbaltic.eu\/lv\/wp-json\/wp\/v2\/pages\/1700","targetHints":{"allow":["GET"]}}],"collection":[{"href":"https:\/\/vermeerbaltic.eu\/lv\/wp-json\/wp\/v2\/pages"}],"about":[{"href":"https:\/\/vermeerbaltic.eu\/lv\/wp-json\/wp\/v2\/types\/page"}],"author":[{"embeddable":true,"href":"https:\/\/vermeerbaltic.eu\/lv\/wp-json\/wp\/v2\/users\/1"}],"replies":[{"embeddable":true,"href":"https:\/\/vermeerbaltic.eu\/lv\/wp-json\/wp\/v2\/comments?post=1700"}],"version-history":[{"count":1,"href":"https:\/\/vermeerbaltic.eu\/lv\/wp-json\/wp\/v2\/pages\/1700\/revisions"}],"predecessor-version":[{"id":1701,"href":"https:\/\/vermeerbaltic.eu\/lv\/wp-json\/wp\/v2\/pages\/1700\/revisions\/1701"}],"up":[{"embeddable":true,"href":"https:\/\/vermeerbaltic.eu\/lv\/wp-json\/wp\/v2\/pages\/1217"}],"wp:attachment":[{"href":"https:\/\/vermeerbaltic.eu\/lv\/wp-json\/wp\/v2\/media?parent=1700"}],"curies":[{"name":"wp","href":"https:\/\/api.w.org\/{rel}","templated":true}]}}