{"id":1706,"date":"2023-07-03T12:00:55","date_gmt":"2023-07-03T10:00:55","guid":{"rendered":"https:\/\/vermeerbaltic.eu\/beztranseju-tehnologijas\/beztranseju-tehnologijas-instrumentu\/"},"modified":"2023-07-03T12:17:18","modified_gmt":"2023-07-03T12:17:18","slug":"beztranseju-tehnologijas-instrumentu","status":"publish","type":"page","link":"https:\/\/vermeerbaltic.eu\/lv\/beztranseju-tehnologijas\/beztranseju-tehnologijas-instrumentu\/","title":{"rendered":"Beztran\u0161eju tehnolo\u0123ijas instrumentu"},"content":{"rendered":"\t\t<div data-elementor-type=\"wp-page\" data-elementor-id=\"1706\" class=\"elementor elementor-1706 elementor-1658\" data-elementor-post-type=\"page\">\n\t\t\t\t<div class=\"elementor-element elementor-element-684b1fc e-flex e-con-boxed e-con e-parent\" data-id=\"684b1fc\" data-element_type=\"container\" data-e-type=\"container\" data-settings=\"{&quot;background_background&quot;:&quot;classic&quot;}\">\n\t\t\t\t\t<div class=\"e-con-inner\">\n\t\t\t\t<div class=\"elementor-element elementor-element-6b7be4b elementor-invisible elementor-widget elementor-widget-button\" data-id=\"6b7be4b\" data-element_type=\"widget\" data-e-type=\"widget\" data-settings=\"{&quot;_animation&quot;:&quot;fadeInUp&quot;,&quot;_animation_delay&quot;:100}\" data-widget_type=\"button.default\">\n\t\t\t\t<div class=\"elementor-widget-container\">\n\t\t\t\t\t\t\t\t\t<div class=\"elementor-button-wrapper\">\n\t\t\t\t\t<a class=\"elementor-button elementor-button-link elementor-size-md\" href=\"https:\/\/vermeerbaltic.eu\/lv\/beztranseju-tehnologijas\/\">\n\t\t\t\t\t\t<span class=\"elementor-button-content-wrapper\">\n\t\t\t\t\t\t\t\t\t<span class=\"elementor-button-text\">Atpaka\u013c uz p\u0101rskatu<\/span>\n\t\t\t\t\t<\/span>\n\t\t\t\t\t<\/a>\n\t\t\t\t<\/div>\n\t\t\t\t\t\t\t\t<\/div>\n\t\t\t\t<\/div>\n\t\t\t\t\t<\/div>\n\t\t\t\t<\/div>\n\t\t<div class=\"elementor-element elementor-element-e026f1a e-flex e-con-boxed e-con e-parent\" data-id=\"e026f1a\" data-element_type=\"container\" data-e-type=\"container\" data-settings=\"{&quot;background_background&quot;:&quot;classic&quot;}\">\n\t\t\t\t\t<div class=\"e-con-inner\">\n\t\t<div class=\"elementor-element elementor-element-4f28083 e-con-full e-transform e-flex e-con e-parent\" data-id=\"4f28083\" data-element_type=\"container\" data-e-type=\"container\" data-settings=\"{&quot;_transform_skewX_effect&quot;:{&quot;unit&quot;:&quot;px&quot;,&quot;size&quot;:-25,&quot;sizes&quot;:[]},&quot;background_background&quot;:&quot;classic&quot;,&quot;_transform_skewX_effect_tablet&quot;:{&quot;unit&quot;:&quot;deg&quot;,&quot;size&quot;:&quot;&quot;,&quot;sizes&quot;:[]},&quot;_transform_skewX_effect_mobile&quot;:{&quot;unit&quot;:&quot;deg&quot;,&quot;size&quot;:&quot;&quot;,&quot;sizes&quot;:[]},&quot;_transform_skewY_effect&quot;:{&quot;unit&quot;:&quot;px&quot;,&quot;size&quot;:&quot;&quot;,&quot;sizes&quot;:[]},&quot;_transform_skewY_effect_tablet&quot;:{&quot;unit&quot;:&quot;deg&quot;,&quot;size&quot;:&quot;&quot;,&quot;sizes&quot;:[]},&quot;_transform_skewY_effect_mobile&quot;:{&quot;unit&quot;:&quot;deg&quot;,&quot;size&quot;:&quot;&quot;,&quot;sizes&quot;:[]}}\">\n\t\t\t\t<div class=\"elementor-element elementor-element-aba4e40 e-transform elementor-widget elementor-widget-image\" data-id=\"aba4e40\" data-element_type=\"widget\" data-e-type=\"widget\" data-settings=\"{&quot;_transform_skewX_effect&quot;:{&quot;unit&quot;:&quot;px&quot;,&quot;size&quot;:25,&quot;sizes&quot;:[]},&quot;_transform_skewX_effect_tablet&quot;:{&quot;unit&quot;:&quot;deg&quot;,&quot;size&quot;:&quot;&quot;,&quot;sizes&quot;:[]},&quot;_transform_skewX_effect_mobile&quot;:{&quot;unit&quot;:&quot;deg&quot;,&quot;size&quot;:&quot;&quot;,&quot;sizes&quot;:[]},&quot;_transform_skewY_effect&quot;:{&quot;unit&quot;:&quot;px&quot;,&quot;size&quot;:&quot;&quot;,&quot;sizes&quot;:[]},&quot;_transform_skewY_effect_tablet&quot;:{&quot;unit&quot;:&quot;deg&quot;,&quot;size&quot;:&quot;&quot;,&quot;sizes&quot;:[]},&quot;_transform_skewY_effect_mobile&quot;:{&quot;unit&quot;:&quot;deg&quot;,&quot;size&quot;:&quot;&quot;,&quot;sizes&quot;:[]}}\" data-widget_type=\"image.default\">\n\t\t\t\t<div class=\"elementor-widget-container\">\n\t\t\t\t\t\t\t\t\t\t\t\t\t\t\t<img fetchpriority=\"high\" decoding=\"async\" width=\"775\" height=\"92\" src=\"https:\/\/vermeerbaltic.eu\/wp-content\/uploads\/2023\/05\/0001457.png\" class=\"attachment-large size-large wp-image-1015\" alt=\"\" srcset=\"https:\/\/vermeerbaltic.eu\/wp-content\/uploads\/2023\/05\/0001457.png 775w, https:\/\/vermeerbaltic.eu\/wp-content\/uploads\/2023\/05\/0001457-300x36.png 300w, https:\/\/vermeerbaltic.eu\/wp-content\/uploads\/2023\/05\/0001457-768x91.png 768w\" sizes=\"(max-width: 775px) 100vw, 775px\" \/>\t\t\t\t\t\t\t\t\t\t\t\t\t\t\t<\/div>\n\t\t\t\t<\/div>\n\t\t\t\t<\/div>\n\t\t<div class=\"elementor-element elementor-element-aa835c9 e-con-full e-flex e-con e-parent\" data-id=\"aa835c9\" data-element_type=\"container\" data-e-type=\"container\" data-settings=\"{&quot;background_background&quot;:&quot;classic&quot;}\">\n\t\t<div class=\"elementor-element elementor-element-39b1107 e-con-full e-flex e-con e-parent\" data-id=\"39b1107\" data-element_type=\"container\" data-e-type=\"container\" data-settings=\"{&quot;background_background&quot;:&quot;classic&quot;}\">\n\t\t\t\t<div class=\"elementor-element elementor-element-2f84137 model elementor-widget elementor-widget-heading\" data-id=\"2f84137\" data-element_type=\"widget\" data-e-type=\"widget\" data-widget_type=\"heading.default\">\n\t\t\t\t<div class=\"elementor-widget-container\">\n\t\t\t\t\t<h2 class=\"elementor-heading-title elementor-size-default\">Beztran\u0161eju tehnolo\u0123ijas instrumentu<\/h2>\t\t\t\t<\/div>\n\t\t\t\t<\/div>\n\t\t\t\t<div class=\"elementor-element elementor-element-26aa326 elementor-widget elementor-widget-text-editor\" data-id=\"26aa326\" data-element_type=\"widget\" data-e-type=\"widget\" data-widget_type=\"text-editor.default\">\n\t\t\t\t<div class=\"elementor-widget-container\">\n\t\t\t\t\t\t\t\t\t<p>Jau no pa\u0161as savas darb\u012bbas s\u0101kuma Vermeer ir jaunievedumu l\u012bderis horizont\u0101li virz\u012btas urb\u0161anas jom\u0101. Balstoties uz \u0161o trad\u012bciju, m\u0113s esam lepni un priec\u012bgi p\u0101rst\u0101v\u0113t BORESTORE.EU \u2013 pilnv\u0113rt\u012bgu produkcijas (Beztran\u0161eju tehnolo\u0123ijas instrumentu un aksesu\u0101ru) tie\u0161saistes veikalu, kas pieejams visiem Eiropas Savien\u012bbas un NVS valstu lietot\u0101jiem.<\/p>\n\t\t\t\t\t\t\t\t<\/div>\n\t\t\t\t<\/div>\n\t\t\t\t<div class=\"elementor-element elementor-element-0c9f2e0 elementor-invisible elementor-widget elementor-widget-button\" data-id=\"0c9f2e0\" data-element_type=\"widget\" data-e-type=\"widget\" data-settings=\"{&quot;_animation&quot;:&quot;fadeInUp&quot;,&quot;_animation_delay&quot;:600}\" data-widget_type=\"button.default\">\n\t\t\t\t<div class=\"elementor-widget-container\">\n\t\t\t\t\t\t\t\t\t<div class=\"elementor-button-wrapper\">\n\t\t\t\t\t<a class=\"elementor-button elementor-button-link elementor-size-md\" href=\"http:\/\/www.borestore.eu\/\" target=\"_blank\">\n\t\t\t\t\t\t<span class=\"elementor-button-content-wrapper\">\n\t\t\t\t\t\t\t\t\t<span class=\"elementor-button-text\">P\u0101riet uz veikalu<\/span>\n\t\t\t\t\t<\/span>\n\t\t\t\t\t<\/a>\n\t\t\t\t<\/div>\n\t\t\t\t\t\t\t\t<\/div>\n\t\t\t\t<\/div>\n\t\t\t\t<\/div>\n\t\t\t\t<\/div>\n\t\t\t\t\t<\/div>\n\t\t\t\t<\/div>\n\t\t\t\t<\/div>\n\t\t","protected":false},"excerpt":{"rendered":"<p>Atpaka\u013c uz p\u0101rskatu Beztran\u0161eju tehnolo\u0123ijas instrumentu Jau no pa\u0161as savas darb\u012bbas s\u0101kuma Vermeer ir jaunievedumu l\u012bderis horizont\u0101li virz\u012btas urb\u0161anas jom\u0101. Balstoties uz \u0161o trad\u012bciju, m\u0113s esam lepni un priec\u012bgi p\u0101rst\u0101v\u0113t BORESTORE.EU \u2013 pilnv\u0113rt\u012bgu produkcijas (Beztran\u0161eju tehnolo\u0123ijas instrumentu un aksesu\u0101ru) tie\u0161saistes veikalu, kas pieejams visiem Eiropas Savien\u012bbas un NVS valstu lietot\u0101jiem. P\u0101riet uz veikalu<\/p>\n","protected":false},"author":1,"featured_media":0,"parent":1217,"menu_order":0,"comment_status":"closed","ping_status":"closed","template":"elementor_header_footer","meta":{"_acf_changed":false,"inline_featured_image":false,"footnotes":""},"class_list":["post-1706","page","type-page","status-publish","hentry"],"acf":[],"yoast_head":"<!-- This site is optimized with the Yoast SEO plugin v27.4 - https:\/\/yoast.com\/product\/yoast-seo-wordpress\/ -->\n<title>Beztran\u0161eju tehnolo\u0123ijas instrumentu - Vermeer Baltic<\/title>\n<meta name=\"robots\" content=\"index, follow, max-snippet:-1, max-image-preview:large, max-video-preview:-1\" \/>\n<link rel=\"canonical\" href=\"https:\/\/vermeerbaltic.eu\/lv\/beztranseju-tehnologijas\/beztranseju-tehnologijas-instrumentu\/\" \/>\n<meta property=\"og:locale\" content=\"lv_LV\" \/>\n<meta property=\"og:type\" content=\"article\" \/>\n<meta property=\"og:title\" content=\"Beztran\u0161eju tehnolo\u0123ijas instrumentu - Vermeer Baltic\" \/>\n<meta property=\"og:description\" content=\"Atpaka\u013c uz p\u0101rskatu Beztran\u0161eju tehnolo\u0123ijas instrumentu Jau no pa\u0161as savas darb\u012bbas s\u0101kuma Vermeer ir jaunievedumu l\u012bderis horizont\u0101li virz\u012btas urb\u0161anas jom\u0101. Balstoties uz \u0161o trad\u012bciju, m\u0113s esam lepni un priec\u012bgi p\u0101rst\u0101v\u0113t BORESTORE.EU \u2013 pilnv\u0113rt\u012bgu produkcijas (Beztran\u0161eju tehnolo\u0123ijas instrumentu un aksesu\u0101ru) tie\u0161saistes veikalu, kas pieejams visiem Eiropas Savien\u012bbas un NVS valstu lietot\u0101jiem. P\u0101riet uz veikalu\" \/>\n<meta property=\"og:url\" content=\"https:\/\/vermeerbaltic.eu\/lv\/beztranseju-tehnologijas\/beztranseju-tehnologijas-instrumentu\/\" \/>\n<meta property=\"og:site_name\" content=\"Vermeer Baltic\" \/>\n<meta property=\"article:modified_time\" content=\"2023-07-03T12:17:18+00:00\" \/>\n<meta property=\"og:image\" content=\"https:\/\/vermeerbaltic.eu\/wp-content\/uploads\/2023\/05\/0001457.png\" \/>\n<meta name=\"twitter:card\" content=\"summary_large_image\" \/>\n<script type=\"application\/ld+json\" class=\"yoast-schema-graph\">{\"@context\":\"https:\\\/\\\/schema.org\",\"@graph\":[{\"@type\":\"WebPage\",\"@id\":\"https:\\\/\\\/vermeerbaltic.eu\\\/lv\\\/beztranseju-tehnologijas\\\/beztranseju-tehnologijas-instrumentu\\\/\",\"url\":\"https:\\\/\\\/vermeerbaltic.eu\\\/lv\\\/beztranseju-tehnologijas\\\/beztranseju-tehnologijas-instrumentu\\\/\",\"name\":\"Beztran\u0161eju tehnolo\u0123ijas instrumentu - Vermeer Baltic\",\"isPartOf\":{\"@id\":\"https:\\\/\\\/vermeerbaltic.eu\\\/lv\\\/#website\"},\"primaryImageOfPage\":{\"@id\":\"https:\\\/\\\/vermeerbaltic.eu\\\/lv\\\/beztranseju-tehnologijas\\\/beztranseju-tehnologijas-instrumentu\\\/#primaryimage\"},\"image\":{\"@id\":\"https:\\\/\\\/vermeerbaltic.eu\\\/lv\\\/beztranseju-tehnologijas\\\/beztranseju-tehnologijas-instrumentu\\\/#primaryimage\"},\"thumbnailUrl\":\"https:\\\/\\\/vermeerbaltic.eu\\\/wp-content\\\/uploads\\\/2023\\\/05\\\/0001457.png\",\"datePublished\":\"2023-07-03T10:00:55+00:00\",\"dateModified\":\"2023-07-03T12:17:18+00:00\",\"breadcrumb\":{\"@id\":\"https:\\\/\\\/vermeerbaltic.eu\\\/lv\\\/beztranseju-tehnologijas\\\/beztranseju-tehnologijas-instrumentu\\\/#breadcrumb\"},\"inLanguage\":\"lv-LV\",\"potentialAction\":[{\"@type\":\"ReadAction\",\"target\":[\"https:\\\/\\\/vermeerbaltic.eu\\\/lv\\\/beztranseju-tehnologijas\\\/beztranseju-tehnologijas-instrumentu\\\/\"]}]},{\"@type\":\"ImageObject\",\"inLanguage\":\"lv-LV\",\"@id\":\"https:\\\/\\\/vermeerbaltic.eu\\\/lv\\\/beztranseju-tehnologijas\\\/beztranseju-tehnologijas-instrumentu\\\/#primaryimage\",\"url\":\"https:\\\/\\\/vermeerbaltic.eu\\\/wp-content\\\/uploads\\\/2023\\\/05\\\/0001457.png\",\"contentUrl\":\"https:\\\/\\\/vermeerbaltic.eu\\\/wp-content\\\/uploads\\\/2023\\\/05\\\/0001457.png\"},{\"@type\":\"BreadcrumbList\",\"@id\":\"https:\\\/\\\/vermeerbaltic.eu\\\/lv\\\/beztranseju-tehnologijas\\\/beztranseju-tehnologijas-instrumentu\\\/#breadcrumb\",\"itemListElement\":[{\"@type\":\"ListItem\",\"position\":1,\"name\":\"Home\",\"item\":\"https:\\\/\\\/vermeerbaltic.eu\\\/lv\\\/\"},{\"@type\":\"ListItem\",\"position\":2,\"name\":\"Beztran\u0161eju tehnolo\u0123ijas\",\"item\":\"https:\\\/\\\/vermeerbaltic.eu\\\/lv\\\/beztranseju-tehnologijas\\\/\"},{\"@type\":\"ListItem\",\"position\":3,\"name\":\"Beztran\u0161eju tehnolo\u0123ijas instrumentu\"}]},{\"@type\":\"WebSite\",\"@id\":\"https:\\\/\\\/vermeerbaltic.eu\\\/lv\\\/#website\",\"url\":\"https:\\\/\\\/vermeerbaltic.eu\\\/lv\\\/\",\"name\":\"Vermeer Baltic\",\"description\":\"\",\"publisher\":{\"@id\":\"https:\\\/\\\/vermeerbaltic.eu\\\/lv\\\/#organization\"},\"potentialAction\":[{\"@type\":\"SearchAction\",\"target\":{\"@type\":\"EntryPoint\",\"urlTemplate\":\"https:\\\/\\\/vermeerbaltic.eu\\\/lv\\\/?s={search_term_string}\"},\"query-input\":{\"@type\":\"PropertyValueSpecification\",\"valueRequired\":true,\"valueName\":\"search_term_string\"}}],\"inLanguage\":\"lv-LV\"},{\"@type\":\"Organization\",\"@id\":\"https:\\\/\\\/vermeerbaltic.eu\\\/lv\\\/#organization\",\"name\":\"Vermeer Baltic O\u00dc\",\"url\":\"https:\\\/\\\/vermeerbaltic.eu\\\/lv\\\/\",\"logo\":{\"@type\":\"ImageObject\",\"inLanguage\":\"lv-LV\",\"@id\":\"https:\\\/\\\/vermeerbaltic.eu\\\/lv\\\/#\\\/schema\\\/logo\\\/image\\\/\",\"url\":\"https:\\\/\\\/vermeerbaltic.eu\\\/wp-content\\\/uploads\\\/2023\\\/04\\\/DealerLogo_Baltics_4lr.png\",\"contentUrl\":\"https:\\\/\\\/vermeerbaltic.eu\\\/wp-content\\\/uploads\\\/2023\\\/04\\\/DealerLogo_Baltics_4lr.png\",\"width\":1054,\"height\":267,\"caption\":\"Vermeer Baltic O\u00dc\"},\"image\":{\"@id\":\"https:\\\/\\\/vermeerbaltic.eu\\\/lv\\\/#\\\/schema\\\/logo\\\/image\\\/\"}}]}<\/script>\n<!-- \/ Yoast SEO plugin. -->","yoast_head_json":{"title":"Beztran\u0161eju tehnolo\u0123ijas instrumentu - Vermeer Baltic","robots":{"index":"index","follow":"follow","max-snippet":"max-snippet:-1","max-image-preview":"max-image-preview:large","max-video-preview":"max-video-preview:-1"},"canonical":"https:\/\/vermeerbaltic.eu\/lv\/beztranseju-tehnologijas\/beztranseju-tehnologijas-instrumentu\/","og_locale":"lv_LV","og_type":"article","og_title":"Beztran\u0161eju tehnolo\u0123ijas instrumentu - Vermeer Baltic","og_description":"Atpaka\u013c uz p\u0101rskatu Beztran\u0161eju tehnolo\u0123ijas instrumentu Jau no pa\u0161as savas darb\u012bbas s\u0101kuma Vermeer ir jaunievedumu l\u012bderis horizont\u0101li virz\u012btas urb\u0161anas jom\u0101. Balstoties uz \u0161o trad\u012bciju, m\u0113s esam lepni un priec\u012bgi p\u0101rst\u0101v\u0113t BORESTORE.EU \u2013 pilnv\u0113rt\u012bgu produkcijas (Beztran\u0161eju tehnolo\u0123ijas instrumentu un aksesu\u0101ru) tie\u0161saistes veikalu, kas pieejams visiem Eiropas Savien\u012bbas un NVS valstu lietot\u0101jiem. P\u0101riet uz veikalu","og_url":"https:\/\/vermeerbaltic.eu\/lv\/beztranseju-tehnologijas\/beztranseju-tehnologijas-instrumentu\/","og_site_name":"Vermeer Baltic","article_modified_time":"2023-07-03T12:17:18+00:00","og_image":[{"url":"https:\/\/vermeerbaltic.eu\/wp-content\/uploads\/2023\/05\/0001457.png","type":"","width":"","height":""}],"twitter_card":"summary_large_image","schema":{"@context":"https:\/\/schema.org","@graph":[{"@type":"WebPage","@id":"https:\/\/vermeerbaltic.eu\/lv\/beztranseju-tehnologijas\/beztranseju-tehnologijas-instrumentu\/","url":"https:\/\/vermeerbaltic.eu\/lv\/beztranseju-tehnologijas\/beztranseju-tehnologijas-instrumentu\/","name":"Beztran\u0161eju tehnolo\u0123ijas instrumentu - Vermeer Baltic","isPartOf":{"@id":"https:\/\/vermeerbaltic.eu\/lv\/#website"},"primaryImageOfPage":{"@id":"https:\/\/vermeerbaltic.eu\/lv\/beztranseju-tehnologijas\/beztranseju-tehnologijas-instrumentu\/#primaryimage"},"image":{"@id":"https:\/\/vermeerbaltic.eu\/lv\/beztranseju-tehnologijas\/beztranseju-tehnologijas-instrumentu\/#primaryimage"},"thumbnailUrl":"https:\/\/vermeerbaltic.eu\/wp-content\/uploads\/2023\/05\/0001457.png","datePublished":"2023-07-03T10:00:55+00:00","dateModified":"2023-07-03T12:17:18+00:00","breadcrumb":{"@id":"https:\/\/vermeerbaltic.eu\/lv\/beztranseju-tehnologijas\/beztranseju-tehnologijas-instrumentu\/#breadcrumb"},"inLanguage":"lv-LV","potentialAction":[{"@type":"ReadAction","target":["https:\/\/vermeerbaltic.eu\/lv\/beztranseju-tehnologijas\/beztranseju-tehnologijas-instrumentu\/"]}]},{"@type":"ImageObject","inLanguage":"lv-LV","@id":"https:\/\/vermeerbaltic.eu\/lv\/beztranseju-tehnologijas\/beztranseju-tehnologijas-instrumentu\/#primaryimage","url":"https:\/\/vermeerbaltic.eu\/wp-content\/uploads\/2023\/05\/0001457.png","contentUrl":"https:\/\/vermeerbaltic.eu\/wp-content\/uploads\/2023\/05\/0001457.png"},{"@type":"BreadcrumbList","@id":"https:\/\/vermeerbaltic.eu\/lv\/beztranseju-tehnologijas\/beztranseju-tehnologijas-instrumentu\/#breadcrumb","itemListElement":[{"@type":"ListItem","position":1,"name":"Home","item":"https:\/\/vermeerbaltic.eu\/lv\/"},{"@type":"ListItem","position":2,"name":"Beztran\u0161eju tehnolo\u0123ijas","item":"https:\/\/vermeerbaltic.eu\/lv\/beztranseju-tehnologijas\/"},{"@type":"ListItem","position":3,"name":"Beztran\u0161eju tehnolo\u0123ijas instrumentu"}]},{"@type":"WebSite","@id":"https:\/\/vermeerbaltic.eu\/lv\/#website","url":"https:\/\/vermeerbaltic.eu\/lv\/","name":"Vermeer Baltic","description":"","publisher":{"@id":"https:\/\/vermeerbaltic.eu\/lv\/#organization"},"potentialAction":[{"@type":"SearchAction","target":{"@type":"EntryPoint","urlTemplate":"https:\/\/vermeerbaltic.eu\/lv\/?s={search_term_string}"},"query-input":{"@type":"PropertyValueSpecification","valueRequired":true,"valueName":"search_term_string"}}],"inLanguage":"lv-LV"},{"@type":"Organization","@id":"https:\/\/vermeerbaltic.eu\/lv\/#organization","name":"Vermeer Baltic O\u00dc","url":"https:\/\/vermeerbaltic.eu\/lv\/","logo":{"@type":"ImageObject","inLanguage":"lv-LV","@id":"https:\/\/vermeerbaltic.eu\/lv\/#\/schema\/logo\/image\/","url":"https:\/\/vermeerbaltic.eu\/wp-content\/uploads\/2023\/04\/DealerLogo_Baltics_4lr.png","contentUrl":"https:\/\/vermeerbaltic.eu\/wp-content\/uploads\/2023\/04\/DealerLogo_Baltics_4lr.png","width":1054,"height":267,"caption":"Vermeer Baltic O\u00dc"},"image":{"@id":"https:\/\/vermeerbaltic.eu\/lv\/#\/schema\/logo\/image\/"}}]}},"_links":{"self":[{"href":"https:\/\/vermeerbaltic.eu\/lv\/wp-json\/wp\/v2\/pages\/1706","targetHints":{"allow":["GET"]}}],"collection":[{"href":"https:\/\/vermeerbaltic.eu\/lv\/wp-json\/wp\/v2\/pages"}],"about":[{"href":"https:\/\/vermeerbaltic.eu\/lv\/wp-json\/wp\/v2\/types\/page"}],"author":[{"embeddable":true,"href":"https:\/\/vermeerbaltic.eu\/lv\/wp-json\/wp\/v2\/users\/1"}],"replies":[{"embeddable":true,"href":"https:\/\/vermeerbaltic.eu\/lv\/wp-json\/wp\/v2\/comments?post=1706"}],"version-history":[{"count":1,"href":"https:\/\/vermeerbaltic.eu\/lv\/wp-json\/wp\/v2\/pages\/1706\/revisions"}],"predecessor-version":[{"id":1707,"href":"https:\/\/vermeerbaltic.eu\/lv\/wp-json\/wp\/v2\/pages\/1706\/revisions\/1707"}],"up":[{"embeddable":true,"href":"https:\/\/vermeerbaltic.eu\/lv\/wp-json\/wp\/v2\/pages\/1217"}],"wp:attachment":[{"href":"https:\/\/vermeerbaltic.eu\/lv\/wp-json\/wp\/v2\/media?parent=1706"}],"curies":[{"name":"wp","href":"https:\/\/api.w.org\/{rel}","templated":true}]}}